{"id":61553,"date":"2025-02-17T13:13:01","date_gmt":"2025-02-17T13:13:01","guid":{"rendered":"https:\/\/mexpo.pl?post_type=product&#038;p=61553"},"modified":"2025-02-17T14:50:25","modified_gmt":"2025-02-17T14:50:25","slug":"maytel-grand-multicom-2-4g-interphone-sans-fil-pour-lindustrie-la-construction-ou-les-services-speciaux","status":"publish","type":"product","link":"https:\/\/mexpo.eu\/fr\/produkt\/maytel-grand-multicom-2-4g-interphone-sans-fil-pour-lindustrie-la-construction-ou-les-services-speciaux\/","title":{"rendered":"Maytel Grand Multicom 2.4G &#8211; interphone sans fil pour l&#8217;industrie, la construction ou les services sp\u00e9ciaux"},"content":{"rendered":"<p><strong>Maytel Grand Multicom 2.4G<\/strong> est un syst\u00e8me de communication bidirectionnelle num\u00e9rique et sans fil qui r\u00e9pond aux normes IP67 pour l&#8217;industrie, les services en uniforme, la formation et les \u00e9v\u00e9nements sportifs. C&#8217;est un syst\u00e8me sans \u00e9quivalent dans sa cat\u00e9gorie. Il se caract\u00e9rise par une petite taille, un bo\u00eetier durable, un fonctionnement simple et une longue port\u00e9e.<\/p>\n<p>Caract\u00e9ristiques du Grand Multicom 2.4G:<br \/>\n&#8211; Communication bidirectionnelle en duplex int\u00e9gral jusqu&#8217;\u00e0 10 personnes sur un canal (9 + 1 PTT) et nombre illimit\u00e9 d&#8217;auditeurs.<br \/>\n&#8211; 40 canaux sur la bande de fr\u00e9quences 2,4 GHz exploitable sans licence au niveau mondial: les appareils peuvent \u00eatre utilis\u00e9s partout.<br \/>\n&#8211; Jusqu&#8217;\u00e0 500 m\u00e8tres de port\u00e9e de transmission en ligne de vue et la possibilit\u00e9 d&#8217;augmenter la port\u00e9e avec des antennes dip\u00f4les plus efficaces.<br \/>\n&#8211; Grand Multicom permet une augmentation suppl\u00e9mentaire de la port\u00e9e de transmission en utilisant des relais de signaux sp\u00e9ciaux.<br \/>\n&#8211; D\u00e9finition du code d&#8217;acc\u00e8s au canal avec un code PIN sp\u00e9cial.<br \/>\n&#8211; Grand Multicom 2.4G est livr\u00e9 avec un set \u00e9couteurs-micro HSB-01G, un c\u00e2ble micro USB, ainsi qu&#8217;un \u00e9tui portable.<\/p>\n<p>Applications:<br \/>\n&#8211; visites guid\u00e9es\/ communication dans un environnement bruyant (industrie)<br \/>\n&#8211; s\u00e9curit\u00e9 et protection des \u00e9v\u00e9nements, r\u00e9unions, p\u00e8lerinages, concerts<br \/>\n&#8211; coordination des services en uniforme \/ \u00e9quipes de secours<br \/>\n&#8211; service d&#8217;h\u00f4tels, de restaurants, de bateaux, de mus\u00e9es, d&#8217;attractions touristiques<br \/>\n&#8211; sport, entra\u00eenement sportif, arbitrage et bien d&#8217;autres<\/p>\n","protected":false},"excerpt":{"rendered":"<p>Maytel Grand Multicom 2.4G est un syst\u00e8me de communication bidirectionnelle num\u00e9rique et sans fil qui r\u00e9pond aux normes IP67 pour l&#8217;industrie, les services en uniforme, la formation et les \u00e9v\u00e9nements sportifs. C&#8217;est un syst\u00e8me sans \u00e9quivalent dans sa cat\u00e9gorie. Il se caract\u00e9rise par une petite taille, un bo\u00eetier durable, un fonctionnement simple et une longue port\u00e9e.<\/p>\n","protected":false},"featured_media":48782,"template":"","meta":{"_acf_changed":false},"product_brand":[],"product_cat":[5267,5180],"product_tag":[],"class_list":{"0":"post-61553","1":"product","2":"type-product","3":"status-publish","4":"has-post-thumbnail","6":"product_cat-intercoms-sans-fil","7":"product_cat-systemes-dinterphone","9":"first","10":"instock","11":"taxable","12":"shipping-taxable","13":"purchasable","14":"product-type-simple"},"acf":[],"_links":{"self":[{"href":"https:\/\/mexpo.eu\/fr\/wp-json\/wp\/v2\/product\/61553","targetHints":{"allow":["GET"]}}],"collection":[{"href":"https:\/\/mexpo.eu\/fr\/wp-json\/wp\/v2\/product"}],"about":[{"href":"https:\/\/mexpo.eu\/fr\/wp-json\/wp\/v2\/types\/product"}],"wp:featuredmedia":[{"embeddable":true,"href":"https:\/\/mexpo.eu\/fr\/wp-json\/wp\/v2\/media\/48782"}],"wp:attachment":[{"href":"https:\/\/mexpo.eu\/fr\/wp-json\/wp\/v2\/media?parent=61553"}],"wp:term":[{"taxonomy":"product_brand","embeddable":true,"href":"https:\/\/mexpo.eu\/fr\/wp-json\/wp\/v2\/product_brand?post=61553"},{"taxonomy":"product_cat","embeddable":true,"href":"https:\/\/mexpo.eu\/fr\/wp-json\/wp\/v2\/product_cat?post=61553"},{"taxonomy":"product_tag","embeddable":true,"href":"https:\/\/mexpo.eu\/fr\/wp-json\/wp\/v2\/product_tag?post=61553"}],"curies":[{"name":"wp","href":"https:\/\/api.w.org\/{rel}","templated":true}]}}