{"id":61516,"date":"2025-02-17T13:12:23","date_gmt":"2025-02-17T13:12:23","guid":{"rendered":"https:\/\/mexpo.pl?post_type=product&#038;p=61516"},"modified":"2025-02-17T14:49:56","modified_gmt":"2025-02-17T14:49:56","slug":"tbx2-2-x-dch-24u-sac-sac-a-dos-avec-2-chargeurs-pour-pellegrino-2","status":"publish","type":"product","link":"https:\/\/mexpo.eu\/fr\/produkt\/tbx2-2-x-dch-24u-sac-sac-a-dos-avec-2-chargeurs-pour-pellegrino-2\/","title":{"rendered":"TBX2 + 2 x DCH-24U &#8211; sac \/ sac \u00e0 dos avec 2 chargeurs pour Pellegrino 2"},"content":{"rendered":"<p>Gr\u00e2ce \u00e0 leur petite taille et \u00e0 leur poids r\u00e9duit, les 2 chargeurs DCH-24U entrent parfaitement dans le sac \/ sac \u00e0 dos TBX.<\/p>\n<p>TBX2 est un excellent moyen d&#8217;\u00e9conomiser de la force et de l&#8217;\u00e9nergie gr\u00e2ce \u00e0 la possibilit\u00e9 d&#8217;utiliser le sac comme sac \u00e0 dos et de porter le poids sur le dos. De plus, le mod\u00e8le dispose \u00e9galement d&#8217;une bandouli\u00e8re et de poches pour accessoires.<\/p>\n<p>L&#8217;ensemble comprend:<br \/>\n&#8211; 2 chargeurs DCH-24U avec des blocs d&#8217;alimentation<br \/>\n&#8211; Velcro industriel 3M pour monter les chargeurs dans le sac TBX<br \/>\n&#8211; sac\/sac \u00e0 dos TBX2 (\u00e9galement disponible dans d&#8217;autres couleurs &#8211; demander la disponibilit\u00e9)<\/p>\n","protected":false},"excerpt":{"rendered":"<p>De par leurs petites dimensions et leur poids, les 2 chargeurs DCH-24U s&#8217;int\u00e8grent parfaitement dans la sacoche TBX. TBX2 est un excellent moyen d&#8217;\u00e9conomiser de la force et de l&#8217;\u00e9nergie gr\u00e2ce \u00e0 la possibilit\u00e9 de transf\u00e9rer du poids de la main au dos. De plus, il poss\u00e8de \u00e9galement une bandouli\u00e8re et des poches pour les accessoires.<\/p>\n<p>&nbsp;<\/p>\n<p><a href=\"https:\/\/mguide.eu\/wp-content\/uploads\/2024\/08\/FR-Nano-Blitz-baner.png\"><img loading=\"lazy\" decoding=\"async\" class=\"alignnone size-full wp-image-45232\" src=\"https:\/\/mguide.eu\/wp-content\/uploads\/2024\/08\/FR-Nano-Blitz-baner.png\" alt=\"\" width=\"630\" height=\"120\" \/><\/a><\/p>\n","protected":false},"featured_media":48621,"template":"","meta":{"_acf_changed":false},"product_brand":[],"product_cat":[5177,5178],"product_tag":[],"class_list":{"0":"post-61516","1":"product","2":"type-product","3":"status-publish","4":"has-post-thumbnail","6":"product_cat-chargeurs","7":"product_cat-sacoches-et-valises-de-transport","9":"first","10":"instock","11":"taxable","12":"shipping-taxable","13":"purchasable","14":"product-type-simple"},"acf":[],"_links":{"self":[{"href":"https:\/\/mexpo.eu\/fr\/wp-json\/wp\/v2\/product\/61516","targetHints":{"allow":["GET"]}}],"collection":[{"href":"https:\/\/mexpo.eu\/fr\/wp-json\/wp\/v2\/product"}],"about":[{"href":"https:\/\/mexpo.eu\/fr\/wp-json\/wp\/v2\/types\/product"}],"wp:featuredmedia":[{"embeddable":true,"href":"https:\/\/mexpo.eu\/fr\/wp-json\/wp\/v2\/media\/48621"}],"wp:attachment":[{"href":"https:\/\/mexpo.eu\/fr\/wp-json\/wp\/v2\/media?parent=61516"}],"wp:term":[{"taxonomy":"product_brand","embeddable":true,"href":"https:\/\/mexpo.eu\/fr\/wp-json\/wp\/v2\/product_brand?post=61516"},{"taxonomy":"product_cat","embeddable":true,"href":"https:\/\/mexpo.eu\/fr\/wp-json\/wp\/v2\/product_cat?post=61516"},{"taxonomy":"product_tag","embeddable":true,"href":"https:\/\/mexpo.eu\/fr\/wp-json\/wp\/v2\/product_tag?post=61516"}],"curies":[{"name":"wp","href":"https:\/\/api.w.org\/{rel}","templated":true}]}}