{"id":61481,"date":"2025-02-17T13:12:05","date_gmt":"2025-02-17T12:12:05","guid":{"rendered":"https:\/\/mexpo.pl?post_type=product&#038;p=61481"},"modified":"2026-01-21T11:50:39","modified_gmt":"2026-01-21T10:50:39","slug":"coussinets-jetables-pour-oreillettes-mer-8-cm","status":"publish","type":"product","link":"https:\/\/mexpo.eu\/fr\/produkt\/coussinets-jetables-pour-oreillettes-mer-8-cm\/","title":{"rendered":"Coussinets jetables pour oreillettes, mer. 8 cm"},"content":{"rendered":"<p>Diam\u00e8tre 8 cm.<br \/>\nFait d&#8217;un mat\u00e9riau sp\u00e9cial non fibreux qui ne provoque pas d&#8217;irritation et de transpiration de l&#8217;oreille. Faciles \u00e0 mettre et \u00e0 quitter de l&#8217;oreillette.<br \/>\nProduit hygi\u00e9nique jetable.<br \/>\nLa forme la moins ch\u00e8re d&#8217;utilisation hygi\u00e9nique des \u00e9couteurs.<br \/>\nDisponible en noir et jaune.<\/p>\n","protected":false},"excerpt":{"rendered":"<p>Fabriqu\u00e9 \u00e0 partir d&#8217;un mat\u00e9riau sp\u00e9cial sans fibres qui ne provoque pas d&#8217;irritation des oreilles ni de transpiration. Facile \u00e0 mettre et \u00e0 retirer du combin\u00e9. Produit d&#8217;hygi\u00e8ne jetable. Le moyen le moins cher de garantir l\u2019hygi\u00e8ne lors de l\u2019utilisation d\u2019\u00e9couteurs. Disponible en noir et jaune.<\/p>\n","protected":false},"featured_media":48597,"template":"","meta":{"_acf_changed":false},"product_brand":[],"product_cat":[5184,5185],"product_tag":[],"class_list":{"0":"post-61481","1":"product","2":"type-product","3":"status-publish","4":"has-post-thumbnail","6":"product_cat-ecouteurs-reutilisables","7":"product_cat-hygiene-fr","9":"first","10":"instock","11":"taxable","12":"shipping-taxable","13":"purchasable","14":"product-type-variable"},"acf":[],"_links":{"self":[{"href":"https:\/\/mexpo.eu\/fr\/wp-json\/wp\/v2\/product\/61481","targetHints":{"allow":["GET"]}}],"collection":[{"href":"https:\/\/mexpo.eu\/fr\/wp-json\/wp\/v2\/product"}],"about":[{"href":"https:\/\/mexpo.eu\/fr\/wp-json\/wp\/v2\/types\/product"}],"wp:featuredmedia":[{"embeddable":true,"href":"https:\/\/mexpo.eu\/fr\/wp-json\/wp\/v2\/media\/48597"}],"wp:attachment":[{"href":"https:\/\/mexpo.eu\/fr\/wp-json\/wp\/v2\/media?parent=61481"}],"wp:term":[{"taxonomy":"product_brand","embeddable":true,"href":"https:\/\/mexpo.eu\/fr\/wp-json\/wp\/v2\/product_brand?post=61481"},{"taxonomy":"product_cat","embeddable":true,"href":"https:\/\/mexpo.eu\/fr\/wp-json\/wp\/v2\/product_cat?post=61481"},{"taxonomy":"product_tag","embeddable":true,"href":"https:\/\/mexpo.eu\/fr\/wp-json\/wp\/v2\/product_tag?post=61481"}],"curies":[{"name":"wp","href":"https:\/\/api.w.org\/{rel}","templated":true}]}}