{"id":61477,"date":"2025-02-17T13:09:17","date_gmt":"2025-02-17T13:09:17","guid":{"rendered":"https:\/\/mexpo.pl?post_type=product&#038;p=61477"},"modified":"2025-03-18T14:57:09","modified_gmt":"2025-03-18T14:57:09","slug":"sac-sac-a-dos-tbx-2","status":"publish","type":"product","link":"https:\/\/mexpo.eu\/fr\/produkt\/sac-sac-a-dos-tbx-2\/","title":{"rendered":"Sac\/Sac \u00e0 dos TBX-2"},"content":{"rendered":"<p>Sac renforc\u00e9 avec mousse de protection pour 77\/50\/49\/48\/45* appareils, con\u00e7u pour \u00eatre utilis\u00e9 par un guide dans une ville ou un mus\u00e9e comme bagage \u00e0 main.<\/p>\n<p>Le sac a une bandouli\u00e8re amovible et des sangles amovibles pour pouvoir l&#8217;utiliser comme sac \u00e0 dos, rang\u00e9s dans une poche sp\u00e9ciale avec fermeture \u00e9clair. Il a aussi deux poign\u00e9es pour le transporter verticalement ou horizontalement, la poign\u00e9e horizontale est double. TBX2 a 3 poches ext\u00e9rieures avec fermeture \u00e9clair : 2 petites \u00e0 l&#8217;avant pour les accessoires et une grande poche \u00e0 l&#8217;arri\u00e8re pour les documents ou les accessoires. \u00c0 l&#8217;int\u00e9rieur du compartiment principal se trouve une poche suppl\u00e9mentaire avec fermeture \u00e9clair.<\/p>\n<p>Il n\u2019est pas recommand\u00e9 de l\u2019envoyer par entreprise de messagerie ou comme bagage a\u00e9rien sans emballage ext\u00e9rieur.<\/p>\n<p>Dimensions (mm) 330 x 445 x 75<\/p>\n<p>* en fonction du syst\u00e8me choisi:<\/p>\n<ul>\n<li>mGuide Pellegrino \u2013 50 u<\/li>\n<li>mGuide Pellegrino 2 \u2013 48 u<\/li>\n<li>Okayo WT-350 \u2013 50 u<\/li>\n<li>Okayo WT-300D &#8211; 45 u<\/li>\n<li>Okayo WT-300G2 \u2013 45 u<\/li>\n<li>Okayo WaveTalk &#8211; 77 u<\/li>\n<li>Okayo OTG-102 &#8211; 49 u<\/li>\n<li>Okayo OTG-200 &#8211; 49 u<\/li>\n<li>Okayo WT-350D &#8211; 50 u<\/li>\n<\/ul>\n","protected":false},"excerpt":{"rendered":"<p>Le sac a une bandouli\u00e8re amovible et des sangles amovibles pour pouvoir l&#8217;utiliser comme sac \u00e0 dos, rang\u00e9s dans une poche sp\u00e9ciale avec fermeture \u00e9clair.<\/p>\n<p>&nbsp;<\/p>\n<p><a href=\"https:\/\/mguide.eu\/wp-content\/uploads\/2024\/08\/FR-Nano-Blitz-baner.png\"><img loading=\"lazy\" decoding=\"async\" class=\"alignnone size-full wp-image-45232\" src=\"https:\/\/mguide.eu\/wp-content\/uploads\/2024\/08\/FR-Nano-Blitz-baner.png\" alt=\"\" width=\"630\" height=\"120\" \/><\/a><\/p>\n","protected":false},"featured_media":64521,"template":"","meta":{"_acf_changed":false},"product_brand":[],"product_cat":[5178],"product_tag":[],"class_list":{"0":"post-61477","1":"product","2":"type-product","3":"status-publish","4":"has-post-thumbnail","6":"product_cat-sacoches-et-valises-de-transport","8":"first","9":"instock","10":"taxable","11":"shipping-taxable","12":"purchasable","13":"product-type-variable"},"acf":[],"_links":{"self":[{"href":"https:\/\/mexpo.eu\/fr\/wp-json\/wp\/v2\/product\/61477","targetHints":{"allow":["GET"]}}],"collection":[{"href":"https:\/\/mexpo.eu\/fr\/wp-json\/wp\/v2\/product"}],"about":[{"href":"https:\/\/mexpo.eu\/fr\/wp-json\/wp\/v2\/types\/product"}],"wp:featuredmedia":[{"embeddable":true,"href":"https:\/\/mexpo.eu\/fr\/wp-json\/wp\/v2\/media\/64521"}],"wp:attachment":[{"href":"https:\/\/mexpo.eu\/fr\/wp-json\/wp\/v2\/media?parent=61477"}],"wp:term":[{"taxonomy":"product_brand","embeddable":true,"href":"https:\/\/mexpo.eu\/fr\/wp-json\/wp\/v2\/product_brand?post=61477"},{"taxonomy":"product_cat","embeddable":true,"href":"https:\/\/mexpo.eu\/fr\/wp-json\/wp\/v2\/product_cat?post=61477"},{"taxonomy":"product_tag","embeddable":true,"href":"https:\/\/mexpo.eu\/fr\/wp-json\/wp\/v2\/product_tag?post=61477"}],"curies":[{"name":"wp","href":"https:\/\/api.w.org\/{rel}","templated":true}]}}