{"id":61460,"date":"2025-02-17T13:09:16","date_gmt":"2025-02-17T13:09:16","guid":{"rendered":"https:\/\/mexpo.pl?post_type=product&#038;p=61460"},"modified":"2025-03-19T12:14:26","modified_gmt":"2025-03-19T12:14:26","slug":"bac-stop-desinfection-durable-des-ecouteurs-et-recepteurs-de-tour-guide","status":"publish","type":"product","link":"https:\/\/mexpo.eu\/fr\/produkt\/bac-stop-desinfection-durable-des-ecouteurs-et-recepteurs-de-tour-guide\/","title":{"rendered":"Bac-stop &#8211;  D\u00e9sinfection durable des \u00e9couteurs et r\u00e9cepteurs de tour-guide"},"content":{"rendered":"<p>Bac-stop \u2013 D\u00e9sinfection durable des \u00e9couteurs et r\u00e9cepteurs de tour-guide \u2013 1% solution pr\u00eate \u00e0 l\u2019emploi.<\/p>\n<p>Les \u00e9couteurs ou r\u00e9cepteurs deviennent avec le temps un v\u00e9ritable foyer pour microbes, champignons, virus ou parasites. Respectez les r\u00e8gles d\u2019hygi\u00e8ne pour l\u2019\u00e9quipement de tour-guide et assurez ainsi la s\u00e9curit\u00e9 des touristes en utilisant des produits d\u00e9sinfectants appropri\u00e9s !<\/p>\n<p>La formule Bacoban appliqu\u00e9e pour le vaporisateur est efficace dans la lutte contre les bact\u00e9ries, champignons, virus (virus de l\u2019h\u00e9patite B et C, SIDA, virus de la grippe dont H5N1 et H1N1, rotavirus et ad\u00e9novirus).<br \/>\nProduit test\u00e9 suivant les exigences de la VAH (Association pour l\u2019Hygi\u00e8ne Appliqu\u00e9e).<\/p>\n<p>Composition du produit : 100 g de solution contient : chlorure de benzalkonium 0,26 g, pyrithione de sodium 0,025 g, polycondensates, compos\u00e9s aromatiques, eau purifi\u00e9e. Ne contient pas de formald\u00e9hydes ni ph\u00e9nol.<\/p>\n<p>Utilisation : Poser les \u00e9couteurs ou r\u00e9cepteurs \u00e0 plat sur une table. Pulv\u00e9riser le produit au-dessus du mat\u00e9riel \u00e0 distance de 20 cm environ. \u00c0 la fin frotter d\u00e9licatement le mat\u00e9riel avec un chiffon doux. Le produit cr\u00e9e une sorte de film invisible qui assure la protection de l\u2019\u00e9quipement jusqu\u2019\u00e0 10 jours.<\/p>\n","protected":false},"excerpt":{"rendered":"<p>Agent nettoyant Bac-Stop, d\u00e9sinfectant. D\u00e9sinfection longue dur\u00e9e des \u00e9couteurs et r\u00e9cepteurs des guides touristiques. Efficace contre : bact\u00e9ries, champignons, virus.<\/p>\n","protected":false},"featured_media":64556,"template":"","meta":{"_acf_changed":false},"product_brand":[],"product_cat":[5185],"product_tag":[],"class_list":{"0":"post-61460","1":"product","2":"type-product","3":"status-publish","4":"has-post-thumbnail","6":"product_cat-hygiene-fr","8":"first","9":"instock","10":"taxable","11":"shipping-taxable","12":"purchasable","13":"product-type-variable"},"acf":[],"_links":{"self":[{"href":"https:\/\/mexpo.eu\/fr\/wp-json\/wp\/v2\/product\/61460","targetHints":{"allow":["GET"]}}],"collection":[{"href":"https:\/\/mexpo.eu\/fr\/wp-json\/wp\/v2\/product"}],"about":[{"href":"https:\/\/mexpo.eu\/fr\/wp-json\/wp\/v2\/types\/product"}],"wp:featuredmedia":[{"embeddable":true,"href":"https:\/\/mexpo.eu\/fr\/wp-json\/wp\/v2\/media\/64556"}],"wp:attachment":[{"href":"https:\/\/mexpo.eu\/fr\/wp-json\/wp\/v2\/media?parent=61460"}],"wp:term":[{"taxonomy":"product_brand","embeddable":true,"href":"https:\/\/mexpo.eu\/fr\/wp-json\/wp\/v2\/product_brand?post=61460"},{"taxonomy":"product_cat","embeddable":true,"href":"https:\/\/mexpo.eu\/fr\/wp-json\/wp\/v2\/product_cat?post=61460"},{"taxonomy":"product_tag","embeddable":true,"href":"https:\/\/mexpo.eu\/fr\/wp-json\/wp\/v2\/product_tag?post=61460"}],"curies":[{"name":"wp","href":"https:\/\/api.w.org\/{rel}","templated":true}]}}