{"id":61302,"date":"2025-02-17T13:09:15","date_gmt":"2025-02-17T12:09:15","guid":{"rendered":"https:\/\/mexpo.pl?post_type=product&#038;p=61302"},"modified":"2026-04-02T14:18:50","modified_gmt":"2026-04-02T12:18:50","slug":"ecouteurs-jetables-sj-2","status":"publish","type":"product","link":"https:\/\/mexpo.eu\/fr\/produkt\/ecouteurs-jetables-sj-2\/","title":{"rendered":"\u00c9couteurs jetables SJ-2"},"content":{"rendered":"<p><img loading=\"lazy\" decoding=\"async\" class=\"alignnone size-full wp-image-68522\" src=\"https:\/\/mexpo.eu\/wp-content\/uploads\/2025\/02\/ikona-rohs.png\" alt=\"\" width=\"32\" height=\"32\" \/> Conforme \u00e0 la norme RoHS \u2013 fabriqu\u00e9 sans substances nocives. Votre sant\u00e9 et la plan\u00e8te nous tiennent \u00e0 c\u0153ur !<\/p>\n<p>\u00c9couteurs jetables SJ-2<br \/>\nTout comme le mod\u00e8le SJ-1, SJ-2 sont des \u00e9couteurs jetables de haute qualit\u00e9. Leur durabilit\u00e9 est pr\u00e9vue pour une p\u00e9riode plus courte que dans le cas des \u00e9couteurs co\u00fbteux, mais cela ne signifie pas qu\u2019ils soient de qualit\u00e9 insuffisante. Nous garantissons que les mod\u00e8les d\u00e9fectueux repr\u00e9sentent au maximum 2% de la s\u00e9rie.<br \/>\nSJ-2 se caract\u00e9risent en outre par une forme anatomique plus moderne.<br \/>\nCARACT\u00c9RISTIQUES TECHNIQUES<br \/>\nHaut-parleur: 15 mm<br \/>\nConnecteur: 3,5 mm<br \/>\nLongueur de c\u00e2ble: env. 100 cm<br \/>\nType: oreillette unique (pour une oreille), intra-auriculaire (gauche)<br \/>\nCouleur: blanc*<br \/>\n* En cas de commande de min. 50 000 unit\u00e9s, il est possible de choisir la couleur, l&#8217;imprim\u00e9 sur les petits sacs ou de modifier d&#8217;autres param\u00e8tres.<\/p>\n","protected":false},"excerpt":{"rendered":"<p>\u00c9couteurs jetables SJ-2 Comme le mod\u00e8le SJ-1, ce sont des \u00e9couteurs jetables de haute qualit\u00e9. SP\u00c9CIFICATIONS TECHNIQUES &#8211; Haut-parleur : 15 mm, Fiche : 3,5 mm, Longueur du c\u00e2ble : env. 100 cm, Type : \u00e9couteur simple, intra-auriculaire, anatomique (gauche), Couleur : blanc.<\/p>\n","protected":false},"featured_media":48519,"template":"","meta":{"_acf_changed":false},"product_brand":[],"product_cat":[5183,5195],"product_tag":[],"class_list":{"0":"post-61302","1":"product","2":"type-product","3":"status-publish","4":"has-post-thumbnail","6":"product_cat-ecouteurs","7":"product_cat-ecouteurs-hygieniques-ecouteurs-jetables","9":"first","10":"instock","11":"taxable","12":"shipping-taxable","13":"purchasable","14":"product-type-variable"},"acf":[],"_links":{"self":[{"href":"https:\/\/mexpo.eu\/fr\/wp-json\/wp\/v2\/product\/61302","targetHints":{"allow":["GET"]}}],"collection":[{"href":"https:\/\/mexpo.eu\/fr\/wp-json\/wp\/v2\/product"}],"about":[{"href":"https:\/\/mexpo.eu\/fr\/wp-json\/wp\/v2\/types\/product"}],"wp:featuredmedia":[{"embeddable":true,"href":"https:\/\/mexpo.eu\/fr\/wp-json\/wp\/v2\/media\/48519"}],"wp:attachment":[{"href":"https:\/\/mexpo.eu\/fr\/wp-json\/wp\/v2\/media?parent=61302"}],"wp:term":[{"taxonomy":"product_brand","embeddable":true,"href":"https:\/\/mexpo.eu\/fr\/wp-json\/wp\/v2\/product_brand?post=61302"},{"taxonomy":"product_cat","embeddable":true,"href":"https:\/\/mexpo.eu\/fr\/wp-json\/wp\/v2\/product_cat?post=61302"},{"taxonomy":"product_tag","embeddable":true,"href":"https:\/\/mexpo.eu\/fr\/wp-json\/wp\/v2\/product_tag?post=61302"}],"curies":[{"name":"wp","href":"https:\/\/api.w.org\/{rel}","templated":true}]}}