{"id":61301,"date":"2025-02-17T13:09:15","date_gmt":"2025-02-17T13:09:15","guid":{"rendered":"https:\/\/mexpo.pl?post_type=product&#038;p=61301"},"modified":"2025-03-18T08:48:02","modified_gmt":"2025-03-18T08:48:02","slug":"ecouteurs-jetables-sj-1","status":"publish","type":"product","link":"https:\/\/mexpo.eu\/fr\/produkt\/ecouteurs-jetables-sj-1\/","title":{"rendered":"\u00c9couteurs jetables SJ-1"},"content":{"rendered":"<p>\u00c9couteurs jetables SJ-1<br \/>\n\u00c9couteurs jetables de haute qualit\u00e9. Leur durabilit\u00e9 est pr\u00e9vue pour une p\u00e9riode plus courte que dans le cas des \u00e9couteurs co\u00fbteux, mais cela ne signifie pas qu\u2019ils soient de qualit\u00e9 insuffisante. Nous garantissons que les mod\u00e8les d\u00e9fectueux repr\u00e9sentent au maximum 2% de la s\u00e9rie.<br \/>\nCARACT\u00c9RISTIQUES TECHNIQUES<br \/>\nHaut-parleur: 15 mm<br \/>\nConnecteur: 3,5 mm<br \/>\nLongueur de c\u00e2ble: env. 100 cm<br \/>\nType: oreillette unique (pour une oreille), intra-auriculaire<br \/>\nCouleur: violet<\/p>\n","protected":false},"excerpt":{"rendered":"<p>\u00c9couteurs jetables SJ-1. \u00c9couteurs jetables de haute qualit\u00e9. SP\u00c9CIFICATIONS TECHNIQUES &#8211; Haut-parleur : 15 mm, fiche : 3,5 mm, longueur du c\u00e2ble : env. 100 cm, type : \u00e9couteur SIMPLE (pour 1 oreille), intra-auriculaire, couleur : violet.<\/p>\n","protected":false},"featured_media":64481,"template":"","meta":{"_acf_changed":false},"product_brand":[],"product_cat":[5183,5195],"product_tag":[],"class_list":{"0":"post-61301","1":"product","2":"type-product","3":"status-publish","4":"has-post-thumbnail","6":"product_cat-ecouteurs","7":"product_cat-ecouteurs-hygieniques-ecouteurs-jetables","9":"first","10":"instock","11":"taxable","12":"shipping-taxable","13":"purchasable","14":"product-type-variable"},"acf":[],"_links":{"self":[{"href":"https:\/\/mexpo.eu\/fr\/wp-json\/wp\/v2\/product\/61301","targetHints":{"allow":["GET"]}}],"collection":[{"href":"https:\/\/mexpo.eu\/fr\/wp-json\/wp\/v2\/product"}],"about":[{"href":"https:\/\/mexpo.eu\/fr\/wp-json\/wp\/v2\/types\/product"}],"wp:featuredmedia":[{"embeddable":true,"href":"https:\/\/mexpo.eu\/fr\/wp-json\/wp\/v2\/media\/64481"}],"wp:attachment":[{"href":"https:\/\/mexpo.eu\/fr\/wp-json\/wp\/v2\/media?parent=61301"}],"wp:term":[{"taxonomy":"product_brand","embeddable":true,"href":"https:\/\/mexpo.eu\/fr\/wp-json\/wp\/v2\/product_brand?post=61301"},{"taxonomy":"product_cat","embeddable":true,"href":"https:\/\/mexpo.eu\/fr\/wp-json\/wp\/v2\/product_cat?post=61301"},{"taxonomy":"product_tag","embeddable":true,"href":"https:\/\/mexpo.eu\/fr\/wp-json\/wp\/v2\/product_tag?post=61301"}],"curies":[{"name":"wp","href":"https:\/\/api.w.org\/{rel}","templated":true}]}}