{"id":61292,"date":"2025-02-17T13:08:54","date_gmt":"2025-02-17T13:08:54","guid":{"rendered":"https:\/\/mexpo.pl?post_type=product&#038;p=61292"},"modified":"2025-02-17T14:48:27","modified_gmt":"2025-02-17T14:48:27","slug":"oreillette-sh-2-25-unites","status":"publish","type":"product","link":"https:\/\/mexpo.eu\/fr\/produkt\/oreillette-sh-2-25-unites\/","title":{"rendered":"Oreillette SH-2 (25 unit\u00e9s)"},"content":{"rendered":"<p>SH-2<br \/>\nOreillette supra-auriculaire (pour 1 oreille &#8211; droite ou gauche), avec un crochet en plastique et une mousse jetable hygi\u00e9nique.<br \/>\nUne des oreillettes les plus confortables du march\u00e9.<br \/>\nExcellente qualit\u00e9 sonore et un incomparable confort d&#8217;utilisation.<\/p>\n<p>Nous recommandons acheter un pack de mousses jetables hygi\u00e9niques pour les oreilletes SH-2 (1000 unit\u00e9s).<\/p>\n","protected":false},"excerpt":{"rendered":"<p>SH-2 \u00c9couteurs supra-auriculaires r\u00e9utilisables (pour 1 oreille &#8211; droite ou gauche). L&#8217;un des \u00e9couteurs les plus confortables du march\u00e9. Excellente qualit\u00e9 sonore et confort d&#8217;utilisation in\u00e9gal\u00e9. Compatibilit\u00e9 Okayo WT-300 G2, Okayo WT-350, mGuide DLR-01, mGuide Pellegrino, mGuide Pellegrino 2.<\/p>\n","protected":false},"featured_media":48419,"template":"","meta":{"_acf_changed":false},"product_brand":[],"product_cat":[5183,5184],"product_tag":[],"class_list":{"0":"post-61292","1":"product","2":"type-product","3":"status-publish","4":"has-post-thumbnail","6":"product_cat-ecouteurs","7":"product_cat-ecouteurs-reutilisables","9":"first","10":"instock","11":"taxable","12":"shipping-taxable","13":"purchasable","14":"product-type-simple"},"acf":[],"_links":{"self":[{"href":"https:\/\/mexpo.eu\/fr\/wp-json\/wp\/v2\/product\/61292","targetHints":{"allow":["GET"]}}],"collection":[{"href":"https:\/\/mexpo.eu\/fr\/wp-json\/wp\/v2\/product"}],"about":[{"href":"https:\/\/mexpo.eu\/fr\/wp-json\/wp\/v2\/types\/product"}],"wp:featuredmedia":[{"embeddable":true,"href":"https:\/\/mexpo.eu\/fr\/wp-json\/wp\/v2\/media\/48419"}],"wp:attachment":[{"href":"https:\/\/mexpo.eu\/fr\/wp-json\/wp\/v2\/media?parent=61292"}],"wp:term":[{"taxonomy":"product_brand","embeddable":true,"href":"https:\/\/mexpo.eu\/fr\/wp-json\/wp\/v2\/product_brand?post=61292"},{"taxonomy":"product_cat","embeddable":true,"href":"https:\/\/mexpo.eu\/fr\/wp-json\/wp\/v2\/product_cat?post=61292"},{"taxonomy":"product_tag","embeddable":true,"href":"https:\/\/mexpo.eu\/fr\/wp-json\/wp\/v2\/product_tag?post=61292"}],"curies":[{"name":"wp","href":"https:\/\/api.w.org\/{rel}","templated":true}]}}