{"id":61286,"date":"2025-02-17T13:08:53","date_gmt":"2025-02-17T13:08:53","guid":{"rendered":"https:\/\/mexpo.pl?post_type=product&#038;p=61286"},"modified":"2025-02-17T14:47:59","modified_gmt":"2025-02-17T14:47:59","slug":"cordons-tour-de-cou-25-unites","status":"publish","type":"product","link":"https:\/\/mexpo.eu\/fr\/produkt\/cordons-tour-de-cou-25-unites\/","title":{"rendered":"Cordons tour de cou (25 unit\u00e9s)"},"content":{"rendered":"<p>S\u00e9curit\u00e9<br \/>\nIls offrent une protection suppl\u00e9mentaire contre les chutes d&#8217;\u00e9quipement.<br \/>\nConfort<br \/>\nAugmenter le confort d&#8217;utilisation des \u00e9metteurs et r\u00e9cepteurs.<br \/>\nPublicit\u00e9<br \/>\nSur demande individuelle, les cordons tour de cou peuvent avoir le logo de votre entreprise.<\/p>\n","protected":false},"excerpt":{"rendered":"<p>S\u00e9curit\u00e9. Ils offrent une protection suppl\u00e9mentaire contre les chutes d&#8217;\u00e9quipement. Confort. Ils augmentent la commodit\u00e9 d&#8217;utilisation de l&#8217;\u00e9metteur\/r\u00e9cepteur. Sur demande individuelle, les cordons peuvent \u00eatre marqu\u00e9s du logo de votre entreprise.<\/p>\n","protected":false},"featured_media":48349,"template":"","meta":{"_acf_changed":false},"product_brand":[],"product_cat":[5189,5185],"product_tag":[],"class_list":{"0":"post-61286","1":"product","2":"type-product","3":"status-publish","4":"has-post-thumbnail","6":"product_cat-cordons-tour-de-cou","7":"product_cat-hygiene-fr","9":"first","10":"instock","11":"taxable","12":"shipping-taxable","13":"purchasable","14":"product-type-variable"},"acf":[],"_links":{"self":[{"href":"https:\/\/mexpo.eu\/fr\/wp-json\/wp\/v2\/product\/61286","targetHints":{"allow":["GET"]}}],"collection":[{"href":"https:\/\/mexpo.eu\/fr\/wp-json\/wp\/v2\/product"}],"about":[{"href":"https:\/\/mexpo.eu\/fr\/wp-json\/wp\/v2\/types\/product"}],"wp:featuredmedia":[{"embeddable":true,"href":"https:\/\/mexpo.eu\/fr\/wp-json\/wp\/v2\/media\/48349"}],"wp:attachment":[{"href":"https:\/\/mexpo.eu\/fr\/wp-json\/wp\/v2\/media?parent=61286"}],"wp:term":[{"taxonomy":"product_brand","embeddable":true,"href":"https:\/\/mexpo.eu\/fr\/wp-json\/wp\/v2\/product_brand?post=61286"},{"taxonomy":"product_cat","embeddable":true,"href":"https:\/\/mexpo.eu\/fr\/wp-json\/wp\/v2\/product_cat?post=61286"},{"taxonomy":"product_tag","embeddable":true,"href":"https:\/\/mexpo.eu\/fr\/wp-json\/wp\/v2\/product_tag?post=61286"}],"curies":[{"name":"wp","href":"https:\/\/api.w.org\/{rel}","templated":true}]}}