{"id":61285,"date":"2025-02-17T13:08:53","date_gmt":"2025-02-17T13:08:53","guid":{"rendered":"https:\/\/mexpo.pl?post_type=product&#038;p=61285"},"modified":"2025-02-17T14:48:13","modified_gmt":"2025-02-17T14:48:13","slug":"batterie-rechargeable-everactive-aa-r6-ni-mh-2000-mah","status":"publish","type":"product","link":"https:\/\/mexpo.eu\/fr\/produkt\/batterie-rechargeable-everactive-aa-r6-ni-mh-2000-mah\/","title":{"rendered":"Batterie rechargeable everActive AA (R6) Ni-MH 2000 mAh"},"content":{"rendered":"<p>Sp\u00e9cifications:<br \/>\nType: R6 AA, Ni-MH,<br \/>\nDimensions: Type. 14.0 x 50.2mm,<br \/>\nPoids brut du set: 118g,<br \/>\nPoids de la batterie: 27g,<br \/>\nTension: 1.2V,<br \/>\nProduit conform\u00e9ment aux normes en vigueur. Fabricant renomm\u00e9, garantie de qualit\u00e9.<br \/>\nExcellentes caract\u00e9ristiques de d\u00e9charge \u00e0 plat.<br \/>\nTr\u00e8s grande capacit\u00e9: max. 2000mAh, m\u00edn. 1900mAh, selon IEC 61951-2 (7.3.2),<br \/>\nImp\u00e9dance interne: &amp;lt; 35 mOhm (pour une batterie charg\u00e9e), possibilit\u00e9 de d\u00e9charge avec un d\u00e9bit de courant tr\u00e8s \u00e9lev\u00e9 &amp;gt;4A,<\/p>\n<p>La capacit\u00e9 r\u00e9elle des piles est conforme aux d\u00e9clarations sur la batterie\/blister, conform\u00e9ment \u00e0 la norme internationale IEC 61951-2 (7.3.2).<br \/>\nCe sont des batteries extr\u00eamement durables avec une dur\u00e9e de vie prolong\u00e9, caract\u00e9ris\u00e9es par une r\u00e9p\u00e9tabilit\u00e9 \u00e9lev\u00e9e des param\u00e8tres.<br \/>\nDe plus, ils se caract\u00e9risent par l\u2019un des plus larges plage de temp\u00e9rature de travail: -20\u00b0C-50\u00b0C.<\/p>\n<p>Tr\u00e8s universelles: les batteries everActive s&#8217;utilisent, entre autres, dans des torches, jouets, etc. Gr\u00e2ce \u00e0 l&#8217;utilisation de la technologie &#8220;ready to use&#8221;, les batteries peuvent remplacer les piles alcalines, etc.<\/p>\n<p>Les batteries de marque everActive repr\u00e9sentent la plus haute qualit\u00e9 \u00e0 un prix comp\u00e9titif.<\/p>\n<p>Parfaites pour les lampes flash, les lampes de poche, les projecteurs, les appareils photo num\u00e9riques ou les lecteurs CD \/ MP3. La capacit\u00e9 des piles everActive est similaire \u00e0 celle des piles alcalines, mais elle peut \u00eatre recharg\u00e9e plusieurs fois (jusqu&#8217;\u00e0 1 200 fois). De plus, les batteries d\u00e9chargent beaucoup mieux avec des courants \u00e9lev\u00e9s.<br \/>\nEn achetant des batteries rechargeables everActive vous contribuez \u00e0 la protection de l&#8217;environnement et \u00e0 la r\u00e9duction des d\u00e9chets potentiels.<br \/>\nUne batterie peut remplacer plusieurs centaines de piles traditionnelles.<\/p>\n<p>Des batteries rechargeables everActive garantissent des performances \u00e9lev\u00e9es, m\u00eame dans des conditions extr\u00eames.<br \/>\nLarges plage de temp\u00e9rature de travail: -20\u00b0C- 50\u00b0C.<br \/>\nL&#8217;utilisation des nouvelles technologies apportent aussi une plus longue dur\u00e9e de vie \u00e0 la batterie, en permettant plus de plus de cycles de charge \/ d\u00e9charge, en gardant d&#8217;excellents param\u00e8tres op\u00e9rationnels.<\/p>\n","protected":false},"excerpt":{"rendered":"<p>Les batteries EverActive garantissent des performances \u00e9lev\u00e9es m\u00eame dans des conditions extr\u00eames. La nouvelle technologie signifie \u00e9galement une dur\u00e9e de vie accrue de la batterie. Tr\u00e8s haute capacit\u00e9 max 2000mAh. Une batterie peut remplacer plusieurs centaines de batteries traditionnelles.<\/p>\n","protected":false},"featured_media":48389,"template":"","meta":{"_acf_changed":false},"product_brand":[],"product_cat":[5934,5984],"product_tag":[],"class_list":{"0":"post-61285","1":"product","2":"type-product","3":"status-publish","4":"has-post-thumbnail","6":"product_cat-piles-et-piles-rechargeables","7":"product_cat-piles-et-piles-rechargeables-fr","9":"first","10":"instock","11":"taxable","12":"shipping-taxable","13":"purchasable","14":"product-type-simple"},"acf":[],"_links":{"self":[{"href":"https:\/\/mexpo.eu\/fr\/wp-json\/wp\/v2\/product\/61285","targetHints":{"allow":["GET"]}}],"collection":[{"href":"https:\/\/mexpo.eu\/fr\/wp-json\/wp\/v2\/product"}],"about":[{"href":"https:\/\/mexpo.eu\/fr\/wp-json\/wp\/v2\/types\/product"}],"wp:featuredmedia":[{"embeddable":true,"href":"https:\/\/mexpo.eu\/fr\/wp-json\/wp\/v2\/media\/48389"}],"wp:attachment":[{"href":"https:\/\/mexpo.eu\/fr\/wp-json\/wp\/v2\/media?parent=61285"}],"wp:term":[{"taxonomy":"product_brand","embeddable":true,"href":"https:\/\/mexpo.eu\/fr\/wp-json\/wp\/v2\/product_brand?post=61285"},{"taxonomy":"product_cat","embeddable":true,"href":"https:\/\/mexpo.eu\/fr\/wp-json\/wp\/v2\/product_cat?post=61285"},{"taxonomy":"product_tag","embeddable":true,"href":"https:\/\/mexpo.eu\/fr\/wp-json\/wp\/v2\/product_tag?post=61285"}],"curies":[{"name":"wp","href":"https:\/\/api.w.org\/{rel}","templated":true}]}}