{"id":61284,"date":"2025-02-17T13:08:54","date_gmt":"2025-02-17T13:08:54","guid":{"rendered":"https:\/\/mexpo.pl?post_type=product&#038;p=61284"},"modified":"2025-02-17T14:48:30","modified_gmt":"2025-02-17T14:48:30","slug":"piles-aa-r6-panasonic-powerline-industrial-480-unites","status":"publish","type":"product","link":"https:\/\/mexpo.eu\/fr\/produkt\/piles-aa-r6-panasonic-powerline-industrial-480-unites\/","title":{"rendered":"Piles AA (R6) Panasonic Powerline Industrial (480 unit\u00e9s)"},"content":{"rendered":"<p>Date d&#8217;expiration minimale: 2022<br \/>\nSp\u00e9cifications techniques:<\/p>\n<p>tension [V]: 1.5<\/p>\n<p>emballage: carton 40 unit\u00e9s<\/p>\n<p>mod\u00e8le: LR6\/AA<\/p>\n<p>type: AA<\/p>\n<p>tension [V]: 1.5<\/p>\n<p>diam\u00e8tre [mm]: 14.5<\/p>\n<p>auteur [mm]: 50.5<\/p>\n<p>autres d\u00e9signations: LR6 \/ AA \/ R6 \/ MN 1500 \/ Mignon \/ AM3 \/ E91<\/p>\n<p>La version des piles alcalines industrielles \u00e9quivaut aux piles de la plus haute qualit\u00e9 disponibles en blisters, et peut \u00eatre utilis\u00e9e dans des tensiom\u00e8tres, lampes de poche et autres appareils m\u00e9nagers. Le prix de ces piles ne comprend pas les co\u00fbts \u00e9lev\u00e9s de publicit\u00e9 et de marketing. Ils constituent donc un choix optimal de haute qualit\u00e9 par rapport au prix.<\/p>\n","protected":false},"excerpt":{"rendered":"<p>Piles alcalines industrielles. Piles de la plus haute qualit\u00e9 disponibles sous blister. Il peut \u00eatre utilis\u00e9, entre autres : dans les tensiom\u00e8tres, les lampes de poche. Ils constituent un choix optimal de haute qualit\u00e9 par rapport au prix.<\/p>\n","protected":false},"featured_media":48425,"template":"","meta":{"_acf_changed":false},"product_brand":[],"product_cat":[5934,5984],"product_tag":[],"class_list":{"0":"post-61284","1":"product","2":"type-product","3":"status-publish","4":"has-post-thumbnail","6":"product_cat-piles-et-piles-rechargeables","7":"product_cat-piles-et-piles-rechargeables-fr","8":"product_shipping_class-baterie-8","10":"first","11":"outofstock","12":"taxable","13":"shipping-taxable","14":"purchasable","15":"product-type-simple"},"acf":[],"_links":{"self":[{"href":"https:\/\/mexpo.eu\/fr\/wp-json\/wp\/v2\/product\/61284","targetHints":{"allow":["GET"]}}],"collection":[{"href":"https:\/\/mexpo.eu\/fr\/wp-json\/wp\/v2\/product"}],"about":[{"href":"https:\/\/mexpo.eu\/fr\/wp-json\/wp\/v2\/types\/product"}],"wp:featuredmedia":[{"embeddable":true,"href":"https:\/\/mexpo.eu\/fr\/wp-json\/wp\/v2\/media\/48425"}],"wp:attachment":[{"href":"https:\/\/mexpo.eu\/fr\/wp-json\/wp\/v2\/media?parent=61284"}],"wp:term":[{"taxonomy":"product_brand","embeddable":true,"href":"https:\/\/mexpo.eu\/fr\/wp-json\/wp\/v2\/product_brand?post=61284"},{"taxonomy":"product_cat","embeddable":true,"href":"https:\/\/mexpo.eu\/fr\/wp-json\/wp\/v2\/product_cat?post=61284"},{"taxonomy":"product_tag","embeddable":true,"href":"https:\/\/mexpo.eu\/fr\/wp-json\/wp\/v2\/product_tag?post=61284"}],"curies":[{"name":"wp","href":"https:\/\/api.w.org\/{rel}","templated":true}]}}