{"id":61283,"date":"2025-02-17T13:08:54","date_gmt":"2025-02-17T13:08:54","guid":{"rendered":"https:\/\/mexpo.pl?post_type=product&#038;p=61283"},"modified":"2025-02-17T14:48:32","modified_gmt":"2025-02-17T14:48:32","slug":"piles-aa-r6-varta-industrial-480-unites","status":"publish","type":"product","link":"https:\/\/mexpo.eu\/fr\/produkt\/piles-aa-r6-varta-industrial-480-unites\/","title":{"rendered":"Piles AA (R6) Varta Industrial (480 unit\u00e9s)"},"content":{"rendered":"<p>Produit original de Varta, l&#8217;un des fabricants de piles les plus renomm\u00e9s.<\/p>\n<p>La s\u00e9rie Industrial de Varta ce sont des piles High Energy destin\u00e9es \u00e0 un usage industriel\/professionnel.<\/p>\n<p>Les piles se trouvent parmi les piles alcalines les plus puissantes du march\u00e9.<\/p>\n<p>Garantie de prix comp\u00e9titif, de l&#8217;importateur.<br \/>\nLes piles ont \u00e9t\u00e9 fabriqu\u00e9es en Allemagne.<br \/>\nLes piles viennent directement de la fabrique, avec une date d&#8217;expiration minimale tr\u00e8s longue (2026).<\/p>\n<p>Sp\u00e9cifications techniques:<br \/>\ntype: AA LR6<br \/>\ntr\u00e8s haute capacit\u00e9 (env. 2950mAh)<br \/>\nexcellents param\u00e8tres \u00e9lectriques<br \/>\nfabriqu\u00e9es en Allemagne<br \/>\nla plus haute qualit\u00e9 pour les appareils \u00e0 forte consommation d&#8217;\u00e9nergie<br \/>\njusqu&#8217;\u00e0 10% meilleures que les piles propos\u00e9es para la concurrence<br \/>\nnouveau design optimis\u00e9<\/p>\n","protected":false},"excerpt":{"rendered":"<p>Batteries renforc\u00e9es Haute Energie d\u00e9di\u00e9es \u00e0 un usage industriel\/professionnel. Une des piles alcalines les plus puissantes du march\u00e9. Tr\u00e8s haute capacit\u00e9 (environ 2950 mAh) ;<\/p>\n","protected":false},"featured_media":48431,"template":"","meta":{"_acf_changed":false},"product_brand":[],"product_cat":[5934,5984],"product_tag":[],"class_list":{"0":"post-61283","1":"product","2":"type-product","3":"status-publish","4":"has-post-thumbnail","6":"product_cat-piles-et-piles-rechargeables","7":"product_cat-piles-et-piles-rechargeables-fr","8":"product_shipping_class-baterie-8","10":"first","11":"instock","12":"taxable","13":"shipping-taxable","14":"purchasable","15":"product-type-simple"},"acf":[],"_links":{"self":[{"href":"https:\/\/mexpo.eu\/fr\/wp-json\/wp\/v2\/product\/61283","targetHints":{"allow":["GET"]}}],"collection":[{"href":"https:\/\/mexpo.eu\/fr\/wp-json\/wp\/v2\/product"}],"about":[{"href":"https:\/\/mexpo.eu\/fr\/wp-json\/wp\/v2\/types\/product"}],"wp:featuredmedia":[{"embeddable":true,"href":"https:\/\/mexpo.eu\/fr\/wp-json\/wp\/v2\/media\/48431"}],"wp:attachment":[{"href":"https:\/\/mexpo.eu\/fr\/wp-json\/wp\/v2\/media?parent=61283"}],"wp:term":[{"taxonomy":"product_brand","embeddable":true,"href":"https:\/\/mexpo.eu\/fr\/wp-json\/wp\/v2\/product_brand?post=61283"},{"taxonomy":"product_cat","embeddable":true,"href":"https:\/\/mexpo.eu\/fr\/wp-json\/wp\/v2\/product_cat?post=61283"},{"taxonomy":"product_tag","embeddable":true,"href":"https:\/\/mexpo.eu\/fr\/wp-json\/wp\/v2\/product_tag?post=61283"}],"curies":[{"name":"wp","href":"https:\/\/api.w.org\/{rel}","templated":true}]}}