{"id":61282,"date":"2025-02-17T13:08:54","date_gmt":"2025-02-17T13:08:54","guid":{"rendered":"https:\/\/mexpo.pl?post_type=product&#038;p=61282"},"modified":"2025-02-17T14:48:35","modified_gmt":"2025-02-17T14:48:35","slug":"piles-aa-r6-everactive-pro-alkaline-500-unites","status":"publish","type":"product","link":"https:\/\/mexpo.eu\/fr\/produkt\/piles-aa-r6-everactive-pro-alkaline-500-unites\/","title":{"rendered":"Piles AA (R6) everActive Pro Alkaline (500 unit\u00e9s)"},"content":{"rendered":"<p>Les nouvelles et am\u00e9lior\u00e9es piles garantissent un fonctionnement de 60% plus long que les piles de la premi\u00e8re g\u00e9n\u00e9ration Industrial Alkaline dans des appareils \u00e0 forte consommation d&#8217;\u00e9nergie.<\/p>\n<p>Piles de la production actuelle, directement du fabricant everActive, avec une langue date d&#8217;expiration (jusqu&#8217;\u00e0 10 ans \u00e0 compter de la date de production).<\/p>\n<p>Fiabilit\u00e9 confirm\u00e9e.<br \/>\nLa s\u00e9rie la plus puissante de Pro Alkaline, le plus haut niveau de performance garantit, m\u00eame dans des appareils \u00e0 forte consommation d&#8217;\u00e9nergie.<\/p>\n<p>Caract\u00e9ristiques des piles everActive:<br \/>\n&#8211; construction \u00e9tanche et renforc\u00e9e &#8211; haute r\u00e9sistance \u00e0 la coul\u00e9e, longue dur\u00e9e de vie tout en maintenant des valeurs fonctionnels<br \/>\n&#8211; grande efficacit\u00e9 dans les appareils \u00e0 faible consommation d&#8217;\u00e9nergie (t\u00e9l\u00e9commandes, horloges) et \u00e0 forte consommation d&#8217;\u00e9nergie (\u00e9quipements m\u00e9dicaux, appareils photo num\u00e9riques) &#8211; particuli\u00e8rement recommand\u00e9 \u00e0 usage industriel et commercial &#8211; fiabilit\u00e9 et r\u00e9p\u00e9tabilit\u00e9 des param\u00e8tres<\/p>\n","protected":false},"excerpt":{"rendered":"<p>La s\u00e9rie la plus puissante de piles alcalines Pro garantit le plus haut niveau de performance. Structure renforc\u00e9e et scell\u00e9e &#8211; haute r\u00e9sistance au coulage, longue dur\u00e9e de conservation tout en conservant des valeurs d&#8217;utilit\u00e9 \u00e9lev\u00e9es.<\/p>\n","protected":false},"featured_media":48437,"template":"","meta":{"_acf_changed":false},"product_brand":[],"product_cat":[5934,5984],"product_tag":[],"class_list":{"0":"post-61282","1":"product","2":"type-product","3":"status-publish","4":"has-post-thumbnail","6":"product_cat-piles-et-piles-rechargeables","7":"product_cat-piles-et-piles-rechargeables-fr","8":"product_shipping_class-baterie-8","10":"first","11":"instock","12":"taxable","13":"shipping-taxable","14":"purchasable","15":"product-type-simple"},"acf":[],"_links":{"self":[{"href":"https:\/\/mexpo.eu\/fr\/wp-json\/wp\/v2\/product\/61282","targetHints":{"allow":["GET"]}}],"collection":[{"href":"https:\/\/mexpo.eu\/fr\/wp-json\/wp\/v2\/product"}],"about":[{"href":"https:\/\/mexpo.eu\/fr\/wp-json\/wp\/v2\/types\/product"}],"wp:featuredmedia":[{"embeddable":true,"href":"https:\/\/mexpo.eu\/fr\/wp-json\/wp\/v2\/media\/48437"}],"wp:attachment":[{"href":"https:\/\/mexpo.eu\/fr\/wp-json\/wp\/v2\/media?parent=61282"}],"wp:term":[{"taxonomy":"product_brand","embeddable":true,"href":"https:\/\/mexpo.eu\/fr\/wp-json\/wp\/v2\/product_brand?post=61282"},{"taxonomy":"product_cat","embeddable":true,"href":"https:\/\/mexpo.eu\/fr\/wp-json\/wp\/v2\/product_cat?post=61282"},{"taxonomy":"product_tag","embeddable":true,"href":"https:\/\/mexpo.eu\/fr\/wp-json\/wp\/v2\/product_tag?post=61282"}],"curies":[{"name":"wp","href":"https:\/\/api.w.org\/{rel}","templated":true}]}}