{"id":61281,"date":"2025-02-17T13:08:52","date_gmt":"2025-02-17T13:08:52","guid":{"rendered":"https:\/\/mexpo.pl?post_type=product&#038;p=61281"},"modified":"2025-02-17T14:47:26","modified_gmt":"2025-02-17T14:47:26","slug":"oreillette-em-101-25-unites","status":"publish","type":"product","link":"https:\/\/mexpo.eu\/fr\/produkt\/oreillette-em-101-25-unites\/","title":{"rendered":"Oreillette EM-101 (25 unit\u00e9s)"},"content":{"rendered":"<p>Le mod\u00e8le EM-101 est une oreillette supra-auriculaire r\u00e9utilisable avec un crochet en gomme pour une oreille, en forme d&#8217;accord\u00e9on. Tr\u00e8s bonne qualit\u00e9 sonore et grande durabilit\u00e9.<br \/>\nNous recommandons des lingettes jetables pour la d\u00e9sinfection du mat\u00e9riel.<\/p>\n","protected":false},"excerpt":{"rendered":"<p>Le casque EM-101 est un casque supra-auriculaire r\u00e9utilisable avec un pendentif flexible en forme d&#8217;accord\u00e9on pour une oreille. Tr\u00e8s bonne qualit\u00e9 sonore et grande durabilit\u00e9. Compatibilit\u00e9 Okayo WT-300 G2, Okayo WT-350, mGuide DLR-01, mGuide Pellegrino, mGuide Pellegrino 2.<\/p>\n","protected":false},"featured_media":48115,"template":"","meta":{"_acf_changed":false},"product_brand":[],"product_cat":[5183,5184],"product_tag":[],"class_list":{"0":"post-61281","1":"product","2":"type-product","3":"status-publish","4":"has-post-thumbnail","6":"product_cat-ecouteurs","7":"product_cat-ecouteurs-reutilisables","9":"first","10":"instock","11":"taxable","12":"shipping-taxable","13":"purchasable","14":"product-type-simple"},"acf":[],"_links":{"self":[{"href":"https:\/\/mexpo.eu\/fr\/wp-json\/wp\/v2\/product\/61281","targetHints":{"allow":["GET"]}}],"collection":[{"href":"https:\/\/mexpo.eu\/fr\/wp-json\/wp\/v2\/product"}],"about":[{"href":"https:\/\/mexpo.eu\/fr\/wp-json\/wp\/v2\/types\/product"}],"wp:featuredmedia":[{"embeddable":true,"href":"https:\/\/mexpo.eu\/fr\/wp-json\/wp\/v2\/media\/48115"}],"wp:attachment":[{"href":"https:\/\/mexpo.eu\/fr\/wp-json\/wp\/v2\/media?parent=61281"}],"wp:term":[{"taxonomy":"product_brand","embeddable":true,"href":"https:\/\/mexpo.eu\/fr\/wp-json\/wp\/v2\/product_brand?post=61281"},{"taxonomy":"product_cat","embeddable":true,"href":"https:\/\/mexpo.eu\/fr\/wp-json\/wp\/v2\/product_cat?post=61281"},{"taxonomy":"product_tag","embeddable":true,"href":"https:\/\/mexpo.eu\/fr\/wp-json\/wp\/v2\/product_tag?post=61281"}],"curies":[{"name":"wp","href":"https:\/\/api.w.org\/{rel}","templated":true}]}}