{"id":61280,"date":"2025-02-17T13:08:52","date_gmt":"2025-02-17T13:08:52","guid":{"rendered":"https:\/\/mexpo.pl?post_type=product&#038;p=61280"},"modified":"2025-02-17T14:47:29","modified_gmt":"2025-02-17T14:47:29","slug":"oreillette-em-305-25-unites","status":"publish","type":"product","link":"https:\/\/mexpo.eu\/fr\/produkt\/oreillette-em-305-25-unites\/","title":{"rendered":"Oreillette EM-305 (25 unit\u00e9s)"},"content":{"rendered":"<p>Le mod\u00e8le EM-305 est une oreillette supra-auriculaire r\u00e9utilisable avec un crochet en plastique. Tr\u00e8s bonne qualit\u00e9 sonore et grande durabilit\u00e9.<br \/>\nNous recommandons des lingettes jetables pour la d\u00e9sinfection du mat\u00e9riel.<\/p>\n","protected":false},"excerpt":{"rendered":"<p>Le casque EM-305 est un casque supra-auriculaire r\u00e9utilisable dot\u00e9 d&#8217;un support en plastique rigide. Recommand\u00e9 pour une utilisation avec des lingettes jetables pour d\u00e9sinfecter le mat\u00e9riel. Compatibilit\u00e9 Okayo WT-300 G2, Okayo WT-350, mGuide DLR-01, mGuide Pellegrino, mGuide Pellegrino 2.<\/p>\n","protected":false},"featured_media":48119,"template":"","meta":{"_acf_changed":false},"product_brand":[],"product_cat":[5183,5184],"product_tag":[],"class_list":{"0":"post-61280","1":"product","2":"type-product","3":"status-publish","4":"has-post-thumbnail","6":"product_cat-ecouteurs","7":"product_cat-ecouteurs-reutilisables","9":"first","10":"instock","11":"taxable","12":"shipping-taxable","13":"purchasable","14":"product-type-simple"},"acf":[],"_links":{"self":[{"href":"https:\/\/mexpo.eu\/fr\/wp-json\/wp\/v2\/product\/61280","targetHints":{"allow":["GET"]}}],"collection":[{"href":"https:\/\/mexpo.eu\/fr\/wp-json\/wp\/v2\/product"}],"about":[{"href":"https:\/\/mexpo.eu\/fr\/wp-json\/wp\/v2\/types\/product"}],"wp:featuredmedia":[{"embeddable":true,"href":"https:\/\/mexpo.eu\/fr\/wp-json\/wp\/v2\/media\/48119"}],"wp:attachment":[{"href":"https:\/\/mexpo.eu\/fr\/wp-json\/wp\/v2\/media?parent=61280"}],"wp:term":[{"taxonomy":"product_brand","embeddable":true,"href":"https:\/\/mexpo.eu\/fr\/wp-json\/wp\/v2\/product_brand?post=61280"},{"taxonomy":"product_cat","embeddable":true,"href":"https:\/\/mexpo.eu\/fr\/wp-json\/wp\/v2\/product_cat?post=61280"},{"taxonomy":"product_tag","embeddable":true,"href":"https:\/\/mexpo.eu\/fr\/wp-json\/wp\/v2\/product_tag?post=61280"}],"curies":[{"name":"wp","href":"https:\/\/api.w.org\/{rel}","templated":true}]}}