{"id":61277,"date":"2025-02-17T13:08:53","date_gmt":"2025-02-17T13:08:53","guid":{"rendered":"https:\/\/mexpo.pl?post_type=product&#038;p=61277"},"modified":"2026-01-30T12:11:08","modified_gmt":"2026-01-30T11:11:08","slug":"lingettes-nettoyantes-jetables-50-unites","status":"publish","type":"product","link":"https:\/\/mexpo.eu\/fr\/produkt\/lingettes-nettoyantes-jetables-50-unites\/","title":{"rendered":"Lingettes jetables pour la d\u00e9sinfection des \u00e9couteurs et des r\u00e9cepteurs"},"content":{"rendered":"<p>Prenez soin de l&#8217;hygi\u00e8ne de votre syst\u00e8me tourguide!<\/p>\n<p>Les \u00e9couteurs ou les r\u00e9cepteurs utilis\u00e9s fr\u00e9quemment peuvent constituer un foyer de bact\u00e9ries, champignons et m\u00eame de virus ou parasites.<br \/>\nPrenez soin de l&#8217;hygi\u00e8ne de votre syst\u00e8me tourguide et de la s\u00e9curit\u00e9 de vos touristes, en leur offrant de produits de nettoyage adapt\u00e9s!<\/p>\n<p><strong>2 raisons pour lesquelles vous devriez d\u00e9sinfecter les \u00e9couteurs r\u00e9utilisables:<\/strong><\/p>\n<ol>\n<li>Pendant l&#8217;utilisation, les \u00e9couteurs deviennent un foyer de millions de bact\u00e9ries et de cellules mortes de peau, qui peuvent causer des maladies de l&#8217;oreille et de la peau.<\/li>\n<li>La salet\u00e9 peut obstruer le haut-parleur de l&#8217;\u00e9couteur.<\/li>\n<\/ol>\n","protected":false},"excerpt":{"rendered":"<p>Lingettes pour nettoyer et d\u00e9sinfecter les \u00e9couteurs et les r\u00e9cepteurs. Hygi\u00e8ne du mat\u00e9riel des guides touristiques.<\/p>\n","protected":false},"featured_media":68509,"template":"","meta":{"_acf_changed":false},"product_brand":[],"product_cat":[5185],"product_tag":[],"class_list":{"0":"post-61277","1":"product","2":"type-product","3":"status-publish","4":"has-post-thumbnail","6":"product_cat-hygiene-fr","8":"first","9":"outofstock","10":"taxable","11":"shipping-taxable","12":"purchasable","13":"product-type-variable"},"acf":[],"_links":{"self":[{"href":"https:\/\/mexpo.eu\/fr\/wp-json\/wp\/v2\/product\/61277","targetHints":{"allow":["GET"]}}],"collection":[{"href":"https:\/\/mexpo.eu\/fr\/wp-json\/wp\/v2\/product"}],"about":[{"href":"https:\/\/mexpo.eu\/fr\/wp-json\/wp\/v2\/types\/product"}],"wp:featuredmedia":[{"embeddable":true,"href":"https:\/\/mexpo.eu\/fr\/wp-json\/wp\/v2\/media\/68509"}],"wp:attachment":[{"href":"https:\/\/mexpo.eu\/fr\/wp-json\/wp\/v2\/media?parent=61277"}],"wp:term":[{"taxonomy":"product_brand","embeddable":true,"href":"https:\/\/mexpo.eu\/fr\/wp-json\/wp\/v2\/product_brand?post=61277"},{"taxonomy":"product_cat","embeddable":true,"href":"https:\/\/mexpo.eu\/fr\/wp-json\/wp\/v2\/product_cat?post=61277"},{"taxonomy":"product_tag","embeddable":true,"href":"https:\/\/mexpo.eu\/fr\/wp-json\/wp\/v2\/product_tag?post=61277"}],"curies":[{"name":"wp","href":"https:\/\/api.w.org\/{rel}","templated":true}]}}