{"id":61273,"date":"2025-02-17T13:08:52","date_gmt":"2025-02-17T13:08:52","guid":{"rendered":"https:\/\/mexpo.pl?post_type=product&#038;p=61273"},"modified":"2025-02-17T14:47:40","modified_gmt":"2025-02-17T14:47:40","slug":"microphone-cm-100a-cm-22","status":"publish","type":"product","link":"https:\/\/mexpo.eu\/fr\/produkt\/microphone-cm-100a-cm-22\/","title":{"rendered":"Microphone CM-100A \/ CM-22"},"content":{"rendered":"<p>Le microphone est flexible ce qui permet de le plier dans n&#8217;importe quelle direction, l&#8217;ajuster au cou et ajuster la position de la pointe contre les l\u00e8vres.<\/p>\n","protected":false},"excerpt":{"rendered":"<p>L&#8217;embout du microphone est plac\u00e9 sur un arceau flexible qui permet de le plier dans n&#8217;importe quelle direction. Gr\u00e2ce \u00e0 cela, nous pouvons ajuster le microphone au cou et ajuster la position de l&#8217;embout par rapport \u00e0 la bouche.<\/p>\n","protected":false},"featured_media":48211,"template":"","meta":{"_acf_changed":false},"product_brand":[],"product_cat":[5182],"product_tag":[],"class_list":{"0":"post-61273","1":"product","2":"type-product","3":"status-publish","4":"has-post-thumbnail","6":"product_cat-microphones-systemes-tour-guide","8":"first","9":"instock","10":"taxable","11":"shipping-taxable","12":"purchasable","13":"product-type-simple"},"acf":[],"_links":{"self":[{"href":"https:\/\/mexpo.eu\/fr\/wp-json\/wp\/v2\/product\/61273","targetHints":{"allow":["GET"]}}],"collection":[{"href":"https:\/\/mexpo.eu\/fr\/wp-json\/wp\/v2\/product"}],"about":[{"href":"https:\/\/mexpo.eu\/fr\/wp-json\/wp\/v2\/types\/product"}],"wp:featuredmedia":[{"embeddable":true,"href":"https:\/\/mexpo.eu\/fr\/wp-json\/wp\/v2\/media\/48211"}],"wp:attachment":[{"href":"https:\/\/mexpo.eu\/fr\/wp-json\/wp\/v2\/media?parent=61273"}],"wp:term":[{"taxonomy":"product_brand","embeddable":true,"href":"https:\/\/mexpo.eu\/fr\/wp-json\/wp\/v2\/product_brand?post=61273"},{"taxonomy":"product_cat","embeddable":true,"href":"https:\/\/mexpo.eu\/fr\/wp-json\/wp\/v2\/product_cat?post=61273"},{"taxonomy":"product_tag","embeddable":true,"href":"https:\/\/mexpo.eu\/fr\/wp-json\/wp\/v2\/product_tag?post=61273"}],"curies":[{"name":"wp","href":"https:\/\/api.w.org\/{rel}","templated":true}]}}