{"id":61271,"date":"2025-02-17T13:08:52","date_gmt":"2025-02-17T13:08:52","guid":{"rendered":"https:\/\/mexpo.pl?post_type=product&#038;p=61271"},"modified":"2025-02-17T14:47:48","modified_gmt":"2025-02-17T14:47:48","slug":"microphone-hm-55a","status":"publish","type":"product","link":"https:\/\/mexpo.eu\/fr\/produkt\/microphone-hm-55a\/","title":{"rendered":"Microphone HM-55A"},"content":{"rendered":"<p>Microphone unidirectionnel tour de nuque ultral\u00e9ger HM-55A<\/p>\n","protected":false},"excerpt":{"rendered":"<p>Microphone serre-t\u00eate unidirectionnel et ultra-l\u00e9ger HM-55A. Compatibilit\u00e9 Okayo WT-300 G2, Okayo WT-350, mGuide DLR-01, mGuide Pellegrino, mGuide Pellegrino 2.<\/p>\n","protected":false},"featured_media":48245,"template":"","meta":{"_acf_changed":false},"product_brand":[],"product_cat":[5182],"product_tag":[],"class_list":{"0":"post-61271","1":"product","2":"type-product","3":"status-publish","4":"has-post-thumbnail","6":"product_cat-microphones-systemes-tour-guide","8":"first","9":"instock","10":"taxable","11":"shipping-taxable","12":"purchasable","13":"product-type-simple"},"acf":[],"_links":{"self":[{"href":"https:\/\/mexpo.eu\/fr\/wp-json\/wp\/v2\/product\/61271","targetHints":{"allow":["GET"]}}],"collection":[{"href":"https:\/\/mexpo.eu\/fr\/wp-json\/wp\/v2\/product"}],"about":[{"href":"https:\/\/mexpo.eu\/fr\/wp-json\/wp\/v2\/types\/product"}],"wp:featuredmedia":[{"embeddable":true,"href":"https:\/\/mexpo.eu\/fr\/wp-json\/wp\/v2\/media\/48245"}],"wp:attachment":[{"href":"https:\/\/mexpo.eu\/fr\/wp-json\/wp\/v2\/media?parent=61271"}],"wp:term":[{"taxonomy":"product_brand","embeddable":true,"href":"https:\/\/mexpo.eu\/fr\/wp-json\/wp\/v2\/product_brand?post=61271"},{"taxonomy":"product_cat","embeddable":true,"href":"https:\/\/mexpo.eu\/fr\/wp-json\/wp\/v2\/product_cat?post=61271"},{"taxonomy":"product_tag","embeddable":true,"href":"https:\/\/mexpo.eu\/fr\/wp-json\/wp\/v2\/product_tag?post=61271"}],"curies":[{"name":"wp","href":"https:\/\/api.w.org\/{rel}","templated":true}]}}