{"id":61267,"date":"2025-02-17T13:09:15","date_gmt":"2025-02-17T13:09:15","guid":{"rendered":"https:\/\/mexpo.pl?post_type=product&#038;p=61267"},"modified":"2025-02-17T14:48:58","modified_gmt":"2025-02-17T14:48:58","slug":"headset-jeu-micro-casque-ehr-03s","status":"publish","type":"product","link":"https:\/\/mexpo.eu\/fr\/produkt\/headset-jeu-micro-casque-ehr-03s\/","title":{"rendered":"Headset (jeu micro-casque) EHR-03S"},"content":{"rendered":"<p>Microphone tour de nuque l\u00e9ger avec un \u00e9couteur. Compatible avec les mod\u00e8les mGuide DLR-01 et mGuide DLR-02<\/p>\n","protected":false},"excerpt":{"rendered":"<p>Microphone tour de nuque l\u00e9ger avec un \u00e9couteur. Compatible avec les mod\u00e8les mGuide DLR-01 et mGuide DLR-02<\/p>\n","protected":false},"featured_media":48473,"template":"","meta":{"_acf_changed":false},"product_brand":[],"product_cat":[5181,5179],"product_tag":[],"class_list":{"0":"post-61267","1":"product","2":"type-product","3":"status-publish","4":"has-post-thumbnail","6":"product_cat-headsets-systemes-dinterphone","7":"product_cat-headsets-systemes-tour-guide","9":"first","10":"instock","11":"taxable","12":"shipping-taxable","13":"purchasable","14":"product-type-simple"},"acf":[],"_links":{"self":[{"href":"https:\/\/mexpo.eu\/fr\/wp-json\/wp\/v2\/product\/61267","targetHints":{"allow":["GET"]}}],"collection":[{"href":"https:\/\/mexpo.eu\/fr\/wp-json\/wp\/v2\/product"}],"about":[{"href":"https:\/\/mexpo.eu\/fr\/wp-json\/wp\/v2\/types\/product"}],"wp:featuredmedia":[{"embeddable":true,"href":"https:\/\/mexpo.eu\/fr\/wp-json\/wp\/v2\/media\/48473"}],"wp:attachment":[{"href":"https:\/\/mexpo.eu\/fr\/wp-json\/wp\/v2\/media?parent=61267"}],"wp:term":[{"taxonomy":"product_brand","embeddable":true,"href":"https:\/\/mexpo.eu\/fr\/wp-json\/wp\/v2\/product_brand?post=61267"},{"taxonomy":"product_cat","embeddable":true,"href":"https:\/\/mexpo.eu\/fr\/wp-json\/wp\/v2\/product_cat?post=61267"},{"taxonomy":"product_tag","embeddable":true,"href":"https:\/\/mexpo.eu\/fr\/wp-json\/wp\/v2\/product_tag?post=61267"}],"curies":[{"name":"wp","href":"https:\/\/api.w.org\/{rel}","templated":true}]}}