{"id":61266,"date":"2025-02-17T13:09:15","date_gmt":"2025-02-17T13:09:15","guid":{"rendered":"https:\/\/mexpo.pl?post_type=product&#038;p=61266"},"modified":"2025-02-17T14:49:01","modified_gmt":"2025-02-17T14:49:01","slug":"headset-jeu-micro-casque-sm-100","status":"publish","type":"product","link":"https:\/\/mexpo.eu\/fr\/produkt\/headset-jeu-micro-casque-sm-100\/","title":{"rendered":"Headset (jeu micro-casque) SM-100"},"content":{"rendered":"<p>Microphone touristique et sportif, tr\u00e8s l\u00e9ger, avec un \u00e9couteur.<br \/>\nCompatible avec le mod\u00e8le mGuide DLR-01.<\/p>\n","protected":false},"excerpt":{"rendered":"<p>Microphone touristique et sportif tr\u00e8s l\u00e9ger et confortable avec un \u00e9couteur pour une oreille. Fonctionne avec le mod\u00e8le mGuide DLR-01.<\/p>\n","protected":false},"featured_media":48479,"template":"","meta":{"_acf_changed":false},"product_brand":[],"product_cat":[5179,5181],"product_tag":[],"class_list":{"0":"post-61266","1":"product","2":"type-product","3":"status-publish","4":"has-post-thumbnail","6":"product_cat-headsets-systemes-tour-guide","7":"product_cat-headsets-systemes-dinterphone","9":"first","10":"instock","11":"taxable","12":"shipping-taxable","13":"purchasable","14":"product-type-simple"},"acf":[],"_links":{"self":[{"href":"https:\/\/mexpo.eu\/fr\/wp-json\/wp\/v2\/product\/61266","targetHints":{"allow":["GET"]}}],"collection":[{"href":"https:\/\/mexpo.eu\/fr\/wp-json\/wp\/v2\/product"}],"about":[{"href":"https:\/\/mexpo.eu\/fr\/wp-json\/wp\/v2\/types\/product"}],"wp:featuredmedia":[{"embeddable":true,"href":"https:\/\/mexpo.eu\/fr\/wp-json\/wp\/v2\/media\/48479"}],"wp:attachment":[{"href":"https:\/\/mexpo.eu\/fr\/wp-json\/wp\/v2\/media?parent=61266"}],"wp:term":[{"taxonomy":"product_brand","embeddable":true,"href":"https:\/\/mexpo.eu\/fr\/wp-json\/wp\/v2\/product_brand?post=61266"},{"taxonomy":"product_cat","embeddable":true,"href":"https:\/\/mexpo.eu\/fr\/wp-json\/wp\/v2\/product_cat?post=61266"},{"taxonomy":"product_tag","embeddable":true,"href":"https:\/\/mexpo.eu\/fr\/wp-json\/wp\/v2\/product_tag?post=61266"}],"curies":[{"name":"wp","href":"https:\/\/api.w.org\/{rel}","templated":true}]}}