{"id":61265,"date":"2025-02-17T13:08:52","date_gmt":"2025-02-17T13:08:52","guid":{"rendered":"https:\/\/mexpo.pl?post_type=product&#038;p=61265"},"modified":"2025-09-02T11:30:58","modified_gmt":"2025-09-02T11:30:58","slug":"sacoche-de-transport-tb-300-350","status":"publish","type":"product","link":"https:\/\/mexpo.eu\/fr\/produkt\/sacoche-de-transport-tb-300-350\/","title":{"rendered":"Sacoche de transport TB-300\/350"},"content":{"rendered":"<p>Sac de transport en tissu. Con\u00e7u pour contenir 30 (avec mousse) ou jusqu&#8217;\u00e0 55 (sans mousse). Incroyablement l\u00e9ger et confortable, il est dot\u00e9 d&#8217;une bandouli\u00e8re r\u00e9glable et de deux poches zipp\u00e9es suppl\u00e9mentaires\u00a0: une int\u00e9rieure en filet et une ext\u00e9rieure. Le compartiment principal est dot\u00e9 d&#8217;une s\u00e9paration Velcro r\u00e9glable.<\/p>\n<p>Dimensions du sac\u00a0: 40 x 28 x 11 cm<\/p>\n<p>De plus, le volume du sac peut \u00eatre agrandi d&#8217;environ 5\u00a0cm en ouvrant la fermeture \u00e9clair sup\u00e9rieure.<\/p>\n","protected":false},"excerpt":{"rendered":"<p>Un sac de transport en tissu. Incroyablement l\u00e9ger et confortable. Il est dot\u00e9 d&#8217;une bandouli\u00e8re r\u00e9glable et de deux poches zipp\u00e9es suppl\u00e9mentaires\u00a0: une int\u00e9rieure en filet et une ext\u00e9rieure. Le compartiment principal est dot\u00e9 d&#8217;une s\u00e9paration Velcro r\u00e9glable. Le volume du sac peut \u00eatre agrandi en ouvrant la fermeture \u00e9clair sup\u00e9rieure.<\/p>\n","protected":false},"featured_media":48127,"template":"","meta":{"_acf_changed":false},"product_brand":[],"product_cat":[5178],"product_tag":[],"class_list":{"0":"post-61265","1":"product","2":"type-product","3":"status-publish","4":"has-post-thumbnail","6":"product_cat-sacoches-et-valises-de-transport","8":"first","9":"outofstock","10":"taxable","11":"shipping-taxable","12":"purchasable","13":"product-type-variable"},"acf":[],"_links":{"self":[{"href":"https:\/\/mexpo.eu\/fr\/wp-json\/wp\/v2\/product\/61265","targetHints":{"allow":["GET"]}}],"collection":[{"href":"https:\/\/mexpo.eu\/fr\/wp-json\/wp\/v2\/product"}],"about":[{"href":"https:\/\/mexpo.eu\/fr\/wp-json\/wp\/v2\/types\/product"}],"wp:featuredmedia":[{"embeddable":true,"href":"https:\/\/mexpo.eu\/fr\/wp-json\/wp\/v2\/media\/48127"}],"wp:attachment":[{"href":"https:\/\/mexpo.eu\/fr\/wp-json\/wp\/v2\/media?parent=61265"}],"wp:term":[{"taxonomy":"product_brand","embeddable":true,"href":"https:\/\/mexpo.eu\/fr\/wp-json\/wp\/v2\/product_brand?post=61265"},{"taxonomy":"product_cat","embeddable":true,"href":"https:\/\/mexpo.eu\/fr\/wp-json\/wp\/v2\/product_cat?post=61265"},{"taxonomy":"product_tag","embeddable":true,"href":"https:\/\/mexpo.eu\/fr\/wp-json\/wp\/v2\/product_tag?post=61265"}],"curies":[{"name":"wp","href":"https:\/\/api.w.org\/{rel}","templated":true}]}}