{"id":61264,"date":"2025-02-17T13:08:52","date_gmt":"2025-02-17T13:08:52","guid":{"rendered":"https:\/\/mexpo.pl?post_type=product&#038;p=61264"},"modified":"2025-02-17T14:47:35","modified_gmt":"2025-02-17T14:47:35","slug":"valise-de-transport-ac-360","status":"publish","type":"product","link":"https:\/\/mexpo.eu\/fr\/produkt\/valise-de-transport-ac-360\/","title":{"rendered":"Valise de transport AC-360"},"content":{"rendered":"<p>Valise de transport AC-360<br \/>\nValise de transport standard en contreplaqu\u00e9 et aluminium, con\u00e7ue pour un maximum de 60 appareils (sans mousse de protection).<br \/>\nDimensions ext. 155x315x460 mm. Compartiment int\u00e9rieur rigide et r\u00e9glable.<br \/>\nPoign\u00e9e en plastique tr\u00e8s r\u00e9sistante.<br \/>\nRenforcement des coins.<br \/>\n2 loquet avec un \u0153illet permettant la fermeture avec un cadenas.<br \/>\nLes charni\u00e8res amovibles emp\u00eachent le couvercle de se briser et permettent son retrait complet, par exemple, pour pouvoir acc\u00e9der confortablement \u00e0 son contenu.<br \/>\nLogo du concessionnaire sur le couvercle.<\/p>\n","protected":false},"excerpt":{"rendered":"<p>Mallette de transport standard en contreplaqu\u00e9 et aluminium, type valise. Con\u00e7u pour jusqu&#8217;\u00e0 60 appareils (sans mousse). Dimensions ext\u00e9rieures 155x315x460 mm. Compartiment interne rigide r\u00e9glable. Manche en plastique tr\u00e8s r\u00e9sistant. Renforts \u00e0 tous les coins. 2 loquets avec oeil permettant le cadenassage.<\/p>\n","protected":false},"featured_media":48139,"template":"","meta":{"_acf_changed":false},"product_brand":[],"product_cat":[5178],"product_tag":[],"class_list":{"0":"post-61264","1":"product","2":"type-product","3":"status-publish","4":"has-post-thumbnail","6":"product_cat-sacoches-et-valises-de-transport","8":"first","9":"instock","10":"taxable","11":"shipping-taxable","12":"purchasable","13":"product-type-simple"},"acf":[],"_links":{"self":[{"href":"https:\/\/mexpo.eu\/fr\/wp-json\/wp\/v2\/product\/61264","targetHints":{"allow":["GET"]}}],"collection":[{"href":"https:\/\/mexpo.eu\/fr\/wp-json\/wp\/v2\/product"}],"about":[{"href":"https:\/\/mexpo.eu\/fr\/wp-json\/wp\/v2\/types\/product"}],"wp:featuredmedia":[{"embeddable":true,"href":"https:\/\/mexpo.eu\/fr\/wp-json\/wp\/v2\/media\/48139"}],"wp:attachment":[{"href":"https:\/\/mexpo.eu\/fr\/wp-json\/wp\/v2\/media?parent=61264"}],"wp:term":[{"taxonomy":"product_brand","embeddable":true,"href":"https:\/\/mexpo.eu\/fr\/wp-json\/wp\/v2\/product_brand?post=61264"},{"taxonomy":"product_cat","embeddable":true,"href":"https:\/\/mexpo.eu\/fr\/wp-json\/wp\/v2\/product_cat?post=61264"},{"taxonomy":"product_tag","embeddable":true,"href":"https:\/\/mexpo.eu\/fr\/wp-json\/wp\/v2\/product_tag?post=61264"}],"curies":[{"name":"wp","href":"https:\/\/api.w.org\/{rel}","templated":true}]}}