{"id":61261,"date":"2025-02-17T13:09:15","date_gmt":"2025-02-17T13:09:15","guid":{"rendered":"https:\/\/mexpo.pl?post_type=product&#038;p=61261"},"modified":"2025-02-17T14:48:47","modified_gmt":"2025-02-17T14:48:47","slug":"valise-de-transport-cb-40x","status":"publish","type":"product","link":"https:\/\/mexpo.eu\/fr\/produkt\/valise-de-transport-cb-40x\/","title":{"rendered":"Valise de transport CB-40x"},"content":{"rendered":"<p>Valise de chargement sp\u00e9cialis\u00e9e pour 40 appareils mGuide DLR-01\/02.<br \/>\nAlimentation \u00e9lectrique et c\u00e2ble inclus.<\/p>\n<p>Les r\u00e9cepteur et les \u00e9metteurs sont plac\u00e9s dans des emplacements \u00e0 l&#8217;int\u00e9rieur de la valise. Apr\u00e8s \u00eatre connect\u00e9s \u00e0 la prise \u00e9lectrique, les appareils chargent automatiquement la batterie. Temps de charge apr\u00e8s la d\u00e9charge compl\u00e8te: environ 5,5 heures.<\/p>\n<p>CB-40x eut \u00e9galement \u00eatre utilis\u00e9 pour le transport et le stockage des appareils DLR.<\/p>\n","protected":false},"excerpt":{"rendered":"<p>Chargeur sp\u00e9cialis\u00e9 pour valise pour 40 unit\u00e9s de dispositifs mGuide DLR-01\/02. L&#8217;ensemble comprend un adaptateur secteur et un c\u00e2ble. Les r\u00e9cepteurs et les \u00e9metteurs sont plac\u00e9s dans des poches \u00e0 l&#8217;int\u00e9rieur de la valise. Le temps de charge de la d\u00e9charge compl\u00e8te \u00e0 la charge compl\u00e8te est d&#8217;environ 5,5 heures.<\/p>\n","protected":false},"featured_media":48449,"template":"","meta":{"_acf_changed":false},"product_brand":[],"product_cat":[5177],"product_tag":[],"class_list":{"0":"post-61261","1":"product","2":"type-product","3":"status-publish","4":"has-post-thumbnail","6":"product_cat-chargeurs","8":"first","9":"instock","10":"taxable","11":"shipping-taxable","12":"purchasable","13":"product-type-simple"},"acf":[],"_links":{"self":[{"href":"https:\/\/mexpo.eu\/fr\/wp-json\/wp\/v2\/product\/61261","targetHints":{"allow":["GET"]}}],"collection":[{"href":"https:\/\/mexpo.eu\/fr\/wp-json\/wp\/v2\/product"}],"about":[{"href":"https:\/\/mexpo.eu\/fr\/wp-json\/wp\/v2\/types\/product"}],"wp:featuredmedia":[{"embeddable":true,"href":"https:\/\/mexpo.eu\/fr\/wp-json\/wp\/v2\/media\/48449"}],"wp:attachment":[{"href":"https:\/\/mexpo.eu\/fr\/wp-json\/wp\/v2\/media?parent=61261"}],"wp:term":[{"taxonomy":"product_brand","embeddable":true,"href":"https:\/\/mexpo.eu\/fr\/wp-json\/wp\/v2\/product_brand?post=61261"},{"taxonomy":"product_cat","embeddable":true,"href":"https:\/\/mexpo.eu\/fr\/wp-json\/wp\/v2\/product_cat?post=61261"},{"taxonomy":"product_tag","embeddable":true,"href":"https:\/\/mexpo.eu\/fr\/wp-json\/wp\/v2\/product_tag?post=61261"}],"curies":[{"name":"wp","href":"https:\/\/api.w.org\/{rel}","templated":true}]}}