{"id":61254,"date":"2025-02-17T13:09:15","date_gmt":"2025-02-17T13:09:15","guid":{"rendered":"https:\/\/mexpo.pl?post_type=product&#038;p=61254"},"modified":"2025-02-17T14:48:55","modified_gmt":"2025-02-17T14:48:55","slug":"systeme-de-visite-guidee-mguide-dlr-01-l-582","status":"publish","type":"product","link":"https:\/\/mexpo.eu\/fr\/produkt\/systeme-de-visite-guidee-mguide-dlr-01-l-582\/","title":{"rendered":"Syst\u00e8me de visite guid\u00e9e &#8211; mGuide DLR-01 | L (58+2)"},"content":{"rendered":"<p>Le set inclut:<br \/>\n58 x DLR-01R + Cordons tour de cou<br \/>\n2 x DLR-01T + Cordons tour de cou<br \/>\n2 x EHR-01 (ou EHR-03S)<br \/>\n1 x CB-40x<br \/>\n1 x CB-20x<\/p>\n<p>Set SANS \u00c9COUTEURS. Choisissez des \u00e9couteurs dans notre offre!<\/p>\n<p>Nous vous pr\u00e9sentons le dernier (2018) syst\u00e8me tourguide num\u00e9rique: mGuide DLR.<\/p>\n<p>Poursuivant la tradition de mGuide\u2122 (marque propre de MEXPO) de coop\u00e9rer avec les ing\u00e9nieurs des pays asiatiques les plus avanc\u00e9s technologiquement (Japon, Taiwan, Cor\u00e9e), nous avons cr\u00e9\u00e9 le premier syst\u00e8me pour visites guid\u00e9es qui fonctionne dans les bandes ISM 2.4GHz (internationales et sans licence) dont la port\u00e9e d\u00e9passe 150m dans la ligne de vis\u00e9e et, par cons\u00e9quent, est plus de 3 fois sup\u00e9rieure \u00e0 la port\u00e9e maximale des mod\u00e8les disponibles dans l\u2019offre d\u2019autres fabricants.<\/p>\n<p>Gr\u00e2ce \u00e0 l&#8217;utilisation de la modulation num\u00e9rique bas\u00e9e sur le protocole d\u2019acc\u00e8s multiple \u00e0 r\u00e9partition dans le temps (TDMA), la puissance maximale de l&#8217;\u00e9metteur ne d\u00e9passe pas les 10 mW autoris\u00e9s.<\/p>\n<p>Caract\u00e9ristiques de mGuide DLR<\/p>\n<p>possibilit\u00e9 de transmettre depuis 2 \u00e9metteurs simultan\u00e9ment sur le m\u00eame canal<br \/>\nport\u00e9e jusqu&#8217;\u00e0 170 m\u00e8tres en ligne de vis\u00e9e<br \/>\n80 canaux<br \/>\ncommunication bidirectionnelle entre \u00e9metteurs (par exemple, la personne responsable du voyage peut communiquer avec le guide touristique \u00e0 une distance de 150 m\u00e8tres)<br \/>\npossibilit\u00e9 de connecter une source audio (par exemple, lecteur mp3) \u00e0 l&#8217;\u00e9metteur et de transmettre simultan\u00e9ment la voix et la musique de fond ou des messages enregistr\u00e9s (ce qui facilite le travail du guide touristique)<br \/>\npossibilit\u00e9 de recharge avec un chargeur normal pour t\u00e9l\u00e9phones portables (entr\u00e9e micro USB)<br \/>\npossibilit\u00e9 de recharge avec une valise de charge (baies de charge)<br \/>\nr\u00e9gulation de la sensibilit\u00e9 du microphone dans l&#8217;\u00e9metteur<br \/>\nfonction de coupure de micro (mute)<\/p>\n<p>Application<\/p>\n<p>Nous recommandons le syst\u00e8me aux agences de tourisme qui organisent des voyages sur tous les continents.<br \/>\nAutres param\u00e8tres du syst\u00e8me pour visites guid\u00e9es num\u00e9rique mGuide DLR-01:<\/p>\n<p>Fr\u00e9quence 2403-2480 MHz<br \/>\nType de transmission: modulation GFSK avec saut de fr\u00e9quence<br \/>\nTemps de fonctionnement du r\u00e9cepteur: 15h (en g\u00e9n\u00e9ral)<br \/>\nTemps de fonctionnement de l&#8217;\u00e9metteur: 10h (en g\u00e9n\u00e9ral)<br \/>\nBatterie lithium-ion 3.7V 800mA<br \/>\nDimensions 50x88x15 mm<br \/>\nPoids 60 g<\/p>\n","protected":false},"excerpt":{"rendered":"<p>Set tour-guide de grand taille: mod\u00e8le mGuide DLR-01. Ce syst\u00e8me pour guide touristique peut \u00eatre utilis\u00e9 sans probl\u00e8me sur tous les continents car il utilise la fr\u00e9quence mondiale ISM de 2,4 GHz. Le syst\u00e8me tourguide mGuide DLR est un \u00e9quipement num\u00e9rique capable de faire fonctionner 2 \u00e9metteurs tourguide simultan\u00e9ment sur 1 canal. Garantie: 3 ans.<\/p>\n","protected":false},"featured_media":48469,"template":"","meta":{"_acf_changed":false},"product_brand":[],"product_cat":[5175],"product_tag":[],"class_list":{"0":"post-61254","1":"product","2":"type-product","3":"status-publish","4":"has-post-thumbnail","6":"product_cat-sets-tour-guide","8":"first","9":"instock","10":"taxable","11":"shipping-taxable","12":"purchasable","13":"product-type-simple"},"acf":[],"_links":{"self":[{"href":"https:\/\/mexpo.eu\/fr\/wp-json\/wp\/v2\/product\/61254","targetHints":{"allow":["GET"]}}],"collection":[{"href":"https:\/\/mexpo.eu\/fr\/wp-json\/wp\/v2\/product"}],"about":[{"href":"https:\/\/mexpo.eu\/fr\/wp-json\/wp\/v2\/types\/product"}],"wp:featuredmedia":[{"embeddable":true,"href":"https:\/\/mexpo.eu\/fr\/wp-json\/wp\/v2\/media\/48469"}],"wp:attachment":[{"href":"https:\/\/mexpo.eu\/fr\/wp-json\/wp\/v2\/media?parent=61254"}],"wp:term":[{"taxonomy":"product_brand","embeddable":true,"href":"https:\/\/mexpo.eu\/fr\/wp-json\/wp\/v2\/product_brand?post=61254"},{"taxonomy":"product_cat","embeddable":true,"href":"https:\/\/mexpo.eu\/fr\/wp-json\/wp\/v2\/product_cat?post=61254"},{"taxonomy":"product_tag","embeddable":true,"href":"https:\/\/mexpo.eu\/fr\/wp-json\/wp\/v2\/product_tag?post=61254"}],"curies":[{"name":"wp","href":"https:\/\/api.w.org\/{rel}","templated":true}]}}