{"id":69093,"date":"2025-10-27T10:56:49","date_gmt":"2025-10-27T09:56:49","guid":{"rendered":"https:\/\/mexpo.eu\/a-propos-de-nous\/"},"modified":"2026-05-05T11:17:11","modified_gmt":"2026-05-05T09:17:11","slug":"a-propos-de-nous","status":"publish","type":"page","link":"https:\/\/mexpo.eu\/fr\/a-propos-de-nous\/","title":{"rendered":"\u00c0 propos de nous"},"content":{"rendered":"<div class=\"wpb-content-wrapper\"><p>[vc_section][vc_row full_width=&#8221;stretch_row&#8221; css=&#8221;.vc_custom_1761215406005{margin-top: 30px !important;margin-bottom: 50px !important;padding-top: 30px !important;padding-bottom: 50px !important;}&#8221;][vc_column][vc_custom_heading text=&#8221;Qui sommes-nous ?&#8221; font_container=&#8221;tag:h2|font_size:35|text_align:center|color:%233F3F3F&#8221; google_fonts=&#8221;font_family:Open%20Sans%3A300%2C300italic%2Cregular%2Citalic%2C600%2C600italic%2C700%2C700italic%2C800%2C800italic|font_style:700%20bold%20regular%3A700%3Anormal&#8221; css=&#8221;.vc_custom_1761210000177{padding-bottom: 20px !important;}&#8221;][vc_custom_heading text=&#8221;Pionni\u00e8re des syst\u00e8mes de guidage touristique et premi\u00e8re entreprise \u00e0 s&apos;\u00eatre \u00e9tendue au secteur du tourisme au sens large, MEXPO fait r\u00e9f\u00e9rence en Europe depuis des ann\u00e9es. C&apos;est notre soci\u00e9t\u00e9 qui a lanc\u00e9 l&apos;embl\u00e9matique r\u00e9cepteur rouge WT-300, toujours utilis\u00e9 par des milliers d&apos;agences de voyages et de guides, dont notre client de longue date, Rainbow Tours. Nous sommes fiers d&apos;\u00eatre partenaire Platinum d&apos;Okayo Electronics, repr\u00e9sentant de Linkx Electronics et de Maytel, et nous d\u00e9veloppons activement notre propre marque, mGuide.&#8221; font_container=&#8221;tag:h2|font_size:18|text_align:center|color:%233F3F3F|line_height:2&#8243; google_fonts=&#8221;font_family:Open%20Sans%3A300%2C300italic%2Cregular%2Citalic%2C600%2C600italic%2C700%2C700italic%2C800%2C800italic|font_style:400%20regular%3A400%3Anormal&#8221; css=&#8221;&#8221;][\/vc_column][\/vc_row][vc_row css=&#8221;.vc_custom_1761215363945{padding-bottom: 50px !important;}&#8221;][vc_column][vc_row_inner][vc_column_inner width=&#8221;1\/3&#8243;][vc_single_image image=&#8221;69079&#8243; alignment=&#8221;center&#8221; css=&#8221;&#8221;][vc_custom_heading text=&#8221;Fournisseur fiable&#8221; font_container=&#8221;tag:h2|font_size:20|text_align:center|color:%233F3F3F&#8221; google_fonts=&#8221;font_family:Open%20Sans%3A300%2C300italic%2Cregular%2Citalic%2C600%2C600italic%2C700%2C700italic%2C800%2C800italic|font_style:600%20bold%20regular%3A600%3Anormal&#8221; css=&#8221;&#8221;][vc_custom_heading text=&#8221;En tant que leader du march\u00e9, nous \u00e9tablissons depuis des ann\u00e9es des normes de qualit\u00e9 et de fiabilit\u00e9, ce que confirment des milliers d&apos;agences de voyages et de guides satisfaits.&#8221; font_container=&#8221;tag:h2|font_size:15|text_align:center|color:%233F3F3F&#8221; google_fonts=&#8221;font_family:Open%20Sans%3A300%2C300italic%2Cregular%2Citalic%2C600%2C600italic%2C700%2C700italic%2C800%2C800italic|font_style:400%20regular%3A400%3Anormal&#8221; css=&#8221;.vc_custom_1761211519509{padding-bottom: 20px !important;}&#8221;][\/vc_column_inner][vc_column_inner width=&#8221;1\/3&#8243;][vc_single_image image=&#8221;69080&#8243; alignment=&#8221;center&#8221; css=&#8221;&#8221;][vc_custom_heading text=&#8221;\u00c9cologiquement responsable&#8221; font_container=&#8221;tag:h2|font_size:20|text_align:center|color:%233F3F3F&#8221; google_fonts=&#8221;font_family:Open%20Sans%3A300%2C300italic%2Cregular%2Citalic%2C600%2C600italic%2C700%2C700italic%2C800%2C800italic|font_style:600%20bold%20regular%3A600%3Anormal&#8221; css=&#8221;&#8221;][vc_custom_heading text=&#8221;Nous mettons activement en \u0153uvre des solutions respectueuses de l&apos;environnement pour soutenir le d\u00e9veloppement durable du secteur touristique et minimiser notre empreinte \u00e9cologique collective.&#8221; font_container=&#8221;tag:h2|font_size:15|text_align:center|color:%233F3F3F&#8221; google_fonts=&#8221;font_family:Open%20Sans%3A300%2C300italic%2Cregular%2Citalic%2C600%2C600italic%2C700%2C700italic%2C800%2C800italic|font_style:400%20regular%3A400%3Anormal&#8221; css=&#8221;.vc_custom_1761211474281{padding-bottom: 20px !important;}&#8221;][\/vc_column_inner][vc_column_inner width=&#8221;1\/3&#8243;][vc_single_image image=&#8221;69081&#8243; alignment=&#8221;center&#8221; css=&#8221;&#8221;][vc_custom_heading text=&#8221;Nous vous accompagnons \u00e0 chaque \u00e9tape.&#8221; font_container=&#8221;tag:h2|font_size:20|text_align:center|color:%233F3F3F&#8221; google_fonts=&#8221;font_family:Open%20Sans%3A300%2C300italic%2Cregular%2Citalic%2C600%2C600italic%2C700%2C700italic%2C800%2C800italic|font_style:600%20bold%20regular%3A600%3Anormal&#8221; css=&#8221;&#8221;][vc_custom_heading text=&#8221;Nous accompagnons nos clients \u00e0 chaque \u00e9tape \u2013 depuis les conseils professionnels pour le choix du mat\u00e9riel jusqu&apos;\u00e0 un service apr\u00e8s-vente complet et une assistance technique.&#8221; font_container=&#8221;tag:h2|font_size:15|text_align:center|color:%233F3F3F&#8221; google_fonts=&#8221;font_family:Open%20Sans%3A300%2C300italic%2Cregular%2Citalic%2C600%2C600italic%2C700%2C700italic%2C800%2C800italic|font_style:400%20regular%3A400%3Anormal&#8221; css=&#8221;.vc_custom_1761211599425{padding-bottom: 20px !important;}&#8221;][\/vc_column_inner][\/vc_row_inner][\/vc_column][\/vc_row][vc_row full_width=&#8221;stretch_row&#8221; content_placement=&#8221;middle&#8221; css=&#8221;.vc_custom_1761213548439{background-color: #E8F0F3 !important;}&#8221;][vc_column width=&#8221;1\/2&#8243;][vc_custom_heading text=&#8221;Leaders de la transformation num\u00e9rique&#8221; font_container=&#8221;tag:h2|font_size:35|text_align:center|color:%233F3F3F&#8221; google_fonts=&#8221;font_family:Open%20Sans%3A300%2C300italic%2Cregular%2Citalic%2C600%2C600italic%2C700%2C700italic%2C800%2C800italic|font_style:700%20bold%20regular%3A700%3Anormal&#8221; css=&#8221;&#8221;][vc_custom_heading text=&#8221;Avec nos partenaires de confiance et gr\u00e2ce au d\u00e9veloppement dynamique de notre propre marque \u2013 mGuide \u2013, nous mettons en \u0153uvre de mani\u00e8re constante une transformation num\u00e9rique dans la gamme de mod\u00e8les de guides touristiques que nous proposons.&#8221; font_container=&#8221;tag:h2|font_size:17|text_align:center|color:%233F3F3F|line_height:2&#8243; google_fonts=&#8221;font_family:Open%20Sans%3A300%2C300italic%2Cregular%2Citalic%2C600%2C600italic%2C700%2C700italic%2C800%2C800italic|font_style:400%20regular%3A400%3Anormal&#8221; css=&#8221;.vc_custom_1761213351494{padding-top: 30px !important;padding-bottom: 20px !important;}&#8221;][vc_custom_heading text=&#8221;Gr\u00e2ce \u00e0 cette \u00e9volution, les bandes radio sont utilis\u00e9es de mani\u00e8re plus optimale, r\u00e9duisant ainsi la \u00ab congestion \u00bb et permettant \u00e0 un plus grand nombre de groupes de touristes de travailler simultan\u00e9ment et sans interruption dans une zone plus restreinte, ce qui apporte des gains d&apos;efficacit\u00e9 tangibles \u00e0 l&apos;ensemble du march\u00e9.&#8221; font_container=&#8221;tag:h2|font_size:17|text_align:center|color:%233F3F3F|line_height:2&#8243; google_fonts=&#8221;font_family:Open%20Sans%3A300%2C300italic%2Cregular%2Citalic%2C600%2C600italic%2C700%2C700italic%2C800%2C800italic|font_style:400%20regular%3A400%3Anormal&#8221; css=&#8221;.vc_custom_1761213216611{padding-bottom: 20px !important;}&#8221;][\/vc_column][vc_column width=&#8221;1\/2&#8243;][vc_single_image image=&#8221;69082&#8243; img_size=&#8221;medium&#8221; alignment=&#8221;center&#8221; css_animation=&#8221;bounceInDown&#8221; css=&#8221;&#8221;][\/vc_column][\/vc_row][vc_row][vc_column][vc_custom_heading text=&#8221;La gamme la plus \u00e9tendue et des applications polyvalentes&#8221; font_container=&#8221;tag:h2|font_size:35|text_align:center|color:%233F3F3F&#8221; google_fonts=&#8221;font_family:Open%20Sans%3A300%2C300italic%2Cregular%2Citalic%2C600%2C600italic%2C700%2C700italic%2C800%2C800italic|font_style:700%20bold%20regular%3A700%3Anormal&#8221; css=&#8221;&#8221;][vc_custom_heading text=&#8221;Nous proposons la gamme la plus compl\u00e8te de mod\u00e8les de guides touristiques disponibles, utilis\u00e9s avec succ\u00e8s dans de nombreuses applications. Nos syst\u00e8mes sont utilis\u00e9s aussi bien par des guides ind\u00e9pendants que par de grands mus\u00e9es en Pologne et dans le monde entier, comme le mus\u00e9e d&apos;\u00c9tat d&apos;Auschwitz-Birkenau \u00e0 O\u015bwi\u0119cim.&#8221; font_container=&#8221;tag:h2|font_size:17|text_align:center|color:%233F3F3F|line_height:2&#8243; google_fonts=&#8221;font_family:Open%20Sans%3A300%2C300italic%2Cregular%2Citalic%2C600%2C600italic%2C700%2C700italic%2C800%2C800italic|font_style:400%20regular%3A400%3Anormal&#8221; css=&#8221;.vc_custom_1761554535579{padding-top: 30px !important;padding-bottom: 20px !important;}&#8221;][\/vc_column][\/vc_row][vc_row css_animation=&#8221;fadeIn&#8221;][vc_column width=&#8221;1\/6&#8243;][vc_single_image image=&#8221;69083&#8243; img_size=&#8221;300&#215;500&#8243; style=&#8221;vc_box_shadow_3d&#8221; css=&#8221;&#8221;][vc_custom_heading text=&#8221;Sport&#8221; font_container=&#8221;tag:h2|font_size:20|text_align:center|color:%233F3F3F&#8221; google_fonts=&#8221;font_family:Open%20Sans%3A300%2C300italic%2Cregular%2Citalic%2C600%2C600italic%2C700%2C700italic%2C800%2C800italic|font_style:600%20bold%20regular%3A600%3Anormal&#8221; css=&#8221;&#8221;][vc_custom_heading text=&#8221;pour les juges, pour l&apos;\u00e9quitation, le cyclisme ou les cours de natation&#8221; font_container=&#8221;tag:h2|font_size:15|text_align:center|color:%233F3F3F&#8221; google_fonts=&#8221;font_family:Open%20Sans%3A300%2C300italic%2Cregular%2Citalic%2C600%2C600italic%2C700%2C700italic%2C800%2C800italic|font_style:400%20regular%3A400%3Anormal&#8221; css=&#8221;.vc_custom_1761553813243{padding-bottom: 20px !important;}&#8221;][\/vc_column][vc_column width=&#8221;1\/6&#8243;][vc_single_image image=&#8221;69084&#8243; img_size=&#8221;300&#215;500&#8243; style=&#8221;vc_box_shadow_3d&#8221; css=&#8221;&#8221;][vc_custom_heading text=&#8221;Traductions&#8221; font_container=&#8221;tag:h2|font_size:20|text_align:center|color:%233F3F3F&#8221; google_fonts=&#8221;font_family:Open%20Sans%3A300%2C300italic%2Cregular%2Citalic%2C600%2C600italic%2C700%2C700italic%2C800%2C800italic|font_style:600%20bold%20regular%3A600%3Anormal&#8221; css=&#8221;&#8221;][vc_custom_heading text=&#8221;lors de salons professionnels et de r\u00e9unions d&apos;affaires&#8221; font_container=&#8221;tag:h2|font_size:15|text_align:center|color:%233F3F3F&#8221; google_fonts=&#8221;font_family:Open%20Sans%3A300%2C300italic%2Cregular%2Citalic%2C600%2C600italic%2C700%2C700italic%2C800%2C800italic|font_style:400%20regular%3A400%3Anormal&#8221; css=&#8221;.vc_custom_1761554014653{padding-bottom: 20px !important;}&#8221;][\/vc_column][vc_column width=&#8221;1\/6&#8243;][vc_single_image image=&#8221;69085&#8243; img_size=&#8221;300&#215;500&#8243; style=&#8221;vc_box_shadow_3d&#8221; css=&#8221;&#8221;][vc_custom_heading text=&#8221;Industrie&#8221; font_container=&#8221;tag:h2|font_size:20|text_align:center|color:%233F3F3F&#8221; google_fonts=&#8221;font_family:Open%20Sans%3A300%2C300italic%2Cregular%2Citalic%2C600%2C600italic%2C700%2C700italic%2C800%2C800italic|font_style:600%20bold%20regular%3A600%3Anormal&#8221; css=&#8221;&#8221;][vc_custom_heading text=&#8221;Visites guid\u00e9es d&apos;usines et d&apos;entrep\u00f4ts, m\u00eame dans des environnements bruyants et avec port du casque.&#8221; font_container=&#8221;tag:h2|font_size:15|text_align:center|color:%233F3F3F&#8221; google_fonts=&#8221;font_family:Open%20Sans%3A300%2C300italic%2Cregular%2Citalic%2C600%2C600italic%2C700%2C700italic%2C800%2C800italic|font_style:400%20regular%3A400%3Anormal&#8221; css=&#8221;.vc_custom_1761553871604{padding-bottom: 20px !important;}&#8221;][\/vc_column][vc_column width=&#8221;1\/6&#8243;][vc_single_image image=&#8221;69086&#8243; img_size=&#8221;300&#215;500&#8243; style=&#8221;vc_box_shadow_3d&#8221; css=&#8221;&#8221;][vc_custom_heading text=&#8221;Description audio&#8221; font_container=&#8221;tag:h2|font_size:20|text_align:center|color:%233F3F3F&#8221; google_fonts=&#8221;font_family:Open%20Sans%3A300%2C300italic%2Cregular%2Citalic%2C600%2C600italic%2C700%2C700italic%2C800%2C800italic|font_style:600%20bold%20regular%3A600%3Anormal&#8221; css=&#8221;&#8221;][vc_custom_heading text=&#8221;dans les cin\u00e9mas, les th\u00e9\u00e2tres, les stades&#8221; font_container=&#8221;tag:h2|font_size:15|text_align:center|color:%233F3F3F&#8221; google_fonts=&#8221;font_family:Open%20Sans%3A300%2C300italic%2Cregular%2Citalic%2C600%2C600italic%2C700%2C700italic%2C800%2C800italic|font_style:400%20regular%3A400%3Anormal&#8221; css=&#8221;.vc_custom_1761554053805{padding-bottom: 20px !important;}&#8221;][\/vc_column][vc_column width=&#8221;1\/6&#8243;][vc_single_image image=&#8221;69087&#8243; img_size=&#8221;300&#215;500&#8243; style=&#8221;vc_box_shadow_3d&#8221; css=&#8221;&#8221;][vc_custom_heading text=&#8221;Tourisme&#8221; font_container=&#8221;tag:h2|font_size:20|text_align:center|color:%233F3F3F&#8221; google_fonts=&#8221;font_family:Open%20Sans%3A300%2C300italic%2Cregular%2Citalic%2C600%2C600italic%2C700%2C700italic%2C800%2C800italic|font_style:600%20bold%20regular%3A600%3Anormal&#8221; css=&#8221;&#8221;][vc_custom_heading text=&#8221;des guides individuels aux grands voyagistes&#8221; font_container=&#8221;tag:h2|font_size:15|text_align:center|color:%233F3F3F&#8221; google_fonts=&#8221;font_family:Open%20Sans%3A300%2C300italic%2Cregular%2Citalic%2C600%2C600italic%2C700%2C700italic%2C800%2C800italic|font_style:400%20regular%3A400%3Anormal&#8221; css=&#8221;.vc_custom_1761554043921{padding-bottom: 20px !important;}&#8221;][\/vc_column][vc_column width=&#8221;1\/6&#8243;][vc_single_image image=&#8221;69088&#8243; img_size=&#8221;300&#215;500&#8243; style=&#8221;vc_box_shadow_3d&#8221; css=&#8221;&#8221;][vc_custom_heading text=&#8221;Formation et affaires&#8221; font_container=&#8221;tag:h2|font_size:20|text_align:center|color:%233F3F3F&#8221; google_fonts=&#8221;font_family:Open%20Sans%3A300%2C300italic%2Cregular%2Citalic%2C600%2C600italic%2C700%2C700italic%2C800%2C800italic|font_style:600%20bold%20regular%3A600%3Anormal&#8221; css=&#8221;&#8221;][vc_custom_heading text=&#8221;lors de conf\u00e9rences, de foires et de conf\u00e9rences&#8221; font_container=&#8221;tag:h2|font_size:15|text_align:center|color:%233F3F3F&#8221; google_fonts=&#8221;font_family:Open%20Sans%3A300%2C300italic%2Cregular%2Citalic%2C600%2C600italic%2C700%2C700italic%2C800%2C800italic|font_style:400%20regular%3A400%3Anormal&#8221; css=&#8221;.vc_custom_1761553979314{padding-bottom: 20px !important;}&#8221;][\/vc_column][\/vc_row][vc_row full_width=&#8221;stretch_row&#8221; content_placement=&#8221;middle&#8221; css=&#8221;.vc_custom_1761559055223{background-color: #E8F0F3 !important;}&#8221;][vc_column width=&#8221;1\/2&#8243;][vc_single_image image=&#8221;69089&#8243; img_size=&#8221;medium&#8221; alignment=&#8221;center&#8221; css_animation=&#8221;bounceInDown&#8221; css=&#8221;&#8221;][\/vc_column][vc_column width=&#8221;1\/2&#8243;][vc_custom_heading text=&#8221;Garantie de qualit\u00e9 et assistance professionnelle&#8221; font_container=&#8221;tag:h2|font_size:35|text_align:center|color:%233F3F3F&#8221; google_fonts=&#8221;font_family:Open%20Sans%3A300%2C300italic%2Cregular%2Citalic%2C600%2C600italic%2C700%2C700italic%2C800%2C800italic|font_style:700%20bold%20regular%3A700%3Anormal&#8221; css=&#8221;&#8221;][vc_custom_heading text=&#8221;Avant d&apos;int\u00e9grer un mod\u00e8le \u00e0 notre catalogue, il doit subir des tests rigoureux, tant lors de sa production chez nos partenaires que dans notre service de contr\u00f4le qualit\u00e9 interne. C&apos;est pourquoi, chaque ann\u00e9e, nous rejetons la grande majorit\u00e9 des propositions qui nous sont soumises par d&apos;autres fabricants.&#8221; font_container=&#8221;tag:h2|font_size:17|text_align:center|color:%233F3F3F|line_height:2&#8243; google_fonts=&#8221;font_family:Open%20Sans%3A300%2C300italic%2Cregular%2Citalic%2C600%2C600italic%2C700%2C700italic%2C800%2C800italic|font_style:400%20regular%3A400%3Anormal&#8221; css=&#8221;.vc_custom_1761558694691{padding-top: 30px !important;padding-bottom: 20px !important;}&#8221;][vc_custom_heading text=&#8221;Pour faciliter votre choix, nous proposons du mat\u00e9riel de location pour des essais comparatifs. Nous souhaitons que nos clients ach\u00e8tent en toute connaissance de cause\u00a0; c\u2019est pourquoi nous les aidons toujours \u00e0 choisir le mod\u00e8le qui correspond parfaitement \u00e0 leurs besoins sp\u00e9cifiques.&#8221; font_container=&#8221;tag:h2|font_size:17|text_align:center|color:%233F3F3F|line_height:2&#8243; google_fonts=&#8221;font_family:Open%20Sans%3A300%2C300italic%2Cregular%2Citalic%2C600%2C600italic%2C700%2C700italic%2C800%2C800italic|font_style:400%20regular%3A400%3Anormal&#8221; css=&#8221;.vc_custom_1761558785432{padding-bottom: 20px !important;}&#8221;][\/vc_column][\/vc_row][vc_row full_width=&#8221;stretch_row&#8221; css=&#8221;.vc_custom_1761559076559{margin-bottom: 20px !important;padding-bottom: 20px !important;}&#8221;][vc_column][vc_custom_heading text=&#8221;Nos r\u00e9alisations&#8221; font_container=&#8221;tag:h2|font_size:35|text_align:center|color:%233F3F3F&#8221; google_fonts=&#8221;font_family:Open%20Sans%3A300%2C300italic%2Cregular%2Citalic%2C600%2C600italic%2C700%2C700italic%2C800%2C800italic|font_style:700%20bold%20regular%3A700%3Anormal&#8221; css=&#8221;&#8221;][\/vc_column][\/vc_row][vc_row full_width=&#8221;stretch_row&#8221; content_placement=&#8221;middle&#8221; css_animation=&#8221;zoomIn&#8221;][vc_column width=&#8221;1\/3&#8243;][vc_single_image image=&#8221;69090&#8243; img_size=&#8221;400&#215;400&#8243; alignment=&#8221;center&#8221; css=&#8221;&#8221;][vc_custom_heading text=&#8221;2023&#8243; font_container=&#8221;tag:h2|font_size:20|text_align:center|color:%233F3F3F&#8221; google_fonts=&#8221;font_family:Open%20Sans%3A300%2C300italic%2Cregular%2Citalic%2C600%2C600italic%2C700%2C700italic%2C800%2C800italic|font_style:600%20bold%20regular%3A600%3Anormal&#8221; css=&#8221;&#8221;][vc_custom_heading text=&#8221;Partenaire Or d\u2019Okayo Electronics&#8221; font_container=&#8221;tag:h2|font_size:15|text_align:center|color:%233F3F3F&#8221; google_fonts=&#8221;font_family:Open%20Sans%3A300%2C300italic%2Cregular%2Citalic%2C600%2C600italic%2C700%2C700italic%2C800%2C800italic|font_style:400%20regular%3A400%3Anormal&#8221; css=&#8221;.vc_custom_1761557085953{padding-bottom: 20px !important;}&#8221;][\/vc_column][vc_column width=&#8221;1\/3&#8243;][vc_single_image image=&#8221;69091&#8243; img_size=&#8221;400&#215;400&#8243; alignment=&#8221;center&#8221; css=&#8221;&#8221;][vc_custom_heading text=&#8221;2024&#8243; font_container=&#8221;tag:h2|font_size:20|text_align:center|color:%233F3F3F&#8221; google_fonts=&#8221;font_family:Open%20Sans%3A300%2C300italic%2Cregular%2Citalic%2C600%2C600italic%2C700%2C700italic%2C800%2C800italic|font_style:600%20bold%20regular%3A600%3Anormal&#8221; css=&#8221;&#8221;][vc_custom_heading text=&#8221;Partenaire Platine d\u2019Okayo Electronics&#8221; font_container=&#8221;tag:h2|font_size:15|text_align:center|color:%233F3F3F&#8221; google_fonts=&#8221;font_family:Open%20Sans%3A300%2C300italic%2Cregular%2Citalic%2C600%2C600italic%2C700%2C700italic%2C800%2C800italic|font_style:400%20regular%3A400%3Anormal&#8221; css=&#8221;.vc_custom_1761557073752{padding-bottom: 20px !important;}&#8221;][\/vc_column][vc_column width=&#8221;1\/3&#8243;][vc_single_image image=&#8221;69092&#8243; img_size=&#8221;400&#215;400&#8243; alignment=&#8221;center&#8221; css=&#8221;&#8221;][vc_custom_heading text=&#8221;2025&#8243; font_container=&#8221;tag:h2|font_size:20|text_align:center|color:%233F3F3F&#8221; google_fonts=&#8221;font_family:Open%20Sans%3A300%2C300italic%2Cregular%2Citalic%2C600%2C600italic%2C700%2C700italic%2C800%2C800italic|font_style:600%20bold%20regular%3A600%3Anormal&#8221; css=&#8221;&#8221;][vc_custom_heading text=&#8221;Partenaire Diamant d\u2019Okayo Electronics&#8221; font_container=&#8221;tag:h2|font_size:15|text_align:center|color:%233F3F3F&#8221; google_fonts=&#8221;font_family:Open%20Sans%3A300%2C300italic%2Cregular%2Citalic%2C600%2C600italic%2C700%2C700italic%2C800%2C800italic|font_style:400%20regular%3A400%3Anormal&#8221; css=&#8221;.vc_custom_1777025944749{padding-bottom: 20px !important;}&#8221;][\/vc_column][\/vc_row][\/vc_section]<\/p>\n<\/div>","protected":false},"excerpt":{"rendered":"<p>[vc_section][vc_row full_width=&#8221;stretch_row&#8221; css=&#8221;.vc_custom_1761215406005{margin-top: 30px !important;margin-bottom: 50px !important;padding-top: 30px !important;padding-bottom: 50px !important;}&#8221;][vc_column][vc_custom_heading text=&#8221;Qui sommes-nous ?&#8221; font_container=&#8221;tag:h2|font_size:35|text_align:center|color:%233F3F3F&#8221; google_fonts=&#8221;font_family:Open%20Sans%3A300%2C300italic%2Cregular%2Citalic%2C600%2C600italic%2C700%2C700italic%2C800%2C800italic|font_style:700%20bold%20regular%3A700%3Anormal&#8221; css=&#8221;.vc_custom_1761210000177{padding-bottom: 20px !important;}&#8221;][vc_custom_heading text=&#8221;Pionni\u00e8re des syst\u00e8mes de guidage touristique et premi\u00e8re entreprise \u00e0 s&apos;\u00eatre<\/p>\n","protected":false},"author":353,"featured_media":0,"parent":0,"menu_order":0,"comment_status":"closed","ping_status":"closed","template":"","meta":{"_acf_changed":false,"footnotes":""},"class_list":["post-69093","page","type-page","status-publish","hentry"],"acf":[],"_links":{"self":[{"href":"https:\/\/mexpo.eu\/fr\/wp-json\/wp\/v2\/pages\/69093","targetHints":{"allow":["GET"]}}],"collection":[{"href":"https:\/\/mexpo.eu\/fr\/wp-json\/wp\/v2\/pages"}],"about":[{"href":"https:\/\/mexpo.eu\/fr\/wp-json\/wp\/v2\/types\/page"}],"author":[{"embeddable":true,"href":"https:\/\/mexpo.eu\/fr\/wp-json\/wp\/v2\/users\/353"}],"replies":[{"embeddable":true,"href":"https:\/\/mexpo.eu\/fr\/wp-json\/wp\/v2\/comments?post=69093"}],"version-history":[{"count":2,"href":"https:\/\/mexpo.eu\/fr\/wp-json\/wp\/v2\/pages\/69093\/revisions"}],"predecessor-version":[{"id":69097,"href":"https:\/\/mexpo.eu\/fr\/wp-json\/wp\/v2\/pages\/69093\/revisions\/69097"}],"wp:attachment":[{"href":"https:\/\/mexpo.eu\/fr\/wp-json\/wp\/v2\/media?parent=69093"}],"curies":[{"name":"wp","href":"https:\/\/api.w.org\/{rel}","templated":true}]}}