{"id":68852,"date":"2026-04-16T14:58:26","date_gmt":"2026-04-16T12:58:26","guid":{"rendered":"https:\/\/mexpo.eu\/tests-et-location\/"},"modified":"2026-04-16T15:27:16","modified_gmt":"2026-04-16T13:27:16","slug":"tests-et-location","status":"publish","type":"page","link":"https:\/\/mexpo.eu\/fr\/tests-et-location\/","title":{"rendered":"Tests et location"},"content":{"rendered":"<div class=\"wpb-content-wrapper\"><p>[vc_section full_width=&#8221;stretch_row&#8221; css=&#8221;.vc_custom_1762162986145{margin-top: 0px !important;margin-bottom: 0px !important;border-top-width: 0px !important;border-bottom-width: 0px !important;padding-top: 0px !important;padding-bottom: 0px !important;background-color: #FFFDFA !important;}&#8221;]<\/p>\n<p>[vc_row full_width=&#8221;stretch_row&#8221; content_placement=&#8221;middle&#8221; css=&#8221;.vc_custom_1762164156755{margin-top: 0px !important;border-top-width: 0px !important;padding-top: 0px !important;padding-bottom: 50px !important;background-color: #F6F1EA !important;}&#8221;][vc_column][vc_single_image image=&#8221;68842&#8243; img_size=&#8221;&#8221; alignment=&#8221;center&#8221; css=&#8221;&#8221;][vc_custom_heading text=&#8221;Choisissez en toute conscience \u2013 testez et louez nos syst\u00e8mes !&#8221; font_container=&#8221;tag:h2|font_size:40|text_align:center&#8221; google_fonts=&#8221;font_family:Roboto%3A100%2C100italic%2C300%2C300italic%2Cregular%2Citalic%2C500%2C500italic%2C700%2C700italic%2C900%2C900italic|font_style:900%20bold%20regular%3A900%3Anormal&#8221; css=&#8221;&#8221;][vc_custom_heading text=&#8221;Prenez votre d\u00e9cision sans aucun risque. Nous vous offrons la possibilit\u00e9 de tester gratuitement nos appareils directement dans votre environnement \u2013 d\u00e9couvrez leur efficacit\u00e9 avant d\u2019investir. Et si vous avez besoin de plus de temps ou d\u2019un plus grand nombre d\u2019appareils, profitez de notre option de location.&#8221; font_container=&#8221;tag:h2|font_size:20|text_align:center|line_height:1.5&#8243; google_fonts=&#8221;font_family:Roboto%3A100%2C100italic%2C300%2C300italic%2Cregular%2Citalic%2C500%2C500italic%2C700%2C700italic%2C900%2C900italic|font_style:300%20light%20regular%3A300%3Anormal&#8221; css=&#8221;&#8221;][\/vc_column][\/vc_row][vc_row full_width=&#8221;stretch_row&#8221; content_placement=&#8221;middle&#8221; css=&#8221;.vc_custom_1761909098356{padding-top: 70px !important;padding-bottom: 50px !important;}&#8221;][vc_column width=&#8221;1\/2&#8243;][vc_single_image image=&#8221;68843&#8243; img_size=&#8221;&#8221; alignment=&#8221;center&#8221; css=&#8221;&#8221;][\/vc_column][vc_column width=&#8221;1\/2&#8243;][vc_custom_heading text=&#8221;Testez le syst\u00e8me gratuitement&#8221; font_container=&#8221;tag:h2|font_size:28|text_align:left&#8221; google_fonts=&#8221;font_family:Roboto%3A100%2C100italic%2C300%2C300italic%2Cregular%2Citalic%2C500%2C500italic%2C700%2C700italic%2C900%2C900italic|font_style:700%20bold%20regular%3A700%3Anormal&#8221; css=&#8221;&#8221;][vc_column_text css=&#8221;&#8221;]<\/p>\n<p>Nous sommes convaincus que le meilleur choix est un choix \u00e9clair\u00e9, c&#8217;est pourquoi nous vous offrons la <strong>possibilit\u00e9 de tester gratuitement<\/strong> nos appareils. Nous souhaitons que vous puissiez prendre la meilleure d\u00e9cision, sans crainte ni doute quant \u00e0 la capacit\u00e9 du syst\u00e8me choisi \u00e0 r\u00e9pondre \u00e0 vos attentes.<\/p>\n<p>[\/vc_column_text][vc_row_inner content_placement=&#8221;middle&#8221; gap=&#8221;30&#8243;][vc_column_inner width=&#8221;1\/6&#8243;][vc_single_image image=&#8221;68844&#8243; img_size=&#8221;&#8221; alignment=&#8221;center&#8221; css=&#8221;&#8221;][\/vc_column_inner][vc_column_inner width=&#8221;5\/6&#8243; css=&#8221;.vc_custom_1761911647853{padding-left: 0px !important;}&#8221;][vc_column_text css=&#8221;&#8221;]<\/p>\n<p>Vous recevrez <strong>2 \u00e0 3 appareils<\/strong> d\u2019un m\u00eame mod\u00e8le, accompagn\u00e9s de l\u2019ensemble des accessoires n\u00e9cessaires.<\/p>\n<p>[\/vc_column_text][\/vc_column_inner][\/vc_row_inner][vc_row_inner content_placement=&#8221;middle&#8221; gap=&#8221;30&#8243;][vc_column_inner width=&#8221;1\/6&#8243;][vc_single_image image=&#8221;68845&#8243; img_size=&#8221;&#8221; alignment=&#8221;center&#8221; css=&#8221;&#8221;][\/vc_column_inner][vc_column_inner width=&#8221;5\/6&#8243; css=&#8221;.vc_custom_1761911643939{padding-left: 0px !important;}&#8221;][vc_column_text css=&#8221;&#8221;]<\/p>\n<p>Nous vous accordons <strong>5 \u00e0 7 jours<\/strong> pour tester et \u00e9valuer le mat\u00e9riel en toute tranquillit\u00e9, dans votre propre environnement.<\/p>\n<p>[\/vc_column_text][\/vc_column_inner][\/vc_row_inner][vc_row_inner content_placement=&#8221;middle&#8221; gap=&#8221;30&#8243;][vc_column_inner width=&#8221;1\/6&#8243;][vc_single_image image=&#8221;68846&#8243; img_size=&#8221;&#8221; alignment=&#8221;center&#8221; css=&#8221;&#8221;][\/vc_column_inner][vc_column_inner width=&#8221;5\/6&#8243; css=&#8221;.vc_custom_1761911640197{padding-left: 0px !important;}&#8221;][vc_column_text css=&#8221;&#8221;]<\/p>\n<p><strong>Nous vous encourageons \u00e0 tester simultan\u00e9ment 2 ou 3 mod\u00e8les diff\u00e9rents.<\/strong> Cela vous permettra de comparer et d&#8217;\u00e9valuer de mani\u00e8re fiable les fonctionnalit\u00e9s et de choisir le syst\u00e8me qui vous convient le mieux.<\/p>\n<p>[\/vc_column_text][\/vc_column_inner][\/vc_row_inner][vc_row_inner content_placement=&#8221;middle&#8221; gap=&#8221;30&#8243; css=&#8221;.vc_custom_1761834264131{padding-bottom: 50px !important;}&#8221;][vc_column_inner width=&#8221;1\/6&#8243;][vc_single_image image=&#8221;68847&#8243; img_size=&#8221;&#8221; alignment=&#8221;center&#8221; css=&#8221;&#8221;][\/vc_column_inner][vc_column_inner width=&#8221;5\/6&#8243; css=&#8221;.vc_custom_1761911635898{padding-left: 0px !important;}&#8221;][vc_column_text css=&#8221;&#8221;]<\/p>\n<p>Seule une <strong>caution<\/strong> est demand\u00e9e. Son montant vous sera enti\u00e8rement rembours\u00e9 d\u00e8s le retour du kit complet.<\/p>\n<p>[\/vc_column_text][\/vc_column_inner][\/vc_row_inner][vc_btn title=&#8221;Je souhaite tester le syst\u00e8me&#8221; style=&#8221;gradient-custom&#8221; gradient_custom_color_1=&#8221;#8BD5EE&#8221; gradient_custom_color_2=&#8221;#8BD5EE&#8221; gradient_text_color=&#8221;#545454&#8243; shape=&#8221;round&#8221; align=&#8221;center&#8221; i_type=&#8221;linecons&#8221; i_icon_linecons=&#8221;vc_li vc_li-mail&#8221; css=&#8221;&#8221; add_icon=&#8221;true&#8221; link=&#8221;url:https%3A%2F%2Fmexpo.eu%2Ffr%2Fformulaire-de-commande-dequipements-de-test%2F|title:Formularz%20zam%C3%B3wienia%20sprz%C4%99tu%20do%20test%C3%B3w|&#8221;][\/vc_column][\/vc_row][vc_row full_width=&#8221;stretch_row&#8221; content_placement=&#8221;middle&#8221; css=&#8221;.vc_custom_1762162784618{padding-top: 50px !important;padding-bottom: 50px !important;}&#8221;][vc_column width=&#8221;1\/2&#8243;][vc_custom_heading text=&#8221;Louez pour une plus longue p\u00e9riode&#8221; font_container=&#8221;tag:h2|font_size:28|text_align:left&#8221; google_fonts=&#8221;font_family:Roboto%3A100%2C100italic%2C300%2C300italic%2Cregular%2Citalic%2C500%2C500italic%2C700%2C700italic%2C900%2C900italic|font_style:700%20bold%20regular%3A700%3Anormal&#8221; css=&#8221;&#8221;][vc_column_text css=&#8221;&#8221;]<\/p>\n<p>Si la p\u00e9riode d\u2019essai standard vous semble trop courte ou si vous souhaitez tester le mat\u00e9riel de mani\u00e8re plus approfondie dans vos conditions r\u00e9elles, profitez de notre option de location payante.<\/p>\n<p>[\/vc_column_text][vc_row_inner content_placement=&#8221;middle&#8221; gap=&#8221;30&#8243; css=&#8221;.vc_custom_1761911595298{padding-left: 0px !important;}&#8221;][vc_column_inner width=&#8221;1\/6&#8243;][vc_single_image image=&#8221;68848&#8243; img_size=&#8221;&#8221; alignment=&#8221;center&#8221; css=&#8221;&#8221;][\/vc_column_inner][vc_column_inner width=&#8221;5\/6&#8243; css=&#8221;.vc_custom_1761911631158{padding-left: 0px !important;}&#8221;][vc_column_text css=&#8221;&#8221;]<\/p>\n<p>Vous recevrez un <strong>ensemble complet<\/strong>, compos\u00e9 du nombre d\u2019\u00e9metteurs et de r\u00e9cepteurs de votre choix, ainsi que de tous les accessoires n\u00e9cessaires.<\/p>\n<p>[\/vc_column_text][\/vc_column_inner][\/vc_row_inner][vc_row_inner content_placement=&#8221;middle&#8221; gap=&#8221;30&#8243; css=&#8221;.vc_custom_1761911591589{padding-left: 0px !important;}&#8221;][vc_column_inner width=&#8221;1\/6&#8243;][vc_single_image image=&#8221;68849&#8243; img_size=&#8221;&#8221; alignment=&#8221;center&#8221; css=&#8221;&#8221;][\/vc_column_inner][vc_column_inner width=&#8221;5\/6&#8243; css=&#8221;.vc_custom_1761911625904{padding-left: 0px !important;}&#8221;][vc_column_text css=&#8221;.vc_custom_1761911607825{padding-left: 0px !important;}&#8221;]<\/p>\n<p>La dur\u00e9e de location d\u00e9pend uniquement de vos besoins \u2013 <strong>nous mettons le mat\u00e9riel \u00e0 votre disposition pour quelques jours, semaines ou m\u00eame plusieurs mois.<\/strong><\/p>\n<p>[\/vc_column_text][\/vc_column_inner][\/vc_row_inner][vc_row_inner content_placement=&#8221;middle&#8221; gap=&#8221;30&#8243; css=&#8221;.vc_custom_1761906854933{padding-bottom: 50px !important;}&#8221;][vc_column_inner width=&#8221;1\/6&#8243;][vc_single_image image=&#8221;68850&#8243; img_size=&#8221;&#8221; alignment=&#8221;right&#8221; css=&#8221;.vc_custom_1776344273785{margin-top: 0px !important;margin-right: 0px !important;margin-bottom: 0px !important;margin-left: 0px !important;padding-top: 0px !important;padding-right: 0px !important;padding-bottom: 0px !important;padding-left: 0px !important;}&#8221;][\/vc_column_inner][vc_column_inner width=&#8221;5\/6&#8243; css=&#8221;.vc_custom_1761911566298{padding-left: 0px !important;}&#8221;][vc_column_text css=&#8221;.vc_custom_1762172832320{padding-left: 0px !important;}&#8221;]<\/p>\n<p>Le tarif de location varie en fonction du <strong>nombre de r\u00e9cepteurs et de la dur\u00e9e<\/strong> de la location. Plus la p\u00e9riode de location est longue, plus le tarif est avantageux.<\/p>\n<p>[\/vc_column_text][\/vc_column_inner][\/vc_row_inner][vc_btn title=&#8221;Je souhaite louer le syst\u00e8me&#8221; style=&#8221;gradient-custom&#8221; gradient_custom_color_1=&#8221;#8BD5EE&#8221; gradient_custom_color_2=&#8221;#8BD5EE&#8221; gradient_text_color=&#8221;#545454&#8243; shape=&#8221;round&#8221; align=&#8221;center&#8221; i_type=&#8221;entypo&#8221; i_icon_entypo=&#8221;entypo-icon entypo-icon-right-open&#8221; css=&#8221;&#8221; add_icon=&#8221;true&#8221; link=&#8221;url:https%3A%2F%2Ftourguidewynajem.pl%2F%23section-kontakt|&#8221;][\/vc_column][vc_column width=&#8221;1\/2&#8243;][vc_single_image image=&#8221;68851&#8243; img_size=&#8221;&#8221; alignment=&#8221;center&#8221; css=&#8221;&#8221;][\/vc_column][\/vc_row]<\/p>\n<p>[\/vc_section]<\/p>\n<\/div>","protected":false},"excerpt":{"rendered":"<p>[vc_section full_width=&#8221;stretch_row&#8221; css=&#8221;.vc_custom_1762162986145{margin-top: 0px !important;margin-bottom: 0px !important;border-top-width: 0px !important;border-bottom-width: 0px !important;padding-top: 0px !important;padding-bottom: 0px !important;background-color: #FFFDFA !important;}&#8221;] [vc_row full_width=&#8221;stretch_row&#8221; content_placement=&#8221;middle&#8221; css=&#8221;.vc_custom_1762164156755{margin-top: 0px !important;border-top-width: 0px !important;padding-top: 0px !important;padding-bottom: 50px !important;background-color: #F6F1EA<\/p>\n","protected":false},"author":338,"featured_media":0,"parent":0,"menu_order":0,"comment_status":"closed","ping_status":"closed","template":"","meta":{"_acf_changed":false,"footnotes":""},"class_list":["post-68852","page","type-page","status-publish","hentry"],"acf":[],"_links":{"self":[{"href":"https:\/\/mexpo.eu\/fr\/wp-json\/wp\/v2\/pages\/68852","targetHints":{"allow":["GET"]}}],"collection":[{"href":"https:\/\/mexpo.eu\/fr\/wp-json\/wp\/v2\/pages"}],"about":[{"href":"https:\/\/mexpo.eu\/fr\/wp-json\/wp\/v2\/types\/page"}],"author":[{"embeddable":true,"href":"https:\/\/mexpo.eu\/fr\/wp-json\/wp\/v2\/users\/338"}],"replies":[{"embeddable":true,"href":"https:\/\/mexpo.eu\/fr\/wp-json\/wp\/v2\/comments?post=68852"}],"version-history":[{"count":10,"href":"https:\/\/mexpo.eu\/fr\/wp-json\/wp\/v2\/pages\/68852\/revisions"}],"predecessor-version":[{"id":68921,"href":"https:\/\/mexpo.eu\/fr\/wp-json\/wp\/v2\/pages\/68852\/revisions\/68921"}],"wp:attachment":[{"href":"https:\/\/mexpo.eu\/fr\/wp-json\/wp\/v2\/media?parent=68852"}],"curies":[{"name":"wp","href":"https:\/\/api.w.org\/{rel}","templated":true}]}}