{"id":67407,"date":"2025-10-19T11:46:15","date_gmt":"2025-10-19T09:46:15","guid":{"rendered":"https:\/\/mexpo.eu\/?page_id=67407"},"modified":"2025-11-18T14:59:01","modified_gmt":"2025-11-18T13:59:01","slug":"formulaire-de-demande-de-service","status":"publish","type":"page","link":"https:\/\/mexpo.eu\/fr\/formulaire-de-demande-de-service\/","title":{"rendered":"Formulaire de demande de service"},"content":{"rendered":"<div class=\"wpb-content-wrapper\"><p>[vc_row][vc_column][vc_toggle title=&#8221;\u26a0 <b>\u00c0 lire avant d&apos;envoyer votre \u00e9quipement en r\u00e9paration<\/b> \u26a0<br \/>Cliquez ici&#8221; style=&#8221;simple&#8221; custom_font_container=&#8221;tag:h2|font_size:20|text_align:center&#8221; custom_google_fonts=&#8221;font_family:Open%20Sans%3A300%2C300italic%2Cregular%2Citalic%2C600%2C600italic%2C700%2C700italic%2C800%2C800italic|font_style:300%20light%20regular%3A300%3Anormal&#8221; css=&#8221;.vc_custom_1763473368668{margin-bottom: 20px !important;border-top-width: 3px !important;border-right-width: 3px !important;border-bottom-width: 3px !important;border-left-width: 3px !important;padding-right: 20px !important;padding-left: 20px !important;border-left-style: solid !important;border-right-style: solid !important;border-top-style: solid !important;border-bottom-style: solid !important;border-color: #FF9900 !important;}&#8221; use_custom_heading=&#8221;true&#8221;]<\/p>\n<p>Avant de soumettre un rapport de d\u00e9faut et d\u2019envoyer votre \u00e9quipement \u00e0 notre centre de service, veuillez suivre les \u00e9tapes ci-dessous. La v\u00e9rification correcte de tous les points peut potentiellement r\u00e9soudre le probl\u00e8me sans n\u00e9cessiter d\u2019intervention de service.<\/p>\n<p><\/p>\n<h3><b>\u00c9tape 1 : V\u00e9rification des Canaux et de l\u2019Alimentation<\/b><\/h3>\n<p><\/p>\n<ol start=\"1\" data-path-to-node=\"5\">\n<li>\n<p data-path-to-node=\"5,0,0\"><b>Canal de l\u2019\u00c9metteur :<\/b>\u00a0Assurez-vous qu\u2019<b>un seul \u00e9metteur fonctionne sur le m\u00eame canal<\/b>\u00a0dans votre proximit\u00e9 imm\u00e9diate. Les conflits de canaux peuvent provoquer des interf\u00e9rences.<\/p>\n<p><\/li>\n<p>\t<\/p>\n<li>\n<p data-path-to-node=\"5,1,0\"><b>Jumelage des Canaux :<\/b>\u00a0Confirmez que\u00a0<b>l\u2019\u00e9metteur et le r\u00e9cepteur sont r\u00e9gl\u00e9s sur le m\u00eame canal exact<\/b>. Ceci est crucial pour une communication correcte.<\/p>\n<\/li>\n<p>\t<\/p>\n<li>\n<p data-path-to-node=\"5,2,0\"><b>Alimentation de l\u2019\u00c9metteur :<\/b>\u00a0V\u00e9rifiez que les\u00a0<b>batteries de l\u2019\u00e9metteur sont compl\u00e8tement charg\u00e9es<\/b>. De faibles niveaux de puissance peuvent entra\u00eener un fonctionnement instable ou une perte totale de transmission.<\/p>\n<\/li>\n<p><\/ol>\n<p><\/p>\n<h3><b>\u00c9tape 2 : V\u00e9rification du R\u00e9cepteur et de la Fonction Silencieux<\/b><\/h3>\n<p><\/p>\n<ol start=\"4\" data-path-to-node=\"8\">\n<li>\n<p data-path-to-node=\"8,0,0\"><b>Volume du R\u00e9cepteur :<\/b>\u00a0V\u00e9rifiez que le\u00a0<b>volume du r\u00e9cepteur est r\u00e9gl\u00e9 au maximum<\/b>\u00a0(ou \u00e0 un niveau appropri\u00e9 et audible). Assurez-vous qu\u2019il n\u2019a pas \u00e9t\u00e9 accidentellement mis en sourdine ou baiss\u00e9.<\/p>\n<p><\/li>\n<p>\t<\/p>\n<li>\n<p data-path-to-node=\"8,1,0\"><b>Statut Silencieux (Mute) de l\u2019\u00c9metteur :<\/b>\u00a0Assurez-vous que la\u00a0<b>fonction de sourdine (mute) de l\u2019\u00e9metteur est d\u00e9sactiv\u00e9e<\/b>.<\/p>\n<ul data-path-to-node=\"8,1,1\">\n<li>\n<p data-path-to-node=\"8,1,1,0,0\"><b>Indicateur :<\/b>\u00a0Cela signifie g\u00e9n\u00e9ralement que la\u00a0<b>LED verte de l\u2019\u00e9metteur ne devrait pas clignoter<\/b>\u00a0(elle devrait \u00eatre fixe, selon le mod\u00e8le). Si elle clignote, la fonction silencieux est probablement active.<\/p>\n<\/li>\n<p><\/ul>\n<p><\/li>\n<p><\/ol>\n<p><\/p>\n<h3><b>\u00c9tape 3 : Analyse des Indicateurs de Statut LED<\/b><\/h3>\n<p><\/p>\n<ol start=\"6\" data-path-to-node=\"11\">\n<li>\n<p data-path-to-node=\"11,0,0\"><b>Statut de la Connexion :<\/b>\u00a0V\u00e9rifiez l\u2019\u00e9tat des indicateurs LED sur les deux appareils.<\/p>\n<p><\/p>\n<ul data-path-to-node=\"11,0,1\">\n<li>\n<p data-path-to-node=\"11,0,1,0,0\"><b>\u00c9tat Attendu :<\/b>\u00a0Les LED sur\u00a0<b>l\u2019\u00e9metteur et le r\u00e9cepteur devraient \u00eatre allum\u00e9es d\u2019une lumi\u00e8re verte continue (fixe)<\/b>. Une lumi\u00e8re verte fixe indique g\u00e9n\u00e9ralement une connexion stable et une pr\u00e9paration au fonctionnement.<\/p>\n<\/li>\n<\/ul>\n<p><\/li>\n<p><\/ol>\n<p><\/p>\n<p><strong>Si votre appareil continue de mal fonctionner apr\u00e8s avoir r\u00e9ussi toutes les \u00e9tapes ci-dessus, vous pouvez proc\u00e9der \u00e0 la demande de service, ayant confirm\u00e9 que les r\u00e9glages de base et l\u2019alimentation sont corrects.<\/strong><\/p>\n<p>[\/vc_toggle]\n<div class=\"wpcf7 no-js\" id=\"wpcf7-f67400-o1\" lang=\"fr-FR\" dir=\"ltr\" data-wpcf7-id=\"67400\">\n<div class=\"screen-reader-response\"><p role=\"status\" aria-live=\"polite\" aria-atomic=\"true\"><\/p> <ul><\/ul><\/div>\n<form action=\"\/fr\/wp-json\/wp\/v2\/pages\/67407#wpcf7-f67400-o1\" method=\"post\" class=\"wpcf7-form init\" aria-label=\"Formulaire de contact\" novalidate=\"novalidate\" data-status=\"init\">\n<fieldset class=\"hidden-fields-container\"><input type=\"hidden\" name=\"_wpcf7\" value=\"67400\" \/><input type=\"hidden\" name=\"_wpcf7_version\" value=\"6.1.5\" \/><input type=\"hidden\" name=\"_wpcf7_locale\" value=\"fr_FR\" \/><input type=\"hidden\" name=\"_wpcf7_unit_tag\" value=\"wpcf7-f67400-o1\" \/><input type=\"hidden\" name=\"_wpcf7_container_post\" value=\"0\" \/><input type=\"hidden\" name=\"_wpcf7_posted_data_hash\" value=\"\" \/><input type=\"hidden\" name=\"_uacf7_hidden_conditional_fields\" value=\"\" \/>\n<\/fieldset>\n<div class=\"uacf7-form-wrapper-container uacf7-form-67400  \">\r\n\r\n<span class=\"wpcf7-form-control-wrap\" data-name=\"modelurzadzenia\"><input size=\"40\" maxlength=\"400\" class=\"wpcf7-form-control wpcf7-text wpcf7-validates-as-required\" aria-required=\"true\" aria-invalid=\"false\" placeholder=\"Mod\u00e8le de l\u2019appareil*\" value=\"\" type=\"text\" name=\"modelurzadzenia\" \/><\/span>\r\n<span class=\"wpcf7-form-control-wrap\" data-name=\"opisusterki\"><textarea cols=\"40\" rows=\"10\" maxlength=\"2000\" class=\"wpcf7-form-control wpcf7-textarea wpcf7-validates-as-required\" aria-required=\"true\" aria-invalid=\"false\" placeholder=\"Description de la panne*\" name=\"opisusterki\"><\/textarea><\/span>\r\n<span class=\"wpcf7-form-control-wrap\" data-name=\"fv\"><input size=\"40\" maxlength=\"400\" class=\"wpcf7-form-control wpcf7-text\" aria-invalid=\"false\" placeholder=\"Num\u00e9ro de facture\" value=\"\" type=\"text\" name=\"fv\" \/><\/span>\r\n<span class=\"wpcf7-form-control-wrap\" data-name=\"nazwafirmy\"><input size=\"40\" maxlength=\"400\" class=\"wpcf7-form-control wpcf7-text wpcf7-validates-as-required\" aria-required=\"true\" aria-invalid=\"false\" placeholder=\"Nom de l\u2019entreprise*\" value=\"\" type=\"text\" name=\"nazwafirmy\" \/><\/span>\r\n<span class=\"wpcf7-form-control-wrap\" data-name=\"nip\"><input size=\"40\" maxlength=\"400\" class=\"wpcf7-form-control wpcf7-text wpcf7-validates-as-required\" aria-required=\"true\" aria-invalid=\"false\" placeholder=\"Num\u00e9ro de TVA*\" value=\"\" type=\"text\" name=\"nip\" \/><\/span>\r\n<span class=\"wpcf7-form-control-wrap\" data-name=\"osobakontaktowa\"><input size=\"40\" maxlength=\"400\" class=\"wpcf7-form-control wpcf7-text wpcf7-validates-as-required\" aria-required=\"true\" aria-invalid=\"false\" placeholder=\"Personne de contact (nom et poste)*\" value=\"\" type=\"text\" name=\"osobakontaktowa\" \/><\/span>\r\n<span class=\"wpcf7-form-control-wrap\" data-name=\"telefon\"><input size=\"40\" maxlength=\"400\" class=\"wpcf7-form-control wpcf7-tel wpcf7-validates-as-required wpcf7-text wpcf7-validates-as-tel\" aria-required=\"true\" aria-invalid=\"false\" placeholder=\"T\u00e9l\u00e9phone de la personne de contact*\" value=\"\" type=\"tel\" name=\"telefon\" \/><\/span>\r\n<span class=\"wpcf7-form-control-wrap\" data-name=\"email\"><input size=\"40\" maxlength=\"400\" class=\"wpcf7-form-control wpcf7-email wpcf7-validates-as-required wpcf7-text wpcf7-validates-as-email\" aria-required=\"true\" aria-invalid=\"false\" placeholder=\"E-mail de la personne de contact*\" value=\"\" type=\"email\" name=\"email\" \/><\/span>\r\n<span class=\"wpcf7-form-control-wrap\" data-name=\"adresdozwrotu\"><input size=\"40\" maxlength=\"400\" class=\"wpcf7-form-control wpcf7-text wpcf7-validates-as-required\" aria-required=\"true\" aria-invalid=\"false\" placeholder=\"Rue et num\u00e9ro (Adresse de retour de l\u2019appareil r\u00e9par\u00e9)*\" value=\"\" type=\"text\" name=\"adresdozwrotu\" \/><\/span>\r\n<span class=\"wpcf7-form-control-wrap\" data-name=\"kodpocztowy\"><input size=\"40\" maxlength=\"400\" class=\"wpcf7-form-control wpcf7-text wpcf7-validates-as-required\" aria-required=\"true\" aria-invalid=\"false\" placeholder=\"Code postal*\" value=\"\" type=\"text\" name=\"kodpocztowy\" \/><\/span>\r\n<span class=\"wpcf7-form-control-wrap\" data-name=\"adresdozwrotu\"><input size=\"40\" maxlength=\"400\" class=\"wpcf7-form-control wpcf7-text wpcf7-validates-as-required\" aria-required=\"true\" aria-invalid=\"false\" placeholder=\"Ville*\" value=\"\" type=\"text\" name=\"adresdozwrotu\" \/><\/span>\r\n<br \/>\r\n<p><b>Apr\u00e8s avoir soumis la demande, veuillez attendre que notre service vous contacte pour convenir des prochaines \u00e9tapes.<\/b><\/p>\r\n<p><span class=\"wpcf7-form-control-wrap\" data-name=\"zgoda\"><span class=\"wpcf7-form-control wpcf7-acceptance\"><span class=\"wpcf7-list-item\"><input type=\"checkbox\" name=\"zgoda\" value=\"1\" aria-invalid=\"false\" \/><\/span><\/span><\/span> J\u2019ai lu et j\u2019accepte la <a href=\"https:\/\/mexpo.eu\/fr\/politique-de-confidentialite\/\">politique de confidentialit\u00e9<\/a> et j\u2019accepte l\u2019utilisation de mes coordonn\u00e9es dans le cadre du traitement de la demande de service.<\/p>\r\n\r\n<input class=\"wpcf7-form-control wpcf7-submit has-spinner\" type=\"submit\" value=\"Envoyer\" \/><\/div><div class=\"wpcf7-response-output\" aria-hidden=\"true\"><\/div>\n<\/form>\n<\/div>\n[\/vc_column][\/vc_row]<\/p>\n<\/div>","protected":false},"excerpt":{"rendered":"<p>[vc_row][vc_column][vc_toggle title=&#8221;\u26a0 \u00c0 lire avant d&apos;envoyer votre \u00e9quipement en r\u00e9paration \u26a0Cliquez ici&#8221; style=&#8221;simple&#8221; custom_font_container=&#8221;tag:h2|font_size:20|text_align:center&#8221; custom_google_fonts=&#8221;font_family:Open%20Sans%3A300%2C300italic%2Cregular%2Citalic%2C600%2C600italic%2C700%2C700italic%2C800%2C800italic|font_style:300%20light%20regular%3A300%3Anormal&#8221; css=&#8221;.vc_custom_1763473368668{margin-bottom: 20px !important;border-top-width: 3px !important;border-right-width: 3px !important;border-bottom-width: 3px !important;border-left-width: 3px !important;padding-right: 20px !important;padding-left: 20px !important;border-left-style:<\/p>\n","protected":false},"author":1,"featured_media":0,"parent":0,"menu_order":0,"comment_status":"closed","ping_status":"closed","template":"","meta":{"_acf_changed":false,"footnotes":""},"class_list":["post-67407","page","type-page","status-publish","hentry"],"acf":[],"_links":{"self":[{"href":"https:\/\/mexpo.eu\/fr\/wp-json\/wp\/v2\/pages\/67407","targetHints":{"allow":["GET"]}}],"collection":[{"href":"https:\/\/mexpo.eu\/fr\/wp-json\/wp\/v2\/pages"}],"about":[{"href":"https:\/\/mexpo.eu\/fr\/wp-json\/wp\/v2\/types\/page"}],"author":[{"embeddable":true,"href":"https:\/\/mexpo.eu\/fr\/wp-json\/wp\/v2\/users\/1"}],"replies":[{"embeddable":true,"href":"https:\/\/mexpo.eu\/fr\/wp-json\/wp\/v2\/comments?post=67407"}],"version-history":[{"count":3,"href":"https:\/\/mexpo.eu\/fr\/wp-json\/wp\/v2\/pages\/67407\/revisions"}],"predecessor-version":[{"id":67739,"href":"https:\/\/mexpo.eu\/fr\/wp-json\/wp\/v2\/pages\/67407\/revisions\/67739"}],"wp:attachment":[{"href":"https:\/\/mexpo.eu\/fr\/wp-json\/wp\/v2\/media?parent=67407"}],"curies":[{"name":"wp","href":"https:\/\/api.w.org\/{rel}","templated":true}]}}