{"id":67370,"date":"2025-09-17T11:08:46","date_gmt":"2025-09-17T09:08:46","guid":{"rendered":"https:\/\/mexpo.eu\/information-sur-la-perte-de-la-caution-pour-lequipement-teste\/"},"modified":"2025-09-17T11:08:46","modified_gmt":"2025-09-17T09:08:46","slug":"information-sur-la-perte-de-la-caution-pour-lequipement-teste","status":"publish","type":"page","link":"https:\/\/mexpo.eu\/fr\/information-sur-la-perte-de-la-caution-pour-lequipement-teste\/","title":{"rendered":"Information sur la perte de la caution pour l\u2019\u00e9quipement test\u00e9"},"content":{"rendered":"<p>Nous sommes ravis que vous souhaitiez tester notre \u00e9quipement ! Nous esp\u00e9rons que le syst\u00e8me r\u00e9pondra \u00e0 vos attentes et fonctionnera parfaitement, mais \u2014 comme dans la vie \u2014 il existe certaines r\u00e8gles \u00e0 suivre pour que la caution revienne sans souci sur votre compte.<\/p>\n<p>Voici les cas dans lesquels nous pouvons ne pas restituer la caution, en tout ou en partie :<\/p>\n<ol>\n<li><strong>Dommages m\u00e9caniques<\/strong> Si l\u2019\u00e9quipement revient dans un \u00e9tat de \u00ab combat avec un char \u00bb, nous avons un probl\u00e8me. Les bosses, fissures, rayures profondes ou autres \u00ab souvenirs de voyage \u00bb peuvent entra\u00eener la perte de la caution.<\/li>\n<li><strong>Dommages dus \u00e0 l\u2019eau<\/strong> Notre mat\u00e9riel aime l\u2019eau autant que les chats : pas du tout (sauf s\u2019il s\u2019agit d\u2019un mod\u00e8le pr\u00e9vu pour cela ;)). S\u2019il revient dans un \u00e9tat rappelant un cours intensif de plong\u00e9e, la caution pourra servir \u00e0 couvrir les frais de \u00ab s\u00e9chage \u00bb.<\/li>\n<li><strong>Prolongation du temps d\u2019essai<\/strong> Il arrive que le temps passe trop vite et que l\u2019\u00e9quipement rate son \u00ab train de retour \u00bb \u2014 nous comprenons ! Cependant, s\u2019il revient en retard, une partie de la caution pourra \u00eatre retenue pour couvrir les \u00ab frais de vacances \u00bb suppl\u00e9mentaires.<\/li>\n<li><strong>\u00c9l\u00e9ments manquants<\/strong> Parfois, dans le feu de l\u2019action, un \u00e9l\u00e9ment peut se perdre \u2014 comme une chaussette dans la machine ! Si le kit revient sans \u00e9metteurs, r\u00e9cepteurs, microphones, \u00e9couteurs r\u00e9utilisables, casques ou valise de transport, une partie de la caution pourra \u00eatre retenue pour compenser les \u00e9l\u00e9ments manquants.<\/li>\n<li><strong>Emballage pour l\u2019exp\u00e9dition<\/strong> N\u2019oubliez pas : notre valise fait partie du kit, ce n\u2019est pas l\u2019emballage d\u2019envoi ! Nous pr\u00e9f\u00e9rons qu\u2019elle ne revienne pas avec des \u00ab tatouages \u00bb sous forme d\u2019\u00e9tiquettes de livraison. Merci de la placer dans un carton adapt\u00e9 ou de l\u2019envelopper plusieurs fois avec du papier bulle afin qu\u2019elle arrive dans le m\u00eame \u00e9tat qu\u2019\u00e0 l\u2019envoi \u2014 sans autocollants ni marques de transport.<\/li>\n<\/ol>\n","protected":false},"excerpt":{"rendered":"<p>Nous sommes ravis que vous souhaitiez tester notre \u00e9quipement ! Nous esp\u00e9rons que le syst\u00e8me r\u00e9pondra \u00e0 vos attentes et fonctionnera parfaitement, mais \u2014 comme dans la vie \u2014 il<\/p>\n","protected":false},"author":1,"featured_media":0,"parent":0,"menu_order":0,"comment_status":"closed","ping_status":"closed","template":"","meta":{"_acf_changed":false,"footnotes":""},"class_list":["post-67370","page","type-page","status-publish","hentry"],"acf":[],"_links":{"self":[{"href":"https:\/\/mexpo.eu\/fr\/wp-json\/wp\/v2\/pages\/67370","targetHints":{"allow":["GET"]}}],"collection":[{"href":"https:\/\/mexpo.eu\/fr\/wp-json\/wp\/v2\/pages"}],"about":[{"href":"https:\/\/mexpo.eu\/fr\/wp-json\/wp\/v2\/types\/page"}],"author":[{"embeddable":true,"href":"https:\/\/mexpo.eu\/fr\/wp-json\/wp\/v2\/users\/1"}],"replies":[{"embeddable":true,"href":"https:\/\/mexpo.eu\/fr\/wp-json\/wp\/v2\/comments?post=67370"}],"version-history":[{"count":0,"href":"https:\/\/mexpo.eu\/fr\/wp-json\/wp\/v2\/pages\/67370\/revisions"}],"wp:attachment":[{"href":"https:\/\/mexpo.eu\/fr\/wp-json\/wp\/v2\/media?parent=67370"}],"curies":[{"name":"wp","href":"https:\/\/api.w.org\/{rel}","templated":true}]}}