{"id":67352,"date":"2025-09-16T13:02:49","date_gmt":"2025-09-16T11:02:49","guid":{"rendered":"https:\/\/mexpo.eu\/formulaire-de-commande-dequipements-de-test\/"},"modified":"2025-10-15T14:27:07","modified_gmt":"2025-10-15T12:27:07","slug":"formulaire-de-commande-dequipements-de-test","status":"publish","type":"page","link":"https:\/\/mexpo.eu\/fr\/formulaire-de-commande-dequipements-de-test\/","title":{"rendered":"Formulaire de commande d\u2019\u00e9quipements de test"},"content":{"rendered":"<div class=\"wpb-content-wrapper\"><p>[vc_row][vc_column]\n<div class=\"wpcf7 no-js\" id=\"wpcf7-f67343-o1\" lang=\"fr-FR\" dir=\"ltr\" data-wpcf7-id=\"67343\">\n<div class=\"screen-reader-response\"><p role=\"status\" aria-live=\"polite\" aria-atomic=\"true\"><\/p> <ul><\/ul><\/div>\n<form action=\"\/fr\/wp-json\/wp\/v2\/pages\/67352#wpcf7-f67343-o1\" method=\"post\" class=\"wpcf7-form init\" aria-label=\"Formulaire de contact\" novalidate=\"novalidate\" data-status=\"init\">\n<fieldset class=\"hidden-fields-container\"><input type=\"hidden\" name=\"_wpcf7\" value=\"67343\" \/><input type=\"hidden\" name=\"_wpcf7_version\" value=\"6.1.5\" \/><input type=\"hidden\" name=\"_wpcf7_locale\" value=\"fr_FR\" \/><input type=\"hidden\" name=\"_wpcf7_unit_tag\" value=\"wpcf7-f67343-o1\" \/><input type=\"hidden\" name=\"_wpcf7_container_post\" value=\"0\" \/><input type=\"hidden\" name=\"_wpcf7_posted_data_hash\" value=\"\" \/><input type=\"hidden\" name=\"_uacf7_hidden_conditional_fields\" value=\"\" \/>\n<\/fieldset>\n<div class=\"uacf7-form-wrapper-container uacf7-form-67343  \">\t\t<span class=\"wpcf7-form-control-wrap uacf7_submission_id-41\"\n\t\t\tdata-name=\"uacf7_submission_id-41\">\n\n\t\t\t<input hidden id=\"uacf7_uacf7_submission_id-41\" class=\"wpcf7-form-control wpcf7-uacf7_submission_id\" aria-invalid=\"false\" name=\"uacf7_submission_id-41\" size=\"40\" value=\"104\">\n\t\t\t<span><\/span>\n\t\t<\/span>\n\n\t\t\n\n<h5>1. CLIENT (DEMANDEUR)<\/h5>\n<span class=\"wpcf7-form-control-wrap\" data-name=\"nazwafirmy\"><input size=\"40\" maxlength=\"400\" class=\"wpcf7-form-control wpcf7-text wpcf7-validates-as-required\" aria-required=\"true\" aria-invalid=\"false\" placeholder=\"Nom de l&#039;entreprise*\" value=\"\" type=\"text\" name=\"nazwafirmy\" \/><\/span>\n<span class=\"wpcf7-form-control-wrap\" data-name=\"adresfirmy\"><input size=\"40\" maxlength=\"400\" class=\"wpcf7-form-control wpcf7-text wpcf7-validates-as-required\" aria-required=\"true\" aria-invalid=\"false\" placeholder=\"Adresse de l&#039;entreprise*\" value=\"\" type=\"text\" name=\"adresfirmy\" \/><\/span>\n<span class=\"wpcf7-form-control-wrap\" data-name=\"nip\"><input size=\"40\" maxlength=\"400\" class=\"wpcf7-form-control wpcf7-text wpcf7-validates-as-required\" aria-required=\"true\" aria-invalid=\"false\" placeholder=\"Num\u00e9ro de TVA (NIP)\" value=\"\" type=\"text\" name=\"nip\" \/><\/span>\n&nbsp;\n\n<h5>2. ADRESSE DE LIVRAISON ET COORDONN\u00c9ES<\/h5>\n<span class=\"wpcf7-form-control-wrap\" data-name=\"adresdostawy\"><input size=\"40\" maxlength=\"400\" class=\"wpcf7-form-control wpcf7-text\" aria-invalid=\"false\" placeholder=\"Rue et num\u00e9ro de maison\/d&#039;appartement*\" value=\"\" type=\"text\" name=\"adresdostawy\" \/><\/span>\n<span class=\"wpcf7-form-control-wrap\" data-name=\"kodpocztowy\"><input size=\"40\" maxlength=\"400\" class=\"wpcf7-form-control wpcf7-text wpcf7-validates-as-required\" aria-required=\"true\" aria-invalid=\"false\" placeholder=\"Code postal*\" value=\"\" type=\"text\" name=\"kodpocztowy\" \/><\/span>\n<span class=\"wpcf7-form-control-wrap\" data-name=\"miasto\"><input size=\"40\" maxlength=\"400\" class=\"wpcf7-form-control wpcf7-text wpcf7-validates-as-required\" aria-required=\"true\" aria-invalid=\"false\" placeholder=\"Ville*\" value=\"\" type=\"text\" name=\"miasto\" \/><\/span>\n<span class=\"wpcf7-form-control-wrap\" data-name=\"osobakontaktowa\"><input size=\"40\" maxlength=\"400\" class=\"wpcf7-form-control wpcf7-text wpcf7-validates-as-required\" aria-required=\"true\" aria-invalid=\"false\" placeholder=\"Personne de contact (nom et fonction)\" value=\"\" type=\"text\" name=\"osobakontaktowa\" \/><\/span>\n<span class=\"wpcf7-form-control-wrap\" data-name=\"telefon\"><input size=\"40\" maxlength=\"400\" class=\"wpcf7-form-control wpcf7-tel wpcf7-text wpcf7-validates-as-tel\" aria-invalid=\"false\" placeholder=\"T\u00e9l\u00e9phone de la personne de contact*\" value=\"\" type=\"tel\" name=\"telefon\" \/><\/span>\n<span class=\"wpcf7-form-control-wrap\" data-name=\"email\"><input size=\"40\" maxlength=\"400\" class=\"wpcf7-form-control wpcf7-email wpcf7-validates-as-required wpcf7-text wpcf7-validates-as-email\" aria-required=\"true\" aria-invalid=\"false\" placeholder=\"E-mail de la personne de contact*\" value=\"\" type=\"email\" name=\"email\" \/><\/span>\n&nbsp;\n<h5>3. DATE DE LIVRAISON SOUHAIT\u00c9E POUR L'\u00c9QUIPEMENT DE TEST<\/h5>\n&nbsp;\nDate de livraison souhait\u00e9e de l'\u00e9quipement (toutefois pas avant le jour ouvrable suivant l'encaissement de la caution)\n\n<span class=\"wpcf7-form-control-wrap\" data-name=\"data\"><input class=\"wpcf7-form-control wpcf7-date wpcf7-validates-as-required wpcf7-validates-as-date\" aria-required=\"true\" aria-invalid=\"false\" value=\"\" type=\"date\" name=\"data\" \/><\/span>\n\n<h5>4. MOD\u00c8LE\/MOD\u00c8LES<\/h5>\n\nQuel mod\u00e8le de syst\u00e8me souhaitez-vous louer ?*\n<br \/>\n<span class=\"wpcf7-form-control-wrap\" data-name=\"wybor-modelu\"><span class=\"wpcf7-form-control wpcf7-checkbox wpcf7-validates-as-required\"><span class=\"wpcf7-list-item first\"><label><input type=\"checkbox\" name=\"wybor-modelu[]\" value=\"Axiwi AT-320\" \/><span class=\"wpcf7-list-item-label\">Axiwi AT-320<\/span><\/label><\/span><span class=\"wpcf7-list-item\"><label><input type=\"checkbox\" name=\"wybor-modelu[]\" value=\"Axiwi AT-350\" \/><span class=\"wpcf7-list-item-label\">Axiwi AT-350<\/span><\/label><\/span><span class=\"wpcf7-list-item\"><label><input type=\"checkbox\" name=\"wybor-modelu[]\" value=\"Linkx TG-201\" \/><span class=\"wpcf7-list-item-label\">Linkx TG-201<\/span><\/label><\/span><span class=\"wpcf7-list-item\"><label><input type=\"checkbox\" name=\"wybor-modelu[]\" value=\"Maytel Grand Multicom 2.4G\" \/><span class=\"wpcf7-list-item-label\">Maytel Grand Multicom 2.4G<\/span><\/label><\/span><span class=\"wpcf7-list-item\"><label><input type=\"checkbox\" name=\"wybor-modelu[]\" value=\"mGuide Aqua\" \/><span class=\"wpcf7-list-item-label\">mGuide Aqua<\/span><\/label><\/span><span class=\"wpcf7-list-item\"><label><input type=\"checkbox\" name=\"wybor-modelu[]\" value=\"mGuide DLR-01\" \/><span class=\"wpcf7-list-item-label\">mGuide DLR-01<\/span><\/label><\/span><span class=\"wpcf7-list-item\"><label><input type=\"checkbox\" name=\"wybor-modelu[]\" value=\"mGuide DLR-02\" \/><span class=\"wpcf7-list-item-label\">mGuide DLR-02<\/span><\/label><\/span><span class=\"wpcf7-list-item\"><label><input type=\"checkbox\" name=\"wybor-modelu[]\" value=\"mGuide GST\" \/><span class=\"wpcf7-list-item-label\">mGuide GST<\/span><\/label><\/span><span class=\"wpcf7-list-item\"><label><input type=\"checkbox\" name=\"wybor-modelu[]\" value=\"mGuide Pellegrino Easy\" \/><span class=\"wpcf7-list-item-label\">mGuide Pellegrino Easy<\/span><\/label><\/span><span class=\"wpcf7-list-item\"><label><input type=\"checkbox\" name=\"wybor-modelu[]\" value=\"Okayo C200\" \/><span class=\"wpcf7-list-item-label\">Okayo C200<\/span><\/label><\/span><span class=\"wpcf7-list-item\"><label><input type=\"checkbox\" name=\"wybor-modelu[]\" value=\"Okayo CON-9\" \/><span class=\"wpcf7-list-item-label\">Okayo CON-9<\/span><\/label><\/span><span class=\"wpcf7-list-item\"><label><input type=\"checkbox\" name=\"wybor-modelu[]\" value=\"Okayo EarME FIT\" \/><span class=\"wpcf7-list-item-label\">Okayo EarME FIT<\/span><\/label><\/span><span class=\"wpcf7-list-item\"><label><input type=\"checkbox\" name=\"wybor-modelu[]\" value=\"Okayo EarME FIT + Player\" \/><span class=\"wpcf7-list-item-label\">Okayo EarME FIT + Player<\/span><\/label><\/span><span class=\"wpcf7-list-item\"><label><input type=\"checkbox\" name=\"wybor-modelu[]\" value=\"Okayo EarME GO\" \/><span class=\"wpcf7-list-item-label\">Okayo EarME GO<\/span><\/label><\/span><span class=\"wpcf7-list-item\"><label><input type=\"checkbox\" name=\"wybor-modelu[]\" value=\"Okayo EZTour\" \/><span class=\"wpcf7-list-item-label\">Okayo EZTour<\/span><\/label><\/span><span class=\"wpcf7-list-item\"><label><input type=\"checkbox\" name=\"wybor-modelu[]\" value=\"Okayo FreeCom\" \/><span class=\"wpcf7-list-item-label\">Okayo FreeCom<\/span><\/label><\/span><span class=\"wpcf7-list-item\"><label><input type=\"checkbox\" name=\"wybor-modelu[]\" value=\"Okayo OTG-102\" \/><span class=\"wpcf7-list-item-label\">Okayo OTG-102<\/span><\/label><\/span><span class=\"wpcf7-list-item\"><label><input type=\"checkbox\" name=\"wybor-modelu[]\" value=\"Okayo OTG-200\" \/><span class=\"wpcf7-list-item-label\">Okayo OTG-200<\/span><\/label><\/span><span class=\"wpcf7-list-item\"><label><input type=\"checkbox\" name=\"wybor-modelu[]\" value=\"Okayo WaveTalk\" \/><span class=\"wpcf7-list-item-label\">Okayo WaveTalk<\/span><\/label><\/span><span class=\"wpcf7-list-item\"><label><input type=\"checkbox\" name=\"wybor-modelu[]\" value=\"Okayo WT-300D\" \/><span class=\"wpcf7-list-item-label\">Okayo WT-300D<\/span><\/label><\/span><span class=\"wpcf7-list-item last\"><label><input type=\"checkbox\" name=\"wybor-modelu[]\" value=\"Okayo WT-350D\" \/><span class=\"wpcf7-list-item-label\">Okayo WT-350D<\/span><\/label><\/span><\/span><\/span>\n\n<br \/>Le contrat entre en vigueur au moment du paiement de la caution et des frais d'exp\u00e9dition (le cas \u00e9ch\u00e9ant).<br \/>\nMEXPO enverra au CLIENT une note et\/ou une facture proforma pour effectuer le paiement apr\u00e8s r\u00e9ception de la commande.\n<br \/><br \/>\n<span><span class=\"wpcf7-form-control-wrap\" data-name=\"zgodanaOW\"><span class=\"wpcf7-form-control wpcf7-acceptance\"><span class=\"wpcf7-list-item\"><input type=\"checkbox\" name=\"zgodanaOW\" value=\"1\" aria-invalid=\"false\" \/><\/span><\/span><\/span> J'accepte les <b><a href=\"https:\/\/mexpo.eu\/fr\/wp-content\/uploads\/2025\/09\/OWU-testy-2022.pdf\" target=\"_blank\">conditions g\u00e9n\u00e9rales de location de l'\u00e9quipement Mexpo pour tests<\/a><\/b><\/span><br \/>\n<span><span class=\"wpcf7-form-control-wrap\" data-name=\"akceptacjacen\"><span class=\"wpcf7-form-control wpcf7-acceptance\"><span class=\"wpcf7-list-item\"><input type=\"checkbox\" name=\"akceptacjacen\" value=\"1\" aria-invalid=\"false\" \/><\/span><\/span><\/span> Je connais les prix unitaires de l'\u00e9quipement que je recevrai pour les tests. Je connais le montant de la caution requise, les frais d'exp\u00e9dition ainsi que le d\u00e9lai de retour de l'\u00e9quipement.<\/span><br \/>\n<span><span class=\"wpcf7-form-control-wrap\" data-name=\"kaucja\"><span class=\"wpcf7-form-control wpcf7-acceptance\"><span class=\"wpcf7-list-item\"><input type=\"checkbox\" name=\"kaucja\" value=\"1\" aria-invalid=\"false\" \/><\/span><\/span><\/span> J'ai pris connaissance des <b><a href=\"https:\/\/mexpo.eu\/fr\/information-sur-la-perte-de-la-caution-pour-lequipement-teste\/\" target=\"_blank\" class=\"info-link\">informations sur la perte de la caution<\/a><\/b> et j'accepte ses conditions. <strong style=\"color: red;\">Pour cocher cette case, vous devez d'abord cliquer sur le lien et lire les informations qui s'y trouvent.<\/strong><\/span><br \/>\n\n<input class=\"wpcf7-form-control wpcf7-submit has-spinner\" type=\"submit\" value=\"COMMANDER\" \/><\/div><div class=\"wpcf7-response-output\" aria-hidden=\"true\"><\/div>\n<\/form>\n<\/div>\n[\/vc_column][\/vc_row]<\/p>\n<\/div>","protected":false},"excerpt":{"rendered":"<p>[vc_row][vc_column][\/vc_column][\/vc_row]<\/p>\n","protected":false},"author":1,"featured_media":0,"parent":0,"menu_order":0,"comment_status":"closed","ping_status":"closed","template":"","meta":{"_acf_changed":false,"footnotes":""},"class_list":["post-67352","page","type-page","status-publish","hentry"],"acf":[],"_links":{"self":[{"href":"https:\/\/mexpo.eu\/fr\/wp-json\/wp\/v2\/pages\/67352","targetHints":{"allow":["GET"]}}],"collection":[{"href":"https:\/\/mexpo.eu\/fr\/wp-json\/wp\/v2\/pages"}],"about":[{"href":"https:\/\/mexpo.eu\/fr\/wp-json\/wp\/v2\/types\/page"}],"author":[{"embeddable":true,"href":"https:\/\/mexpo.eu\/fr\/wp-json\/wp\/v2\/users\/1"}],"replies":[{"embeddable":true,"href":"https:\/\/mexpo.eu\/fr\/wp-json\/wp\/v2\/comments?post=67352"}],"version-history":[{"count":2,"href":"https:\/\/mexpo.eu\/fr\/wp-json\/wp\/v2\/pages\/67352\/revisions"}],"predecessor-version":[{"id":67358,"href":"https:\/\/mexpo.eu\/fr\/wp-json\/wp\/v2\/pages\/67352\/revisions\/67358"}],"wp:attachment":[{"href":"https:\/\/mexpo.eu\/fr\/wp-json\/wp\/v2\/media?parent=67352"}],"curies":[{"name":"wp","href":"https:\/\/api.w.org\/{rel}","templated":true}]}}