{"id":53884,"date":"2025-06-24T12:44:16","date_gmt":"2025-06-24T10:44:16","guid":{"rendered":"https:\/\/mguide.eu\/entreprise-polonaise\/"},"modified":"2025-06-24T12:44:16","modified_gmt":"2025-06-24T10:44:16","slug":"entreprise-polonaise","status":"publish","type":"page","link":"https:\/\/mexpo.eu\/fr\/entreprise-polonaise\/","title":{"rendered":"Misez sur une entreprise polonaise \u2013 un choix qui rapporte gros !"},"content":{"rendered":"<div class=\"wpb-content-wrapper\"><p>[vc_row][vc_column][vc_column_text css=&#8221;&#8221;]Le march\u00e9 mondial et Internet vous offrent d\u2019innombrables possibilit\u00e9s de choisir votre fournisseur et votre produit, parfois \u00e0 l&#8217;autre bout du monde. Certaines de ces options peuvent sembler tr\u00e8s comp\u00e9titives. Mais cette comp\u00e9titivit\u00e9 est parfois trompeuse.<\/p>\n<p>Chez Mexpo, nous croyons en la <strong>valeur des entreprises locales<\/strong> et nous voulons que vous vous sentiez en confiance lorsque vous achetez chez nous.<\/p>\n<p><span style=\"font-size: medium;\"><strong>Pourquoi choisir une entreprise polonaise comme la n\u00f4tre plut\u00f4t que des plateformes de vente \u00e9trang\u00e8res ?<\/strong><\/span>[\/vc_column_text][\/vc_column][\/vc_row][vc_row equal_height=&#8221;yes&#8221; content_placement=&#8221;middle&#8221; css=&#8221;.vc_custom_1750762887303{margin-top: 50px !important;}&#8221;][vc_column width=&#8221;1\/6&#8243;][vc_single_image image=&#8221;53825&#8243; img_size=&#8221;&#8221; alignment=&#8221;right&#8221; css=&#8221;&#8221;][\/vc_column][vc_column width=&#8221;5\/6&#8243;][vc_custom_heading text=&#8221;S\u00e9curit\u00e9 et fiabilit\u00e9 de vos achats&#8221; font_container=&#8221;tag:h2|font_size:18|text_align:left&#8221; google_fonts=&#8221;font_family:Open%20Sans%3A300%2C300italic%2Cregular%2Citalic%2C600%2C600italic%2C700%2C700italic%2C800%2C800italic|font_style:700%20bold%20regular%3A700%3Anormal&#8221; css=&#8221;&#8221;][vc_column_text css=&#8221;&#8221;]Nous sommes une soci\u00e9t\u00e9 polonaise enregistr\u00e9e, op\u00e9rant conform\u00e9ment \u00e0 la l\u00e9gislation nationale. Cela signifie que vos <strong>droits de consommateur sont pleinement prot\u00e9g\u00e9s<\/strong>, que vous b\u00e9n\u00e9ficiez d\u2019un contact facile et de conditions de retour et de r\u00e9clamation transparentes. Vous n&#8217;avez pas \u00e0 vous soucier de proc\u00e9dures compliqu\u00e9es avec des interm\u00e9diaires \u00e9trangers.[\/vc_column_text][\/vc_column][\/vc_row][vc_row equal_height=&#8221;yes&#8221; content_placement=&#8221;middle&#8221; css=&#8221;.vc_custom_1750762892369{margin-top: 30px !important;}&#8221;][vc_column width=&#8221;1\/6&#8243;][vc_single_image image=&#8221;53840&#8243; img_size=&#8221;&#8221; alignment=&#8221;right&#8221; css=&#8221;&#8221;][\/vc_column][vc_column width=&#8221;5\/6&#8243;][vc_custom_heading text=&#8221;Entrep\u00f4t en Pologne = une livraison rapide&#8221; font_container=&#8221;tag:h2|font_size:18|text_align:left&#8221; google_fonts=&#8221;font_family:Open%20Sans%3A300%2C300italic%2Cregular%2Citalic%2C600%2C600italic%2C700%2C700italic%2C800%2C800italic|font_style:700%20bold%20regular%3A700%3Anormal&#8221; css=&#8221;&#8221;][vc_column_text css=&#8221;&#8221;]Tous les produits disponibles dans notre boutique <strong>se trouvent dans notre entrep\u00f4t en Pologne.<\/strong> Oubliez les longues attentes pour un colis exp\u00e9di\u00e9 de pays lointains ! Les produits command\u00e9s chez nous vous parviendront rapidement et sans probl\u00e8me, sans frais de douane cach\u00e9s ni surprises suppl\u00e9mentaires.[\/vc_column_text][\/vc_column][\/vc_row][vc_row equal_height=&#8221;yes&#8221; content_placement=&#8221;middle&#8221; css=&#8221;.vc_custom_1750762898110{margin-top: 30px !important;}&#8221;][vc_column width=&#8221;1\/6&#8243;][vc_single_image image=&#8221;53834&#8243; img_size=&#8221;&#8221; alignment=&#8221;right&#8221; css=&#8221;&#8221;][\/vc_column][vc_column width=&#8221;5\/6&#8243;][vc_custom_heading text=&#8221;Service professionnel et assistance technique en Pologne &#8221; font_container=&#8221;tag:h2|font_size:18|text_align:left&#8221; google_fonts=&#8221;font_family:Open%20Sans%3A300%2C300italic%2Cregular%2Citalic%2C600%2C600italic%2C700%2C700italic%2C800%2C800italic|font_style:700%20bold%20regular%3A700%3Anormal&#8221; css=&#8221;&#8221;][vc_column_text css=&#8221;&#8221;]Si un produit n\u00e9cessite une r\u00e9paration ou si vous avez des questions, <strong>notre \u00e9quipe technique est sur place, en Pologne<\/strong>. Cela garantit une assistance rapide et efficace, sans devoir renvoyer le mat\u00e9riel \u00e0 l\u2019\u00e9tranger ou de faire face \u00e0 une barri\u00e8re linguistique et souvent culturelle. Vous pouvez nous contactez en polonais ou en anglais, et vous avez la certitude que votre demande sera trait\u00e9e en priorit\u00e9.[\/vc_column_text][\/vc_column][\/vc_row][vc_row equal_height=&#8221;yes&#8221; content_placement=&#8221;middle&#8221; css=&#8221;.vc_custom_1750762904378{margin-top: 30px !important;}&#8221;][vc_column width=&#8221;1\/6&#8243;][vc_single_image image=&#8221;53846&#8243; img_size=&#8221;&#8221; alignment=&#8221;right&#8221; css=&#8221;&#8221;][\/vc_column][vc_column width=&#8221;5\/6&#8243;][vc_custom_heading text=&#8221;Vous soutenez l\u2019\u00e9conomie polonaise&#8221; font_container=&#8221;tag:h2|font_size:18|text_align:left&#8221; google_fonts=&#8221;font_family:Open%20Sans%3A300%2C300italic%2Cregular%2Citalic%2C600%2C600italic%2C700%2C700italic%2C800%2C800italic|font_style:700%20bold%20regular%3A700%3Anormal&#8221; css=&#8221;&#8221;][vc_column_text css=&#8221;&#8221;]Chaque achat chez nous soutient l\u2019emploi local est un <strong>soutien au march\u00e9 du travail polonais, aux fournisseurs locaux et au budget national.<\/strong> C&#8217;est votre v\u00e9ritable contribution au d\u00e9veloppement de l&#8217;esprit d&#8217;entreprise et de la force \u00e9conomique du pays.[\/vc_column_text][\/vc_column][\/vc_row][vc_row equal_height=&#8221;yes&#8221; content_placement=&#8221;middle&#8221; css=&#8221;.vc_custom_1750762916650{margin-top: 30px !important;}&#8221;][vc_column width=&#8221;1\/6&#8243;][vc_single_image image=&#8221;53852&#8243; img_size=&#8221;&#8221; alignment=&#8221;right&#8221; css=&#8221;&#8221;][\/vc_column][vc_column width=&#8221;5\/6&#8243;][vc_custom_heading text=&#8221;Responsabilit\u00e9 et confiance&#8221; font_container=&#8221;tag:h2|font_size:18|text_align:left&#8221; google_fonts=&#8221;font_family:Open%20Sans%3A300%2C300italic%2Cregular%2Citalic%2C600%2C600italic%2C700%2C700italic%2C800%2C800italic|font_style:700%20bold%20regular%3A700%3Anormal&#8221; css=&#8221;&#8221;][vc_column_text css=&#8221;&#8221;]En tant qu\u2019entreprise polonaise, nous construisons notre r\u00e9putation sur<strong> la confiance et la responsabilit\u00e9<\/strong>. Nous nous engageons \u00e0 entretenir des relations \u00e0 long terme avec nos clients, c&#8217;est pourquoi nous nous concentrons sur la qualit\u00e9 de nos services et de nos produits depuis 25 ans.[\/vc_column_text][\/vc_column][\/vc_row][vc_row css=&#8221;.vc_custom_1750758492750{margin-top: 50px !important;}&#8221;][vc_column][vc_column_text css=&#8221;&#8221;]<span style=\"font-size: medium;\"><strong>En choisissant Mexpo et notre marque mGuide, vous optez pour la certitude, la commodit\u00e9 et le soutien de ce qui est polonais. Nous vous remercions de votre confiance !<\/strong><\/span>[\/vc_column_text][\/vc_column][\/vc_row]<\/p>\n<\/div>","protected":false},"excerpt":{"rendered":"<p>[vc_row][vc_column][vc_column_text css=&#8221;&#8221;]Le march\u00e9 mondial et Internet vous offrent d\u2019innombrables possibilit\u00e9s de choisir votre fournisseur et votre produit, parfois \u00e0 l&#8217;autre bout du monde. Certaines de ces options peuvent sembler tr\u00e8s<\/p>\n","protected":false},"author":338,"featured_media":0,"parent":0,"menu_order":0,"comment_status":"closed","ping_status":"closed","template":"","meta":{"_acf_changed":false,"footnotes":""},"class_list":["post-53884","page","type-page","status-publish","hentry"],"acf":[],"_links":{"self":[{"href":"https:\/\/mexpo.eu\/fr\/wp-json\/wp\/v2\/pages\/53884","targetHints":{"allow":["GET"]}}],"collection":[{"href":"https:\/\/mexpo.eu\/fr\/wp-json\/wp\/v2\/pages"}],"about":[{"href":"https:\/\/mexpo.eu\/fr\/wp-json\/wp\/v2\/types\/page"}],"author":[{"embeddable":true,"href":"https:\/\/mexpo.eu\/fr\/wp-json\/wp\/v2\/users\/338"}],"replies":[{"embeddable":true,"href":"https:\/\/mexpo.eu\/fr\/wp-json\/wp\/v2\/comments?post=53884"}],"version-history":[{"count":0,"href":"https:\/\/mexpo.eu\/fr\/wp-json\/wp\/v2\/pages\/53884\/revisions"}],"wp:attachment":[{"href":"https:\/\/mexpo.eu\/fr\/wp-json\/wp\/v2\/media?parent=53884"}],"curies":[{"name":"wp","href":"https:\/\/api.w.org\/{rel}","templated":true}]}}