{"id":14859,"date":"2018-08-30T17:00:17","date_gmt":"2018-08-30T17:00:17","guid":{"rendered":"https:\/\/mguide.eu\/?page_id=14859"},"modified":"2025-02-15T10:59:24","modified_gmt":"2025-02-15T10:59:24","slug":"politique-de-cookies","status":"publish","type":"page","link":"https:\/\/mexpo.eu\/fr\/politique-de-cookies\/","title":{"rendered":"Politique de cookies"},"content":{"rendered":"<div class=\"wpb-content-wrapper\"><p>[vc_row][vc_column][vc_column_text css=&#8221;&#8221;]<\/p>\n<ol>\n<li>La pr\u00e9sente politique en mati\u00e8re de cookies est conforme \u00e0 la l\u00e9gislation d\u00e9coulant de l&#8217;art. 173, 174 et 209 de la loi du 16 juillet 2004 \u00abLoi sur les t\u00e9l\u00e9communications\u00bb (BO 2017 point 1907 modifi\u00e9) et le R\u00e8glement (UE) 2016\/679 du Parlement europ\u00e9en et du Conseil du 27 avril 2016 relatif \u00e0 la protection des personnes physiques \u00e0 l&#8217;\u00e9gard du traitement des donn\u00e9es \u00e0 caract\u00e8re personnel et \u00e0 la libre circulation de ces donn\u00e9es, et abrogeant la directive 95\/46\/CE (OJ L 119, 4.5.2016, p. 1) (\u00abRGPD\u00bb) et la loi mettant en \u0153uvre RGPD: la loi du 10 mai de 2018 sur la protection des donn\u00e9es \u00e0 caract\u00e8re personnel (BO 2018 point 1000 modifi\u00e9).<\/li>\n<li>Aux fins de la pr\u00e9sente Politique Cookies, on entend par:\n<ol>\n<li>Administrateur \u2013 Mexpo Sp. z o.o., ul. Pu\u0142askiego 8, 81-368 Gda\u0144sk, NIP: 5862383378, REGON: 522801670, KRS: 0000984479,<\/li>\n<li>Utilisateur \u2013 chaque personne (internaute), qui visite le site web (et toutes les sous-pages), sur lequel la boutique en ligne, y compris le Client\/Preneur de service<\/li>\n<li>Politique Cookies \u2013 le pr\u00e9sent document<\/li>\n<li>Boutique en ligne \u2013 service en ligne disponible sur le site mguide.eu<\/li>\n<li>Cookies\u2013 donn\u00e9es informatiques, en particulier les fichiers texte qui ont stock\u00e9s dans le dispositif final de l&#8217;utilisateur de la boutique en ligne et sont destin\u00e9s \u00e0 utiliser les pages web de la boutique en ligne; les cookies contiennent g\u00e9n\u00e9ralement le nom du site web d&#8217;o\u00f9 ils proviennent, la dur\u00e9e de leur stockage sur le dispositif final et un num\u00e9ro unique<\/li>\n<li>De plus, \u00e0 d\u2019autres \u00e9gards l\u2019application s\u2019applique la signification des termes d\u00e9finis dans la r\u00e9glementation de la boutique en ligne et dans la politique de confidentialit\u00e9.<\/li>\n<\/ol>\n<\/li>\n<li>L&#8217;administrateur d\u00e9clare que la boutique en ligne ne collecte pas automatiquement des informations sur l&#8217;utilisateur, autres que celles contenues dans les fichiers de cookies. En particulier, l\u2019administrateur d\u00e9clare que la boutique en ligne n\u2019utilise pas les soi-disant \u00ab cookies de suivi \u00bb (tracking cookies), c&#8217;est-\u00e0-dire des fichiers qui permettent \u00ab d\u2019espionner \u00bb les utilisateurs.<\/li>\n<li>L\u2019administrateur de la boutique en ligne d\u00e9clare que les cookies sont utilis\u00e9s aux fins suivantes:\n<ol>\n<li>Adaptation du contenu de la boutique en ligne aux pr\u00e9f\u00e9rences de l&#8217;utilisateur et optimisation de l\u2019utilisation des sites web. En particulier, ces fichiers permettent de reconna\u00eetre l\u2019appareil de l&#8217;utilisateur et d&#8217;afficher correctement le site web, en fonction de ses besoins.<\/li>\n<li>Gestion de la session de l\u2019Utilisateur (si connect\u00e9) sur chaque sous-page de la boutique en ligne.<\/li>\n<li>Cr\u00e9ation des statistiques qui constituent la base pour analyser la mani\u00e8re dont les utilisateurs utilisent la boutique en ligne.<\/li>\n<\/ol>\n<\/li>\n<li>L&#8217;administrateur d\u00e9clare que les types de cookies suivants sont utilis\u00e9s dans la boutique en ligne:\n<ol>\n<li>Cookies de session (Session cookies )- fichiers temporaires stock\u00e9s sur l\u2019appareil de l&#8217;utilisateur jusqu&#8217;\u00e0 ce que celui si se d\u00e9connecte, quitte le site web ou quitte le navigateur web.<\/li>\n<li>Cookies \u00ab persistants \u00bb (Persistent cookies) &#8211; les fichiers stock\u00e9s sur l\u2019appareil de l&#8217;utilisateur pendant la dur\u00e9e sp\u00e9cifi\u00e9e dans les param\u00e8tres du fichier cookie ou jusqu&#8217;\u00e0 ce que l\u2019utilisateur les supprime.<\/li>\n<li>fichiers permettant l&#8217;utilisation de services disponibles sur la boutique en ligne, par exemple des cookies d&#8217;authentification utilis\u00e9s pour des services n\u00e9cessitant une authentification dans la boutique en ligne;<\/li>\n<li>fichiers con\u00e7us pour assurer la s\u00e9curit\u00e9, utilis\u00e9s par exemple pour d\u00e9tecter des fraudes d\u2019authentification dans la boutique en ligne ;<\/li>\n<li>fichiers permettant la collecte d&#8217;informations sur l&#8217;utilisation des sites web de la boutique en ligne;<\/li>\n<li>fichiers permettant de sauvegarder les param\u00e8tres s\u00e9lectionn\u00e9s par l\u2019utilisateur et de personnaliser l&#8217;interface utilisateur, en choisissant par exemple la langue de la boutique en ligne.<\/li>\n<li>fichiers permettant de fournir aux utilisateurs un contenu plus adapt\u00e9 \u00e0 leurs int\u00e9r\u00eats.<\/li>\n<\/ol>\n<\/li>\n<li>Les cookies stock\u00e9s sur l\u2019appareil de l&#8217;utilisateur peuvent \u00eatre utilis\u00e9s par des Partenaires de Confiance qui coop\u00e8rent avec l\u2019administrateur.<\/li>\n<li>Le logiciel standard, disponible sur le march\u00e9 et utilis\u00e9 pour la navigation sur des sites web (navigateur web) accepte de sauvegarder et permet le stockage de cookies sur l\u2019appareil de l&#8217;utilisateur. Chaque utilisateur peut d\u00e9terminer. \u00e0 tout moment, de mani\u00e8re ind\u00e9pendante les conditions d&#8217;utilisation des cookies sur son l\u2019appareil, en utilisant les param\u00e8tres de son propre navigateur Web.<\/li>\n<li>L&#8217;utilisateur peut modifier les param\u00e8tres des cookies \u00e0 tout moment. Il peut par exemple limiter partiellement (par exemple temporairement) ou d\u00e9sactiver compl\u00e8tement l\u2019option de sauvegarde des cookies. Les limitations relatives \u00e0 l&#8217;utilisation de cookies peuvent toutefois affecter certaines des fonctionnalit\u00e9s disponibles sur les sites web de la boutique en ligne. L\u2019administrateur pr\u00e9cise que la d\u00e9sactivation des cookies n\u00e9cessaires \u00e0 l&#8217;authentification et \u00e0 la s\u00e9curit\u00e9 peut entraver l&#8217;utilisation de la boutique en ligne mguide.eu et dans des cas extr\u00eames, il peut s&#8217;av\u00e9rer impossible d&#8217;utiliser le site web mguide.eu.<\/li>\n<li>Les param\u00e8tres du navigateur web en mati\u00e8re des cookies sont importants du point de vue du consentement \u00e0 l&#8217;utilisation des cookies par la boutique en ligne mguide.eu : ce consentement peut \u00e9galement \u00eatre exprim\u00e9 via les param\u00e8tres du navigateur web. Ne pas bloquer les cookies signifie que l\u2019utilisateur accepte le traitement des donn\u00e9es obtenues via des cookies par l\u2019Administrateur et ses Partenaires de confiance.<\/li>\n<li>Si l&#8217;utilisateur n&#8217;accepte pas le traitement des donn\u00e9es obtenues via cookies par l&#8217;administrateur ou les partenaires de confiance, il doit modifier les param\u00e8tres du navigateur web en termes de cookies sur son appareil final.<\/li>\n<li>Utilisation de la boutique en ligne mguide.eu sans bloquer les cookies dans le navigateur web par l\u2019utilisateur implique le consentement au traitement par l&#8217;administrateur ou des entit\u00e9s de confiance qui coop\u00e8rent avec lui (Partenaires de confiance) de donn\u00e9es personnelles de l\u2019utilisateur obtenues par le biais de cookies aux fins \u00e9nonc\u00e9es au paragraphe 4 ci-dessus.<\/li>\n<li>Des instructions et des informations d\u00e9taill\u00e9es sur les possibilit\u00e9s et les moyens de g\u00e9rer les cookies, y compris de modifier leurs param\u00e8tres, bloquer, supprimer automatiquement dans les navigateurs Web les plus courants, sont disponibles dans la section Aide du navigateur Web et dans les pages suivantes (cliquez simplement sur le lien * donn\u00e9):\n<ul>\n<li><a href=\"http:\/\/support.microsoft.com\/kb\/196955\" target=\"_blank\" rel=\"noopener noreferrer\">Internet Explorer<\/a><\/li>\n<li><a href=\"https:\/\/support.google.com\/chrome\/answer\/95647?hl=pl\" target=\"_blank\" rel=\"noopener noreferrer\">Chrome<\/a><\/li>\n<li><a href=\"http:\/\/support.apple.com\/kb\/PH5042\" target=\"_blank\" rel=\"noopener noreferrer\">Safari<\/a><\/li>\n<li><a href=\"https:\/\/support.mozilla.org\/pl\/kb\/W%C5%82%C4%85czanie%20i%20wy%C5%82%C4%85czanie%20obs%C5%82ugi%20ciasteczek\" target=\"_blank\" rel=\"noopener noreferrer\">Firefox<\/a><\/li>\n<li><a href=\"http:\/\/help.opera.com\/Windows\/12.10\/pl\/cookies.html\" target=\"_blank\" rel=\"noopener noreferrer\">Opera<\/a><\/li>\n<\/ul>\n<p>Dispositivos m\u00f3viles:<\/p>\n<ul>\n<li><a href=\"https:\/\/support.google.com\/chrome\/answer\/95647?hl=pl\" target=\"_blank\" rel=\"noopener noreferrer\">Android<\/a><\/li>\n<li><a href=\"http:\/\/support.apple.com\/kb\/HT1677?viewlocale=pl_PL\" target=\"_blank\" rel=\"noopener noreferrer\">Safari<\/a><\/li>\n<li><a href=\"http:\/\/www.windowsphone.com\/pl-pl\/how-to\/wp7\/web\/changing-privacy-and-other-browser-settings\" target=\"_blank\" rel=\"noopener noreferrer\">Windows Phone<\/a><\/li>\n<\/ul>\n<\/li>\n<\/ol>\n<p>[\/vc_column_text][\/vc_column][\/vc_row]<\/p>\n<\/div>","protected":false},"excerpt":{"rendered":"<p>[vc_row][vc_column][vc_column_text css=&#8221;&#8221;] La pr\u00e9sente politique en mati\u00e8re de cookies est conforme \u00e0 la l\u00e9gislation d\u00e9coulant de l&#8217;art. 173, 174 et 209 de la loi du 16 juillet 2004 \u00abLoi sur<\/p>\n","protected":false},"author":1,"featured_media":0,"parent":0,"menu_order":0,"comment_status":"closed","ping_status":"closed","template":"","meta":{"_acf_changed":false,"footnotes":""},"class_list":["post-14859","page","type-page","status-publish","hentry"],"acf":[],"_links":{"self":[{"href":"https:\/\/mexpo.eu\/fr\/wp-json\/wp\/v2\/pages\/14859","targetHints":{"allow":["GET"]}}],"collection":[{"href":"https:\/\/mexpo.eu\/fr\/wp-json\/wp\/v2\/pages"}],"about":[{"href":"https:\/\/mexpo.eu\/fr\/wp-json\/wp\/v2\/types\/page"}],"author":[{"embeddable":true,"href":"https:\/\/mexpo.eu\/fr\/wp-json\/wp\/v2\/users\/1"}],"replies":[{"embeddable":true,"href":"https:\/\/mexpo.eu\/fr\/wp-json\/wp\/v2\/comments?post=14859"}],"version-history":[{"count":1,"href":"https:\/\/mexpo.eu\/fr\/wp-json\/wp\/v2\/pages\/14859\/revisions"}],"predecessor-version":[{"id":47696,"href":"https:\/\/mexpo.eu\/fr\/wp-json\/wp\/v2\/pages\/14859\/revisions\/47696"}],"wp:attachment":[{"href":"https:\/\/mexpo.eu\/fr\/wp-json\/wp\/v2\/media?parent=14859"}],"curies":[{"name":"wp","href":"https:\/\/api.w.org\/{rel}","templated":true}]}}