{"id":69319,"date":"2026-05-15T11:36:06","date_gmt":"2026-05-15T09:36:06","guid":{"rendered":"https:\/\/mexpo.eu\/?post_type=product&#038;p=69319"},"modified":"2026-05-15T11:36:06","modified_gmt":"2026-05-15T09:36:06","slug":"bateria-para-dispositivos-grand-multicom-grand-multicom-pro","status":"publish","type":"product","link":"https:\/\/mexpo.eu\/es\/produkt\/bateria-para-dispositivos-grand-multicom-grand-multicom-pro\/","title":{"rendered":"Bater\u00eda para dispositivos Grand Multicom\/Grand Multicom PRO"},"content":{"rendered":"<p><span style=\"color: #800000;\"><strong>Este producto se fabrica bajo pedido. Para programar la pr\u00f3xima fecha de entrega disponible y consultar los detalles del proceso, p\u00f3ngase en contacto con nuestro equipo de atenci\u00f3n al cliente.<\/strong><\/span><\/p>\n<p>Esta bater\u00eda original est\u00e1 dise\u00f1ada para los modelos Grand Multicom y Grand Multicom PRO. Su capacidad de 2000 mAh permite muchas horas de uso intensivo sin necesidad de recargas frecuentes. Las celdas est\u00e1n fabricadas con tecnolog\u00eda de iones de litio (Li-ion).<\/p>\n","protected":false},"excerpt":{"rendered":"<p>Bater\u00eda de iones de litio original para dispositivos Grand Multicom y Grand Multicom PRO.<\/p>\n","protected":false},"featured_media":69318,"template":"","meta":{"_acf_changed":false},"product_brand":[],"product_cat":[5937],"product_tag":[],"class_list":{"0":"post-69319","1":"product","2":"type-product","3":"status-publish","4":"has-post-thumbnail","6":"product_cat-pilas-desechables-y-baterias-recargables","8":"first","9":"onbackorder","10":"taxable","11":"shipping-taxable","12":"purchasable","13":"product-type-simple"},"acf":[],"_links":{"self":[{"href":"https:\/\/mexpo.eu\/es\/wp-json\/wp\/v2\/product\/69319","targetHints":{"allow":["GET"]}}],"collection":[{"href":"https:\/\/mexpo.eu\/es\/wp-json\/wp\/v2\/product"}],"about":[{"href":"https:\/\/mexpo.eu\/es\/wp-json\/wp\/v2\/types\/product"}],"wp:featuredmedia":[{"embeddable":true,"href":"https:\/\/mexpo.eu\/es\/wp-json\/wp\/v2\/media\/69318"}],"wp:attachment":[{"href":"https:\/\/mexpo.eu\/es\/wp-json\/wp\/v2\/media?parent=69319"}],"wp:term":[{"taxonomy":"product_brand","embeddable":true,"href":"https:\/\/mexpo.eu\/es\/wp-json\/wp\/v2\/product_brand?post=69319"},{"taxonomy":"product_cat","embeddable":true,"href":"https:\/\/mexpo.eu\/es\/wp-json\/wp\/v2\/product_cat?post=69319"},{"taxonomy":"product_tag","embeddable":true,"href":"https:\/\/mexpo.eu\/es\/wp-json\/wp\/v2\/product_tag?post=69319"}],"curies":[{"name":"wp","href":"https:\/\/api.w.org\/{rel}","templated":true}]}}