{"id":69306,"date":"2026-05-15T11:36:01","date_gmt":"2026-05-15T09:36:01","guid":{"rendered":"https:\/\/mexpo.eu\/?post_type=product&#038;p=69306"},"modified":"2026-05-15T11:36:04","modified_gmt":"2026-05-15T09:36:04","slug":"cargador-maytel-aio","status":"publish","type":"product","link":"https:\/\/mexpo.eu\/es\/produkt\/cargador-maytel-aio\/","title":{"rendered":"Cargador Maytel AiO"},"content":{"rendered":"<p><span style=\"color: #800000;\"><strong>Este producto se fabrica bajo pedido. Para programar la pr\u00f3xima fecha de entrega y consultar los detalles del proceso, p\u00f3ngase en contacto con nuestro equipo de atenci\u00f3n al cliente.<\/strong><\/span><\/p>\n<p>Cargador combinado para 6 dispositivos.<\/p>\n<p>Compatible con los siguientes modelos: Maytel Grand Multicom All-in-One Single y Maytel Grand Multicom All-in-One Dual.<\/p>\n<p>Incluye cable y adaptador de corriente.<\/p>\n","protected":false},"excerpt":{"rendered":"<p>Cargador m\u00faltiple insertable para 6 dispositivos. Compatible con los modelos Maytel Grand Multicom All-in-One Single y Maytel Grand Multicom All-in-One Dual.<\/p>\n","protected":false},"featured_media":69304,"template":"","meta":{"_acf_changed":false},"product_brand":[],"product_cat":[5324],"product_tag":[],"class_list":{"0":"post-69306","1":"product","2":"type-product","3":"status-publish","4":"has-post-thumbnail","6":"product_cat-cargadores-para-sistemas-de-intercomunicacion","8":"first","9":"onbackorder","10":"taxable","11":"shipping-taxable","12":"purchasable","13":"product-type-simple"},"acf":[],"_links":{"self":[{"href":"https:\/\/mexpo.eu\/es\/wp-json\/wp\/v2\/product\/69306","targetHints":{"allow":["GET"]}}],"collection":[{"href":"https:\/\/mexpo.eu\/es\/wp-json\/wp\/v2\/product"}],"about":[{"href":"https:\/\/mexpo.eu\/es\/wp-json\/wp\/v2\/types\/product"}],"wp:featuredmedia":[{"embeddable":true,"href":"https:\/\/mexpo.eu\/es\/wp-json\/wp\/v2\/media\/69304"}],"wp:attachment":[{"href":"https:\/\/mexpo.eu\/es\/wp-json\/wp\/v2\/media?parent=69306"}],"wp:term":[{"taxonomy":"product_brand","embeddable":true,"href":"https:\/\/mexpo.eu\/es\/wp-json\/wp\/v2\/product_brand?post=69306"},{"taxonomy":"product_cat","embeddable":true,"href":"https:\/\/mexpo.eu\/es\/wp-json\/wp\/v2\/product_cat?post=69306"},{"taxonomy":"product_tag","embeddable":true,"href":"https:\/\/mexpo.eu\/es\/wp-json\/wp\/v2\/product_tag?post=69306"}],"curies":[{"name":"wp","href":"https:\/\/api.w.org\/{rel}","templated":true}]}}