{"id":69260,"date":"2026-05-13T13:31:16","date_gmt":"2026-05-13T11:31:16","guid":{"rendered":"https:\/\/mexpo.eu\/?post_type=product&#038;p=69260"},"modified":"2026-05-15T11:35:38","modified_gmt":"2026-05-15T09:35:38","slug":"maytel-grand-multicom-pro-863865mhz","status":"publish","type":"product","link":"https:\/\/mexpo.eu\/es\/produkt\/maytel-grand-multicom-pro-863865mhz\/","title":{"rendered":"Maytel Grand Multicom PRO 863~865MHz"},"content":{"rendered":"<p><span style=\"color: #800000;\"><strong>Este producto viene realizado su ordenaci\u00f3n. Para programar los pr\u00f3ximos datos de consegna y discutir los detalles, si prega di contattare il nostro negozio.<\/strong><\/span><\/p>\n<p>El citofono inal\u00e1mbrico Grand Multicom PRO 863 es un sistema de comunicaci\u00f3n dise\u00f1ado para los ambientes de trabajo m\u00e1s importantes (servicios, industria y comercio). El dispositivo vanta un&#8217;eccezionale robustezza, pienamente confermata dallo standard IP67 di resistenza all&#8217;acqua e alla polvere. No olvide su estructura s\u00f3lida, el dispositivo port\u00e1til y el peso (bater\u00eda de 180 g incluida).<\/p>\n<p>El dispositivo incluye: bater\u00eda de repuesto, auriculares HSB-02G, cable micro USB y estuche port\u00e1til.<\/p>\n<p>Consente conversazioni bidirezionali simultanee fino a cinque utenti standard e una persona aggiuntiva da un gruppo di ascolto illimitato, che preme un pulsante alla volta. Como alternativa, es posible configurarlo seg\u00fan un gran n\u00famero de dispositivos est\u00e1ndar.<\/p>\n<p>El sistema Grand Multicom PRO 863 admite cuatro modalidades operativas, ajustes personalizados en los pulsadores y el men\u00fa en la pantalla OLED (algunas modalidades se enriquecen con la adquisici\u00f3n de accesorios adicionales, disponibles).<\/p>\n<p>\nCaracter\u00edsticas y tecnolog\u00edas principales:<\/p>\n<ul>\n<li>Portata: alrededor de 500 metros<\/li>\n<li>Autonom\u00eda de la bater\u00eda: 10-12 horas<\/li>\n<li>Carga USB conveniente o cargador a granel<\/li>\n<li>Funciones full-duplex para un m\u00e1ximo de 6 interlocutores<\/li>\n<li>Frecuencia 863-865MHz\n<p>El sistema Grand Multicom PRO 863~865MHz es compatible con los modelos Grand Multicom All-in-One Single y Grand Multicom All-in-One Dual.<\/li>\n<\/ul>\n","protected":false},"excerpt":{"rendered":"<p>Un sistema de intercomunicaci\u00f3n inal\u00e1mbrico avanzado que opera en una frecuencia de 863-865 MHz. Una soluci\u00f3n fiable para la comunicaci\u00f3n profesional en entornos exigentes. Cuenta con una carcasa de alta resistencia y es resistente al agua (IP67). Permite conversaciones grupales simult\u00e1neas de hasta seis personas, con un n\u00famero ilimitado de oyentes. Adem\u00e1s, incorpora cifrado mediante PIN.<\/p>\n","protected":false},"featured_media":69256,"template":"","meta":{"_acf_changed":false},"product_brand":[],"product_cat":[5270],"product_tag":[],"class_list":{"0":"post-69260","1":"product","2":"type-product","3":"status-publish","4":"has-post-thumbnail","6":"product_cat-intercomunicadores-inalambricos","8":"first","9":"onbackorder","10":"taxable","11":"shipping-taxable","12":"purchasable","13":"product-type-simple"},"acf":[],"_links":{"self":[{"href":"https:\/\/mexpo.eu\/es\/wp-json\/wp\/v2\/product\/69260","targetHints":{"allow":["GET"]}}],"collection":[{"href":"https:\/\/mexpo.eu\/es\/wp-json\/wp\/v2\/product"}],"about":[{"href":"https:\/\/mexpo.eu\/es\/wp-json\/wp\/v2\/types\/product"}],"wp:featuredmedia":[{"embeddable":true,"href":"https:\/\/mexpo.eu\/es\/wp-json\/wp\/v2\/media\/69256"}],"wp:attachment":[{"href":"https:\/\/mexpo.eu\/es\/wp-json\/wp\/v2\/media?parent=69260"}],"wp:term":[{"taxonomy":"product_brand","embeddable":true,"href":"https:\/\/mexpo.eu\/es\/wp-json\/wp\/v2\/product_brand?post=69260"},{"taxonomy":"product_cat","embeddable":true,"href":"https:\/\/mexpo.eu\/es\/wp-json\/wp\/v2\/product_cat?post=69260"},{"taxonomy":"product_tag","embeddable":true,"href":"https:\/\/mexpo.eu\/es\/wp-json\/wp\/v2\/product_tag?post=69260"}],"curies":[{"name":"wp","href":"https:\/\/api.w.org\/{rel}","templated":true}]}}