{"id":69235,"date":"2026-05-13T13:35:42","date_gmt":"2026-05-13T11:35:42","guid":{"rendered":"https:\/\/mexpo.eu\/?post_type=product&#038;p=69235"},"modified":"2026-05-15T11:35:38","modified_gmt":"2026-05-15T09:35:38","slug":"maytel-grand-multicom-all-in-one-dual","status":"publish","type":"product","link":"https:\/\/mexpo.eu\/es\/produkt\/maytel-grand-multicom-all-in-one-dual\/","title":{"rendered":"Maytel Grand Multicom All-in-One Dual"},"content":{"rendered":"<p><span style=\"color: #800000;\"><strong>Este producto se fabrica bajo pedido. Para programar la pr\u00f3xima fecha de entrega y consultar los detalles, p\u00f3ngase en contacto con nuestro equipo de atenci\u00f3n al cliente.<\/strong><\/span><\/p>\n<p>El intercomunicador Grand Multicom All-in-One Dual es un sistema de intercomunicaci\u00f3n profesional e innovador con auriculares inal\u00e1mbricos de doble auricular. Es un sistema todo en uno fiable que no requiere estaci\u00f3n base ni emparejamiento: el dispositivo est\u00e1 listo para usar inmediatamente despu\u00e9s de encenderlo. Su bajo peso (410 g) y su dise\u00f1o compacto (plegable) facilitan su uso, transporte y almacenamiento.<\/p>\n<p>El sistema Grand Multicom All-in-One Dual garantiza comunicaci\u00f3n d\u00faplex completa para hasta seis usuarios simult\u00e1neamente, con la posibilidad de que un n\u00famero ilimitado de oyentes se unan a la conversaci\u00f3n. La compatibilidad con doble canal permite duplicar el n\u00famero de participantes simult\u00e1neos.<\/p>\n<p>Caracter\u00edsticas y tecnolog\u00edas clave<\/p>\n<ul>\n<li>Alcance: aproximadamente 500 metros<\/li>\n<li>Autonom\u00eda de la bater\u00eda: 10 horas<\/li>\n<li>Carga c\u00f3moda mediante USB-C o cargador m\u00faltiple<\/li>\n<li>Pantalla OLED<\/li>\n<li>Reducci\u00f3n de ruido mediante DSP (Procesamiento Digital de Se\u00f1al)<\/li>\n<li>Comunicaci\u00f3n d\u00faplex completa para hasta 6 usuarios<\/li>\n<li>Frecuencia: 863-865 MHz\n<p>El sistema Grand Multicom All-in-One Dual es compatible con los modelos Grand Multicom All-in-One Single y Grand Multicom PRO 863.<\/li>\n<\/ul>\n","protected":false},"excerpt":{"rendered":"<p>Un intercomunicador ligero con forma de auricular inal\u00e1mbrico supraaural para ambos o\u00eddos. Permite conversaciones simult\u00e1neas entre hasta seis personas y un n\u00famero ilimitado de oyentes. Adem\u00e1s, cuenta con reducci\u00f3n de ruido y un alcance de aproximadamente 500 metros.<\/p>\n","protected":false},"featured_media":69232,"template":"","meta":{"_acf_changed":false},"product_brand":[],"product_cat":[5270],"product_tag":[],"class_list":{"0":"post-69235","1":"product","2":"type-product","3":"status-publish","4":"has-post-thumbnail","6":"product_cat-intercomunicadores-inalambricos","8":"first","9":"onbackorder","10":"taxable","11":"shipping-taxable","12":"purchasable","13":"product-type-simple"},"acf":[],"_links":{"self":[{"href":"https:\/\/mexpo.eu\/es\/wp-json\/wp\/v2\/product\/69235","targetHints":{"allow":["GET"]}}],"collection":[{"href":"https:\/\/mexpo.eu\/es\/wp-json\/wp\/v2\/product"}],"about":[{"href":"https:\/\/mexpo.eu\/es\/wp-json\/wp\/v2\/types\/product"}],"wp:featuredmedia":[{"embeddable":true,"href":"https:\/\/mexpo.eu\/es\/wp-json\/wp\/v2\/media\/69232"}],"wp:attachment":[{"href":"https:\/\/mexpo.eu\/es\/wp-json\/wp\/v2\/media?parent=69235"}],"wp:term":[{"taxonomy":"product_brand","embeddable":true,"href":"https:\/\/mexpo.eu\/es\/wp-json\/wp\/v2\/product_brand?post=69235"},{"taxonomy":"product_cat","embeddable":true,"href":"https:\/\/mexpo.eu\/es\/wp-json\/wp\/v2\/product_cat?post=69235"},{"taxonomy":"product_tag","embeddable":true,"href":"https:\/\/mexpo.eu\/es\/wp-json\/wp\/v2\/product_tag?post=69235"}],"curies":[{"name":"wp","href":"https:\/\/api.w.org\/{rel}","templated":true}]}}