{"id":68243,"date":"2026-02-09T15:34:56","date_gmt":"2026-02-09T14:34:56","guid":{"rendered":"https:\/\/mexpo.eu\/?post_type=product&#038;p=68243"},"modified":"2026-02-17T11:18:17","modified_gmt":"2026-02-17T10:18:17","slug":"okayo-earme-go","status":"publish","type":"product","link":"https:\/\/mexpo.eu\/es\/produkt\/okayo-earme-go\/","title":{"rendered":"Okayo EarME GO 2.4 GHz"},"content":{"rendered":"<div class=\"wpb-content-wrapper\"><p>[vc_row][vc_column][vc_column_text css=&#8221;&#8221;]<\/p>\n<p data-path-to-node=\"24\"><b data-path-to-node=\"24\" data-index-in-node=\"0\">Okayo EarME GO<\/b> es un moderno sistema de gu\u00eda de grupos que consta de un receptor en forma de auricular ergon\u00f3mico inal\u00e1mbrico y un transmisor compacto de tan solo 50 g. Gracias a que el modelo es extremadamente ligero y casi no requiere mantenimiento, garantiza la comodidad durante las visitas, tanto para los participantes como para el gu\u00eda, incluso en recorridos largos.<\/p>\n<p data-path-to-node=\"25\">Lo que diferencia al Okayo EarME GO en el mercado es su funcionamiento en la banda universal de <b data-path-to-node=\"25\" data-index-in-node=\"96\">2,4 GHz<\/b>, lo que lo hace totalmente funcional en cualquier lugar del mundo. Proporciona a los gu\u00edas total flexibilidad y la seguridad de que el sistema funcionar\u00e1 en cualquier condici\u00f3n. El sistema tiene un alcance de unos 70 m.<\/p>\n<p data-path-to-node=\"26\">Las bater\u00edas de iones de litio integradas garantizan un largo tiempo de funcionamiento: <b data-path-to-node=\"26\" data-index-in-node=\"88\">m\u00e1s de 30 horas<\/b> para el transmisor y <b data-path-to-node=\"26\" data-index-in-node=\"125\">m\u00e1s de 25 horas<\/b> para el receptor. El corto tiempo de carga (2-4 horas) hace que el sistema est\u00e9 siempre listo para la acci\u00f3n. Los intuitivos botones <b data-path-to-node=\"26\" data-index-in-node=\"274\">+\/-<\/b> del receptor facilitan el manejo a participantes de todas las edades, mientras que la clara pantalla <b data-path-to-node=\"26\" data-index-in-node=\"379\">LCD<\/b> del transmisor permite al gu\u00eda comprobar y cambiar r\u00e1pidamente de canal, controlar el nivel de bater\u00eda y verificar la fuerza de la se\u00f1al, asegurando un desarrollo fluido de la visita sin interferencias.<\/p>\n<p data-path-to-node=\"27\"><b data-path-to-node=\"27\" data-index-in-node=\"0\">Caracter\u00edsticas del modelo:<\/b><\/p>\n<ul data-path-to-node=\"28\">\n<li>\n<p data-path-to-node=\"28,0,0\"><b data-path-to-node=\"28,0,0\" data-index-in-node=\"0\">Funcionamiento global:<\/b> Opera en la banda universal de 2,4 GHz, lo que garantiza un uso legal y sin problemas en todo el mundo.<\/p>\n<\/li>\n<li>\n<p data-path-to-node=\"28,1,0\"><b data-path-to-node=\"28,1,0\" data-index-in-node=\"0\">Dise\u00f1o ultraligero:<\/b> El transmisor pesa 50 g y el auricular compacto garantiza la libertad de movimiento.<\/p>\n<\/li>\n<li>\n<p data-path-to-node=\"28,2,0\"><b data-path-to-node=\"28,2,0\" data-index-in-node=\"0\">Larga autonom\u00eda:<\/b> Las bater\u00edas duran m\u00e1s de 30 horas (transmisor) y 25 horas (receptor) con una sola carga.<\/p>\n<\/li>\n<li>\n<p data-path-to-node=\"28,3,0\"><b data-path-to-node=\"28,3,0\" data-index-in-node=\"0\">Sonido n\u00edtido:<\/b> Proporciona una transmisi\u00f3n de voz excelente y clara, lo que mejora la comodidad de escucha.<\/p>\n<\/li>\n<li>\n<p data-path-to-node=\"28,4,0\"><b data-path-to-node=\"28,4,0\" data-index-in-node=\"0\">F\u00e1cil manejo:<\/b> Dos c\u00f3modos botones permiten ajustar r\u00e1pidamente el volumen y seleccionar el canal adecuado.<\/p>\n<\/li>\n<li>\n<p data-path-to-node=\"28,5,0\"><b data-path-to-node=\"28,5,0\" data-index-in-node=\"0\">Econ\u00f3mico:<\/b> Gracias a los receptores en forma de auricular, no hay que preocuparse por cambiar las pilas ni por comprar auriculares desechables adicionales.<\/p>\n<\/li>\n<\/ul>\n<p>[\/vc_column_text][\/vc_column][\/vc_row]<\/p>\n<\/div>","protected":false},"excerpt":{"rendered":"<p>El <b>Okayo EarME GO<\/b> es un <b>sistema tourguide ultraligero y compacto<\/b> que se distingue por su <b>receptor inal\u00e1mbrico en formato auricular<\/b>. Opera en la <b>banda global de 2,4 GHz<\/b>, lo que permite su uso en cualquier continente.<\/p>\n","protected":false},"featured_media":68295,"template":"","meta":{"_acf_changed":false},"product_brand":[],"product_cat":[5229],"product_tag":[],"class_list":{"0":"post-68243","1":"product","2":"type-product","3":"status-publish","4":"has-post-thumbnail","6":"product_cat-modelos","8":"first","9":"instock","10":"taxable","11":"shipping-taxable","12":"product-type-grouped"},"acf":[],"_links":{"self":[{"href":"https:\/\/mexpo.eu\/es\/wp-json\/wp\/v2\/product\/68243","targetHints":{"allow":["GET"]}}],"collection":[{"href":"https:\/\/mexpo.eu\/es\/wp-json\/wp\/v2\/product"}],"about":[{"href":"https:\/\/mexpo.eu\/es\/wp-json\/wp\/v2\/types\/product"}],"wp:featuredmedia":[{"embeddable":true,"href":"https:\/\/mexpo.eu\/es\/wp-json\/wp\/v2\/media\/68295"}],"wp:attachment":[{"href":"https:\/\/mexpo.eu\/es\/wp-json\/wp\/v2\/media?parent=68243"}],"wp:term":[{"taxonomy":"product_brand","embeddable":true,"href":"https:\/\/mexpo.eu\/es\/wp-json\/wp\/v2\/product_brand?post=68243"},{"taxonomy":"product_cat","embeddable":true,"href":"https:\/\/mexpo.eu\/es\/wp-json\/wp\/v2\/product_cat?post=68243"},{"taxonomy":"product_tag","embeddable":true,"href":"https:\/\/mexpo.eu\/es\/wp-json\/wp\/v2\/product_tag?post=68243"}],"curies":[{"name":"wp","href":"https:\/\/api.w.org\/{rel}","templated":true}]}}