{"id":68123,"date":"2026-02-09T15:21:32","date_gmt":"2026-02-09T14:21:32","guid":{"rendered":"https:\/\/mexpo.eu\/?post_type=product&#038;p=68123"},"modified":"2026-02-17T11:13:57","modified_gmt":"2026-02-17T10:13:57","slug":"transmisor-okayo-earme-go","status":"publish","type":"product","link":"https:\/\/mexpo.eu\/es\/produkt\/transmisor-okayo-earme-go\/","title":{"rendered":"Transmisor Okayo EarME GO 2.4 GHz"},"content":{"rendered":"<div class=\"wpb-content-wrapper\"><p>[vc_row][vc_column][vc_column_text css=&#8221;&#8221;]<\/p>\n<p data-path-to-node=\"16\"><b data-path-to-node=\"16\" data-index-in-node=\"0\">Okayo EarME GO<\/b> es un moderno sistema de gu\u00eda de grupos unidireccional que cuenta con un receptor de auricular y un transmisor ligero de 50 gramos. El sistema garantiza comodidad y un funcionamiento casi sin mantenimiento, tanto para los participantes como para el gu\u00eda, incluso durante recorridos largos. Funciona en la banda universal de <b data-path-to-node=\"16\" data-index-in-node=\"339\">2,4 GHz<\/b>, lo que lo hace fiable y funcional en todo el mundo sin necesidad de ajustar las frecuencias. El alcance del sistema es de unos 70 m.<\/p>\n<p data-path-to-node=\"17\">El <b data-path-to-node=\"17\" data-index-in-node=\"3\">transmisor<\/b> del sistema Okayo EarME GO es un dispositivo compacto que cabe f\u00e1cilmente en la palma de la mano y pesa solo 50 g. Gracias a la bater\u00eda de iones de litio integrada de 1300 mAh, garantiza un largo tiempo de funcionamiento de unas 30 horas con una sola carga. Dispone de un micr\u00f3fono incorporado y una toma jack de 3,5 mm para conectar un micr\u00f3fono externo. El dispositivo est\u00e1 equipado con una pantalla de f\u00e1cil lectura que informa sobre el nivel de bater\u00eda, el n\u00famero de canal y el estado de bloqueo, adem\u00e1s de botones intuitivos.<\/p>\n<p>[\/vc_column_text][\/vc_column][\/vc_row]<\/p>\n<\/div>","protected":false},"excerpt":{"rendered":"<p>El transmisor dedicado al sistema unidireccional <b>Okayo EarME GO<\/b>. Opera en la <b>banda global de 2,4 GHz<\/b>, lo que permite su uso en todo el mundo. <b>Ultraligero<\/b>, est\u00e1 equipado con una clara <b>pantalla LCD<\/b> y <b>botones intuitivos<\/b>.<\/p>\n","protected":false},"featured_media":68141,"template":"","meta":{"_acf_changed":false},"product_brand":[],"product_cat":[5228],"product_tag":[],"class_list":{"0":"post-68123","1":"product","2":"type-product","3":"status-publish","4":"has-post-thumbnail","6":"product_cat-transmisores-y-receptores","8":"first","9":"instock","10":"taxable","11":"shipping-taxable","12":"purchasable","13":"product-type-simple"},"acf":[],"_links":{"self":[{"href":"https:\/\/mexpo.eu\/es\/wp-json\/wp\/v2\/product\/68123","targetHints":{"allow":["GET"]}}],"collection":[{"href":"https:\/\/mexpo.eu\/es\/wp-json\/wp\/v2\/product"}],"about":[{"href":"https:\/\/mexpo.eu\/es\/wp-json\/wp\/v2\/types\/product"}],"wp:featuredmedia":[{"embeddable":true,"href":"https:\/\/mexpo.eu\/es\/wp-json\/wp\/v2\/media\/68141"}],"wp:attachment":[{"href":"https:\/\/mexpo.eu\/es\/wp-json\/wp\/v2\/media?parent=68123"}],"wp:term":[{"taxonomy":"product_brand","embeddable":true,"href":"https:\/\/mexpo.eu\/es\/wp-json\/wp\/v2\/product_brand?post=68123"},{"taxonomy":"product_cat","embeddable":true,"href":"https:\/\/mexpo.eu\/es\/wp-json\/wp\/v2\/product_cat?post=68123"},{"taxonomy":"product_tag","embeddable":true,"href":"https:\/\/mexpo.eu\/es\/wp-json\/wp\/v2\/product_tag?post=68123"}],"curies":[{"name":"wp","href":"https:\/\/api.w.org\/{rel}","templated":true}]}}