{"id":67908,"date":"2025-12-11T10:58:16","date_gmt":"2025-12-11T09:58:16","guid":{"rendered":"https:\/\/mexpo.eu\/produkt\/pegatinas-para-receptores-y-transmisores-100-uds\/"},"modified":"2025-12-11T10:58:16","modified_gmt":"2025-12-11T09:58:16","slug":"pegatinas-para-receptores-y-transmisores-100-uds","status":"publish","type":"product","link":"https:\/\/mexpo.eu\/es\/produkt\/pegatinas-para-receptores-y-transmisores-100-uds\/","title":{"rendered":"Pegatinas para receptores y transmisores (100 uds.)"},"content":{"rendered":"<p><strong>\u00a1Compre un m\u00ednimo de 50 receptores Okayo WT-300D, mGuide Pellegrino 2 o Okayo WaveTalk y reciba un paquete de pegatinas GRATIS!<\/strong><\/p>\n<p>Las pegatinas personalizadas son la soluci\u00f3n ideal no solo para que sus receptores y transmisores sean f\u00e1cilmente identificables, sino tambi\u00e9n para publicitar su marca.<\/p>\n<ul>\n<li><strong>Personalizaci\u00f3n completa:<\/strong>\u00a0Simplemente proporcione un archivo con el logo de su empresa (o cualquier archivo gr\u00e1fico elegido), y las\u00a0<strong>pegatinas se preparar\u00e1n para adaptarse perfectamente a su sistema<\/strong>\u00a0(Okayo WT-300D, mGuide Pellegrino 2 o Okayo WaveTalk).<\/li>\n<li><strong>Durabilidad y resistencia:<\/strong>\u00a0Los transmisores, y en particular los receptores, a menudo est\u00e1n expuestos a condiciones exigentes. Nuestras pegatinas\u00a0<strong>est\u00e1n hechas de materiales duraderos<\/strong>\u00a0y de alta calidad, resistentes a la abrasi\u00f3n, la humedad e incluso a los rayos UV.<\/li>\n<li><strong>Identificaci\u00f3n y seguridad:<\/strong>\u00a0Las pegatinas con su logo\u00a0<strong>protegen el equipo contra errores y facilitan el inventario<\/strong>. Sirven como un signo claro de propiedad, lo cual es crucial, especialmente cuando se alquila el equipo o se trabaja en grandes eventos.<\/li>\n<\/ul>\n<p><strong>Las pegatinas est\u00e1n dise\u00f1adas para los siguientes modelos:<\/strong><\/p>\n<ul>\n<li>Okayo WT-300D (dimensiones de la pegatina: 31 x 45 mm)<\/li>\n<li>mGuide Pellegrino 2 (dimensiones de la pegatina: 41,1 x 27,3 mm)<\/li>\n<li>Okayo WaveTalk (dimensiones de la pegatina: 27 x 20 mm)<\/li>\n<\/ul>\n","protected":false},"excerpt":{"rendered":"<p>Pegatinas personalizadas con su propio logo para transmisores y receptores de los modelos Okayo WT-300D, mGuide Pellegrino 2 y Okayo WaveTalk. El precio es por un paquete de 100 pegatinas.<\/p>\n","protected":false},"featured_media":68001,"template":"","meta":{"_acf_changed":false},"product_brand":[],"product_cat":[5263,5982],"product_tag":[],"class_list":{"0":"post-67908","1":"product","2":"type-product","3":"status-publish","4":"has-post-thumbnail","6":"product_cat-otros-accesorios","7":"product_cat-sistemas-de-radioguias","9":"first","10":"instock","11":"taxable","12":"shipping-taxable","13":"purchasable","14":"product-type-variable"},"acf":[],"_links":{"self":[{"href":"https:\/\/mexpo.eu\/es\/wp-json\/wp\/v2\/product\/67908","targetHints":{"allow":["GET"]}}],"collection":[{"href":"https:\/\/mexpo.eu\/es\/wp-json\/wp\/v2\/product"}],"about":[{"href":"https:\/\/mexpo.eu\/es\/wp-json\/wp\/v2\/types\/product"}],"wp:featuredmedia":[{"embeddable":true,"href":"https:\/\/mexpo.eu\/es\/wp-json\/wp\/v2\/media\/68001"}],"wp:attachment":[{"href":"https:\/\/mexpo.eu\/es\/wp-json\/wp\/v2\/media?parent=67908"}],"wp:term":[{"taxonomy":"product_brand","embeddable":true,"href":"https:\/\/mexpo.eu\/es\/wp-json\/wp\/v2\/product_brand?post=67908"},{"taxonomy":"product_cat","embeddable":true,"href":"https:\/\/mexpo.eu\/es\/wp-json\/wp\/v2\/product_cat?post=67908"},{"taxonomy":"product_tag","embeddable":true,"href":"https:\/\/mexpo.eu\/es\/wp-json\/wp\/v2\/product_tag?post=67908"}],"curies":[{"name":"wp","href":"https:\/\/api.w.org\/{rel}","templated":true}]}}