{"id":67674,"date":"2025-11-03T10:24:06","date_gmt":"2025-11-03T09:24:06","guid":{"rendered":"https:\/\/mexpo.eu\/produkt\/gancho-correa-higienica-juego-50-uds\/"},"modified":"2025-11-03T10:24:06","modified_gmt":"2025-11-03T09:24:06","slug":"gancho-correa-higienica-juego-50-uds","status":"publish","type":"product","link":"https:\/\/mexpo.eu\/es\/produkt\/gancho-correa-higienica-juego-50-uds\/","title":{"rendered":"Gancho + correa higi\u00e9nica (juego) 50 uds."},"content":{"rendered":"<p>Un conjunto (50 piezas) de correas suaves e higi\u00e9nicas, hechas de algod\u00f3n natural, con ganchos ZK.<\/p>\n","protected":false},"excerpt":{"rendered":"<p>Cord\u00f3n de algod\u00f3n para sistemas de gu\u00eda tur\u00edstica con gancho ZK incluido.<\/p>\n","protected":false},"featured_media":67672,"template":"","meta":{"_acf_changed":false},"product_brand":[],"product_cat":[5244],"product_tag":[],"class_list":{"0":"post-67674","1":"product","2":"type-product","3":"status-publish","4":"has-post-thumbnail","6":"product_cat-correas-de-cuello","8":"first","9":"instock","10":"taxable","11":"shipping-taxable","12":"purchasable","13":"product-type-simple"},"acf":[],"_links":{"self":[{"href":"https:\/\/mexpo.eu\/es\/wp-json\/wp\/v2\/product\/67674","targetHints":{"allow":["GET"]}}],"collection":[{"href":"https:\/\/mexpo.eu\/es\/wp-json\/wp\/v2\/product"}],"about":[{"href":"https:\/\/mexpo.eu\/es\/wp-json\/wp\/v2\/types\/product"}],"wp:featuredmedia":[{"embeddable":true,"href":"https:\/\/mexpo.eu\/es\/wp-json\/wp\/v2\/media\/67672"}],"wp:attachment":[{"href":"https:\/\/mexpo.eu\/es\/wp-json\/wp\/v2\/media?parent=67674"}],"wp:term":[{"taxonomy":"product_brand","embeddable":true,"href":"https:\/\/mexpo.eu\/es\/wp-json\/wp\/v2\/product_brand?post=67674"},{"taxonomy":"product_cat","embeddable":true,"href":"https:\/\/mexpo.eu\/es\/wp-json\/wp\/v2\/product_cat?post=67674"},{"taxonomy":"product_tag","embeddable":true,"href":"https:\/\/mexpo.eu\/es\/wp-json\/wp\/v2\/product_tag?post=67674"}],"curies":[{"name":"wp","href":"https:\/\/api.w.org\/{rel}","templated":true}]}}