{"id":66420,"date":"2025-08-28T11:25:38","date_gmt":"2025-08-28T11:25:38","guid":{"rendered":"https:\/\/mexpo.eu\/?post_type=product&#038;p=66420"},"modified":"2025-08-28T11:25:39","modified_gmt":"2025-08-28T11:25:39","slug":"auriculares-em-aus-10-unidades","status":"publish","type":"product","link":"https:\/\/mexpo.eu\/es\/produkt\/auriculares-em-aus-10-unidades\/","title":{"rendered":"Auriculares EM-AUS (10 unidades)"},"content":{"rendered":"<p>Auriculares est\u00e9reo c\u00f3modos y ajustables: perfectos para turismo y viajes.<\/p>\n<p>C\u00f3modos auriculares supraurales dise\u00f1ados para uso prolongado, especialmente durante visitas a museos, audiogu\u00edas o eventos educativos. Gracias a su diadema ajustable y su dise\u00f1o ligero, se adaptan a cualquier cabeza, garantizando comodidad durante horas.<\/p>\n<p>Los auriculares cuentan con un conector est\u00e1ndar de 3,5 mm, compatible con la mayor\u00eda de reproductores multimedia, audiogu\u00edas, tel\u00e9fonos, tabletas y ordenadores. El cable de 90 cm permite una c\u00f3moda conexi\u00f3n a un dispositivo que se lleve colgado del cuello, en el bolsillo o con un cord\u00f3n.<\/p>\n","protected":false},"excerpt":{"rendered":"<p>Auriculares est\u00e9reo con diadema ajustable y almohadillas de piel sint\u00e9tica para los altavoces. Ideales y muy c\u00f3modos para uso prolongado durante visitas a museos o viajes.<\/p>\n","protected":false},"featured_media":66391,"template":"","meta":{"_acf_changed":false},"product_brand":[],"product_cat":[5235],"product_tag":[],"class_list":{"0":"post-66420","1":"product","2":"type-product","3":"status-publish","4":"has-post-thumbnail","6":"product_cat-auriculares-reutilizables-auriculares","8":"first","9":"instock","10":"taxable","11":"shipping-taxable","12":"purchasable","13":"product-type-simple"},"acf":[],"_links":{"self":[{"href":"https:\/\/mexpo.eu\/es\/wp-json\/wp\/v2\/product\/66420","targetHints":{"allow":["GET"]}}],"collection":[{"href":"https:\/\/mexpo.eu\/es\/wp-json\/wp\/v2\/product"}],"about":[{"href":"https:\/\/mexpo.eu\/es\/wp-json\/wp\/v2\/types\/product"}],"wp:featuredmedia":[{"embeddable":true,"href":"https:\/\/mexpo.eu\/es\/wp-json\/wp\/v2\/media\/66391"}],"wp:attachment":[{"href":"https:\/\/mexpo.eu\/es\/wp-json\/wp\/v2\/media?parent=66420"}],"wp:term":[{"taxonomy":"product_brand","embeddable":true,"href":"https:\/\/mexpo.eu\/es\/wp-json\/wp\/v2\/product_brand?post=66420"},{"taxonomy":"product_cat","embeddable":true,"href":"https:\/\/mexpo.eu\/es\/wp-json\/wp\/v2\/product_cat?post=66420"},{"taxonomy":"product_tag","embeddable":true,"href":"https:\/\/mexpo.eu\/es\/wp-json\/wp\/v2\/product_tag?post=66420"}],"curies":[{"name":"wp","href":"https:\/\/api.w.org\/{rel}","templated":true}]}}