{"id":66375,"date":"2025-08-28T12:11:56","date_gmt":"2025-08-28T12:11:56","guid":{"rendered":"https:\/\/mexpo.eu\/?post_type=product&#038;p=66375"},"modified":"2025-08-28T12:11:57","modified_gmt":"2025-08-28T12:11:57","slug":"transmisor-mguide-pellegrino-easy","status":"publish","type":"product","link":"https:\/\/mexpo.eu\/es\/produkt\/transmisor-mguide-pellegrino-easy\/","title":{"rendered":"Transmisor mGuide Pellegrino Easy"},"content":{"rendered":"<p>Transmisor dedicado al sistema mGuide Pellegrino Easy. El dispositivo es ultraligero, pesa solo 45 gramos, lo que lo hace muy c\u00f3modo, incluso en el caso de<br \/>\nde uso prolongado, por ejemplo, durante excursiones tur\u00edsticas. El confort de uso se incrementa adem\u00e1s con un pr\u00e1ctico clip que permite fijar f\u00e1cilmente el equipo a la ropa.<\/p>\n<p>Caracter\u00edsticas clave del sistema mGuide Pellegrino Easy:<\/p>\n<ul>\n<li>Emparejamiento inteligente en grupo: Permite agregar uno o varios receptores a un grupo existente de forma instant\u00e1nea mediante la sincronizaci\u00f3n autom\u00e1tica de la frecuencia.<\/li>\n<li>Bater\u00eda eficiente: Ofrece de 16 a 23 horas de funcionamiento continuo con una sola carga.<\/li>\n<li>Carga r\u00e1pida: la bater\u00eda se carga completamente a trav\u00e9s del puerto USB-C en tan solo 2-4,5 horas.<\/li>\n<li>Funciones de ahorro de energ\u00eda: El sistema apaga autom\u00e1ticamente el transmisor despu\u00e9s de 20 minutos sin sonido o el receptor despu\u00e9s de 20 minutos sin se\u00f1al, lo que prolonga el tiempo de funcionamiento.<\/li>\n<li>Flexibilidad de audio: Los transmisores tienen tanto un micr\u00f3fono incorporado como la posibilidad de conectar un micr\u00f3fono externo, adapt\u00e1ndose a las necesidades del usuario.<\/li>\n<\/ul>\n","protected":false},"excerpt":{"rendered":"<p>Transmisor digital unidireccional del sistema mGuide Pellegrino Easy. Compacto y ultraligero. Incluye micr\u00f3fono incorporado.<\/p>\n","protected":false},"featured_media":66342,"template":"","meta":{"_acf_changed":false},"product_brand":[],"product_cat":[5228],"product_tag":[],"class_list":{"0":"post-66375","1":"product","2":"type-product","3":"status-publish","4":"has-post-thumbnail","6":"product_cat-transmisores-y-receptores","8":"first","9":"instock","10":"taxable","11":"shipping-taxable","12":"purchasable","13":"product-type-simple"},"acf":[],"_links":{"self":[{"href":"https:\/\/mexpo.eu\/es\/wp-json\/wp\/v2\/product\/66375","targetHints":{"allow":["GET"]}}],"collection":[{"href":"https:\/\/mexpo.eu\/es\/wp-json\/wp\/v2\/product"}],"about":[{"href":"https:\/\/mexpo.eu\/es\/wp-json\/wp\/v2\/types\/product"}],"wp:featuredmedia":[{"embeddable":true,"href":"https:\/\/mexpo.eu\/es\/wp-json\/wp\/v2\/media\/66342"}],"wp:attachment":[{"href":"https:\/\/mexpo.eu\/es\/wp-json\/wp\/v2\/media?parent=66375"}],"wp:term":[{"taxonomy":"product_brand","embeddable":true,"href":"https:\/\/mexpo.eu\/es\/wp-json\/wp\/v2\/product_brand?post=66375"},{"taxonomy":"product_cat","embeddable":true,"href":"https:\/\/mexpo.eu\/es\/wp-json\/wp\/v2\/product_cat?post=66375"},{"taxonomy":"product_tag","embeddable":true,"href":"https:\/\/mexpo.eu\/es\/wp-json\/wp\/v2\/product_tag?post=66375"}],"curies":[{"name":"wp","href":"https:\/\/api.w.org\/{rel}","templated":true}]}}