{"id":66370,"date":"2025-08-28T12:12:01","date_gmt":"2025-08-28T12:12:01","guid":{"rendered":"https:\/\/mexpo.eu\/?post_type=product&#038;p=66370"},"modified":"2025-09-09T08:22:47","modified_gmt":"2025-09-09T08:22:47","slug":"conjunto-de-guia-turistica-mguide-pellegrino-easy-s-171","status":"publish","type":"product","link":"https:\/\/mexpo.eu\/es\/produkt\/conjunto-de-guia-turistica-mguide-pellegrino-easy-s-171\/","title":{"rendered":"Conjunto de gu\u00eda tur\u00edstica mGuide Pellegrino Easy | S (17+1)"},"content":{"rendered":"<p>Contenido del kit:<\/p>\n<ul>\n<li>1 transmisor mGuide Pellegrino Easy<\/li>\n<li>17 receptores mGuide Pellegrino Easy<\/li>\n<li>1 estuche de carga TC-18SG<\/li>\n<li>17 auriculares serie SH<\/li>\n<li>1 micr\u00f3fono serie LM<\/li>\n<li>Cordones para el dispositivo<br \/>\nLas im\u00e1genes de los accesorios son solo ilustrativas; los auriculares y micr\u00f3fonos pueden variar seg\u00fan la disponibilidad.<\/li>\n<\/ul>\n<p>El sistema mGuide Pellegrino Easy es un sistema de comunicaci\u00f3n digital unidireccional, compacto y ligero (45 g), ideal para uso prolongado, como viajes. Su caracter\u00edstica principal es el escaneo y ajuste autom\u00e1tico de frecuencias en tiempo real, lo que garantiza una transmisi\u00f3n estable y sin interferencias, eliminando la necesidad de configuraci\u00f3n manual. El dispositivo ofrece un alcance visual de hasta 110 m, tecnolog\u00eda de cancelaci\u00f3n de ruido y un pr\u00e1ctico soporte de clip.<\/p>\n<p>Caracter\u00edsticas principales:<\/p>\n<p>Emparejamiento r\u00e1pido de receptores en grupo.<\/p>\n<p>Duraci\u00f3n de la bater\u00eda: 16-23 horas; carga completa mediante USB-C en 2-4,5 horas.<\/p>\n<p>Funci\u00f3n de ahorro de energ\u00eda autom\u00e1tico: se apaga tras 20 minutos sin se\u00f1al.<\/p>\n<p>Transmisor con micr\u00f3fono integrado y posibilidad de conectar un micr\u00f3fono externo.<\/p>\n","protected":false},"excerpt":{"rendered":"<p>El mGuide Pellegrino Easy S (17+1) es un kit completo y listo para usar para un grupo de diecisiete personas. Incluye un estuche de transporte con cargador, auriculares de la serie SH, un micr\u00f3fono de la serie LM y correas higi\u00e9nicas para los dispositivos.<\/p>\n","protected":false},"featured_media":66441,"template":"","meta":{"_acf_changed":false},"product_brand":[],"product_cat":[5237],"product_tag":[],"class_list":{"0":"post-66370","1":"product","2":"type-product","3":"status-publish","4":"has-post-thumbnail","6":"product_cat-conjuntos-de-radioguias","8":"first","9":"instock","10":"taxable","11":"shipping-taxable","12":"purchasable","13":"product-type-simple"},"acf":[],"_links":{"self":[{"href":"https:\/\/mexpo.eu\/es\/wp-json\/wp\/v2\/product\/66370","targetHints":{"allow":["GET"]}}],"collection":[{"href":"https:\/\/mexpo.eu\/es\/wp-json\/wp\/v2\/product"}],"about":[{"href":"https:\/\/mexpo.eu\/es\/wp-json\/wp\/v2\/types\/product"}],"wp:featuredmedia":[{"embeddable":true,"href":"https:\/\/mexpo.eu\/es\/wp-json\/wp\/v2\/media\/66441"}],"wp:attachment":[{"href":"https:\/\/mexpo.eu\/es\/wp-json\/wp\/v2\/media?parent=66370"}],"wp:term":[{"taxonomy":"product_brand","embeddable":true,"href":"https:\/\/mexpo.eu\/es\/wp-json\/wp\/v2\/product_brand?post=66370"},{"taxonomy":"product_cat","embeddable":true,"href":"https:\/\/mexpo.eu\/es\/wp-json\/wp\/v2\/product_cat?post=66370"},{"taxonomy":"product_tag","embeddable":true,"href":"https:\/\/mexpo.eu\/es\/wp-json\/wp\/v2\/product_tag?post=66370"}],"curies":[{"name":"wp","href":"https:\/\/api.w.org\/{rel}","templated":true}]}}