{"id":66354,"date":"2025-08-28T12:11:53","date_gmt":"2025-08-28T12:11:53","guid":{"rendered":"https:\/\/mexpo.eu\/?post_type=product&#038;p=66354"},"modified":"2025-09-09T08:23:14","modified_gmt":"2025-09-09T08:23:14","slug":"mguide-pellegrino-easy","status":"publish","type":"product","link":"https:\/\/mexpo.eu\/es\/produkt\/mguide-pellegrino-easy\/","title":{"rendered":"mGuide Pellegrino Easy"},"content":{"rendered":"<p>mGuide Pellegrino es un sistema de gu\u00eda tur\u00edstica f\u00e1cil de usar que combina un dise\u00f1o moderno con una estructura ultraligera (45 g). El sistema garantiza una transmisi\u00f3n limpia y estable de hasta 110 metros en l\u00ednea de visi\u00f3n, y la tecnolog\u00eda de reducci\u00f3n de ruido (Noise Cancelling) que se utiliza garantiza una excelente calidad de sonido incluso en entornos ruidosos. Este modelo cuenta con la funci\u00f3n de carga r\u00e1pida mediante un cable USB-C o una bater\u00eda de carga colectiva.<\/p>\n<p>El receptor no requiere la intervenci\u00f3n del usuario (turista), lo que facilita a\u00fan m\u00e1s las visitas tur\u00edsticas. Ni siquiera tiene pantalla, y cualquier cambio de canal es autom\u00e1tico y transparente para el usuario. Lo \u00fanico que puede hacer es ajustar el volumen.<\/p>\n<p>Datos t\u00e9cnicos:<\/p>\n<ul>\n<li>Tipo de comunicaci\u00f3n: unidireccional<\/li>\n<li>N\u00famero de canales: 54<\/li>\n<li>Alcance: &lt; 110<\/li>\n<li>Duraci\u00f3n de la bater\u00eda del transmisor: ~ 16h<br \/>\nDuraci\u00f3n de la bater\u00eda del receptor: ~ 23h<\/li>\n<li>Tiempo de carga: 2-4,5 h<\/li>\n<li>Tipo de alimentaci\u00f3n: 1x Li-Poly 3.7V 630mAh<\/li>\n<li>Peso con bater\u00eda: 45 g<\/li>\n<li>Dimensiones: 34 x 20 x 63<\/li>\n<\/ul>\n","protected":false},"excerpt":{"rendered":"<p>Pellegrino Easy es un sistema de comunicaci\u00f3n inal\u00e1mbrico moderno, unidireccional y pr\u00e1cticamente sin mantenimiento. Es compacto y ultraligero. El transmisor cuenta con un micr\u00f3fono integrado.<\/p>\n","protected":false},"featured_media":66342,"template":"","meta":{"_acf_changed":false},"product_brand":[],"product_cat":[5229],"product_tag":[],"class_list":{"0":"post-66354","1":"product","2":"type-product","3":"status-publish","4":"has-post-thumbnail","6":"product_cat-modelos","8":"first","9":"instock","10":"taxable","11":"shipping-taxable","12":"product-type-grouped"},"acf":[],"_links":{"self":[{"href":"https:\/\/mexpo.eu\/es\/wp-json\/wp\/v2\/product\/66354","targetHints":{"allow":["GET"]}}],"collection":[{"href":"https:\/\/mexpo.eu\/es\/wp-json\/wp\/v2\/product"}],"about":[{"href":"https:\/\/mexpo.eu\/es\/wp-json\/wp\/v2\/types\/product"}],"wp:featuredmedia":[{"embeddable":true,"href":"https:\/\/mexpo.eu\/es\/wp-json\/wp\/v2\/media\/66342"}],"wp:attachment":[{"href":"https:\/\/mexpo.eu\/es\/wp-json\/wp\/v2\/media?parent=66354"}],"wp:term":[{"taxonomy":"product_brand","embeddable":true,"href":"https:\/\/mexpo.eu\/es\/wp-json\/wp\/v2\/product_brand?post=66354"},{"taxonomy":"product_cat","embeddable":true,"href":"https:\/\/mexpo.eu\/es\/wp-json\/wp\/v2\/product_cat?post=66354"},{"taxonomy":"product_tag","embeddable":true,"href":"https:\/\/mexpo.eu\/es\/wp-json\/wp\/v2\/product_tag?post=66354"}],"curies":[{"name":"wp","href":"https:\/\/api.w.org\/{rel}","templated":true}]}}