{"id":65015,"date":"2025-04-09T13:30:38","date_gmt":"2025-04-09T13:30:38","guid":{"rendered":"https:\/\/mexpo.pl\/?post_type=product&#038;p=65015"},"modified":"2025-04-09T13:31:59","modified_gmt":"2025-04-09T13:31:59","slug":"equipo-de-radioguias-okayo-earme-fit-s-111","status":"publish","type":"product","link":"https:\/\/mexpo.eu\/es\/produkt\/equipo-de-radioguias-okayo-earme-fit-s-111\/","title":{"rendered":"Equipo de Radiogu\u00edas \u2013 Okayo EarME FIT | S (11+1)"},"content":{"rendered":"<p><strong>Contenido del conjunto:<\/strong><br \/>\n\u2013 11 receptores Okayo EarME FIT<br \/>\n\u2013 1 transmisor Okayo EarME FIT<br \/>\n\u2013 1 cargador C111<br \/>\n\u2013 1 micr\u00f3fono HEM-100A<\/p>\n<p data-sourcepos=\"7:1-7:246\"><strong>El Sistema Okayo EarME FIT, combinado con el transmisor de audiogu\u00eda Okayo EarME Player, representa soluciones de vanguardia para gu\u00edas tur\u00edsticos y grupos de turistas, ofreciendo una calidad de sonido superior y una comodidad de uso excepcional.<\/strong><\/p>\n<p data-sourcepos=\"9:1-9:562\"><strong>El Okayo EarME FIT<\/strong>\u00a0es un sistema de gu\u00eda tur\u00edstico que elimina eficazmente los problemas relacionados con la distancia y la comunicaci\u00f3n entre gu\u00edas y turistas. El receptor de auricular combina ligereza, dimensiones compactas y ergonom\u00eda, proporcionando comodidad durante todo el d\u00eda. Cuenta con un gancho de oreja de goma intercambiable para la oreja derecha o izquierda, eliminando los enredos de cables de auriculares y los costos de reemplazo. El sistema incorpora tecnolog\u00eda de reducci\u00f3n de ruido, asegurando un sonido claro incluso en entornos concurridos.<\/p>\n<p data-sourcepos=\"11:1-11:135\"><strong>Tanto los receptores como los transmisores son retrocompatibles y compatibles cruzados con la versi\u00f3n anterior del sistema Okayo EarME.<\/strong><\/p>\n<p data-sourcepos=\"13:1-13:52\"><strong>Caracter\u00edsticas principales del Okayo EarME FIT:<\/strong><\/p>\n<ul data-sourcepos=\"15:1-26:0\">\n<li data-sourcepos=\"15:1-15:103\">Transmisor Okayo EarME Player con funci\u00f3n de audiogu\u00eda para reproducir contenido de audio pregrabado.<\/li>\n<li data-sourcepos=\"16:1-16:80\">Dise\u00f1o ligero (el receptor pesa solo 24 g) para comodidad durante todo el d\u00eda.<\/li>\n<li data-sourcepos=\"17:1-17:67\">Ganchos de oreja ergon\u00f3micos para las orejas izquierda y derecha.<\/li>\n<li data-sourcepos=\"18:1-18:35\">Dise\u00f1o de auriculares sin cables.<\/li>\n<li data-sourcepos=\"19:1-19:35\">Tecnolog\u00eda de reducci\u00f3n de ruido.<\/li>\n<li data-sourcepos=\"20:1-20:31\">Carga r\u00e1pida en solo 2 horas.<\/li>\n<li data-sourcepos=\"21:1-21:51\">Duraci\u00f3n prolongada de la bater\u00eda hasta 18 horas.<\/li>\n<li data-sourcepos=\"22:1-22:32\">Funci\u00f3n de apagado autom\u00e1tico.<\/li>\n<li data-sourcepos=\"23:1-23:25\">Apagado de grupo f\u00e1cil.<\/li>\n<li data-sourcepos=\"24:1-24:60\">Verificaci\u00f3n del estado de la bater\u00eda despu\u00e9s del apagado.<\/li>\n<li data-sourcepos=\"25:1-26:0\">Compatibilidad con la versi\u00f3n anterior del sistema Okayo EarME.<\/li>\n<\/ul>\n","protected":false},"excerpt":{"rendered":"<p>Okayo EarME FIT S es un conjunto completo, listo para usar, que incluye un transmisor con micr\u00f3fono detr\u00e1s de la oreja, 11 receptores y un cargador.<br \/>\nOkayo EarME FIT es una versi\u00f3n mejorada del sistema Okayo EarME. El sistema se caracteriza por un mayor alcance de transmisi\u00f3n y una calidad de sonido mejorada. Una novedad es el transmisor adicional Okayo EarME Player con funci\u00f3n de audiogu\u00eda, que permite grabar y reproducir transmisiones, m\u00fasica y otros sonidos. El receptor tiene la forma de un auricular inal\u00e1mbrico con ganchos ergon\u00f3micos para la oreja. El sistema elimina la necesidad de cables. Okayo EarME FIT es compatible con el sistema Okayo EarME.<\/p>\n","protected":false},"featured_media":65100,"template":"","meta":{"_acf_changed":false},"product_brand":[],"product_cat":[5237],"product_tag":[],"class_list":{"0":"post-65015","1":"product","2":"type-product","3":"status-publish","4":"has-post-thumbnail","6":"product_cat-conjuntos-de-radioguias","8":"first","9":"instock","10":"taxable","11":"shipping-taxable","12":"purchasable","13":"product-type-simple"},"acf":[],"_links":{"self":[{"href":"https:\/\/mexpo.eu\/es\/wp-json\/wp\/v2\/product\/65015","targetHints":{"allow":["GET"]}}],"collection":[{"href":"https:\/\/mexpo.eu\/es\/wp-json\/wp\/v2\/product"}],"about":[{"href":"https:\/\/mexpo.eu\/es\/wp-json\/wp\/v2\/types\/product"}],"wp:featuredmedia":[{"embeddable":true,"href":"https:\/\/mexpo.eu\/es\/wp-json\/wp\/v2\/media\/65100"}],"wp:attachment":[{"href":"https:\/\/mexpo.eu\/es\/wp-json\/wp\/v2\/media?parent=65015"}],"wp:term":[{"taxonomy":"product_brand","embeddable":true,"href":"https:\/\/mexpo.eu\/es\/wp-json\/wp\/v2\/product_brand?post=65015"},{"taxonomy":"product_cat","embeddable":true,"href":"https:\/\/mexpo.eu\/es\/wp-json\/wp\/v2\/product_cat?post=65015"},{"taxonomy":"product_tag","embeddable":true,"href":"https:\/\/mexpo.eu\/es\/wp-json\/wp\/v2\/product_tag?post=65015"}],"curies":[{"name":"wp","href":"https:\/\/api.w.org\/{rel}","templated":true}]}}