{"id":64971,"date":"2025-04-07T07:26:45","date_gmt":"2025-04-07T07:26:45","guid":{"rendered":"https:\/\/mexpo.pl\/?post_type=product&#038;p=64971"},"modified":"2025-04-07T08:18:03","modified_gmt":"2025-04-07T08:18:03","slug":"mguide-aqua-set-de-radio-para-deportes-acuaticos-transmisor-para-entrenadores-y-2-x-receptor-para-alumnos","status":"publish","type":"product","link":"https:\/\/mexpo.eu\/es\/produkt\/mguide-aqua-set-de-radio-para-deportes-acuaticos-transmisor-para-entrenadores-y-2-x-receptor-para-alumnos\/","title":{"rendered":"mGuide AQUA: set de radio para deportes acu\u00e1ticos: transmisor para entrenadores y 2 x receptor para alumnos"},"content":{"rendered":"<p>El transmisor mGuide AQUA T se utiliza para comunicarse con uno o m\u00e1s receptores mGuide AQUA R (que pueden adquirirse por separado o en un conjunto 1+1,1+2).<\/p>\n<p>El sistema mGuide AQUA cuenta con 9 canales, lo que significa que hasta 9 entrenadores pueden impartir clases en una piscina al mismo tiempo, o un entrenador puede dar instrucciones por turnos a 9 deportistas en canales separados. El instructor tambi\u00e9n puede guiar a todo el grupo en un canal. Tanto el transmisor como el receptor son resistentes al agua y, por lo tanto, ideales para entrenar en todos los deportes acu\u00e1ticos, como la nataci\u00f3n, la nataci\u00f3n art\u00edstica, el windsurf, el kitesurf, el aer\u00f3bic acu\u00e1tico.<\/p>\n<p>El funcionamiento del transmisor es muy sencillo: se enciende y apaga con el bot\u00f3n de encendido (en el centro) manteni\u00e9ndolo presionado durante un momento. El canal se cambia con los botones CH+ y CH-, mientras que el volumen (sensibilidad del micr\u00f3fono) se cambia con los botones &#8211; y + a la izquierda y derecha del bot\u00f3n de encendido.<\/p>\n<p>El conjunto con el transmisor incluye un micr\u00f3fono de solapa (opcional, el propio transmisor tambi\u00e9n tiene un micr\u00f3fono incorporado), 2 antenas (1 de repuesto), un cable de carga blanco y un enchufe USB (tiempo de carga aprox. 6 h, tiempo de funcionamiento 10 h), un soporte de mano y una tapa para transmisor con clip para el cintur\u00f3n.<\/p>\n<p>El receptor mGuide AQUA adopta la forma de auriculares deportivos c\u00f3modos y muy ligeros (39 gramos) con una diadema en la parte posterior de la cabeza. Debido a su uso previsto en el agua, es completamente impermeable. El receptor AQUA utiliza inducci\u00f3n \u00f3sea, gracias a la cual escuchamos los sonidos transmitidos, a pesar de que las puntas de los auriculares no est\u00e1n en las orejas, sino fuera de ellas (en el punto de contacto del pabell\u00f3n auricular con la cabeza). Se trata de un m\u00e9todo de transmisi\u00f3n de sonido totalmente seguro, que permite escuchar, por ejemplo, los comentarios de un instructor y, al mismo tiempo, captar los sonidos ambientales. No importa si el receptor est\u00e1 por encima o por debajo del agua: la transmisi\u00f3n es siempre perfecta.<\/p>\n<p>El receptor mGuide AQUA s\u00f3lo tiene 3 botones &#8211; +, POWER y su funcionamiento es muy f\u00e1cil. Para encender o apagar el receptor hay que mantener presionado el bot\u00f3n central durante un tiempo prolongado. El cambio de canal se realiza pulsando brevemente el bot\u00f3n + o &#8211; y el cambio se confirma con un mensaje autom\u00e1tico en ingl\u00e9s.<\/p>\n<p>mGuide AQUA cuenta con 9 canales. Para que la recepci\u00f3n sea posible, el canal del receptor debe ser el mismo que el del transmisor. El volumen se cambia manteniendo pulsado el bot\u00f3n + o &#8211; durante un tiempo prolongado. Para cargar el receptor, utilizamos el cable y el enchufe suministrados. El tiempo de funcionamiento con la bater\u00eda completamente cargada es de min. 4 horas.<\/p>\n<p>La distancia m\u00e1xima entre el transmisor y el receptor es de aproximadamente 100-120 m en l\u00ednea de visi\u00f3n. Esto significa que el mGuide AQUA es adecuado incluso para las piscinas m\u00e1s grandes y para aprender las bases del windsurf o el kitesurf.<\/p>\n","protected":false},"excerpt":{"rendered":"<p>mGuide AQUA es un conjunto que consta de un transmisor para un instructor\/entrenador y 2 auriculares \u2013 receptores para alumnos o competidores. El conjunto puede ampliarse con receptores adicionales.<\/p>\n<p>mGuide AQUA es un conjunto de radio para el entrenamiento de nataci\u00f3n para instructores, entrenadores, competidores o alumnos. Es perfecto para entrenar a los adeptos a los deportes acu\u00e1ticos como la nataci\u00f3n, el windsurf, el kitesurf o la nataci\u00f3n SUP. Gracias al AQUA, el entrenamiento ser\u00e1 m\u00e1s eficaz y m\u00e1s f\u00e1cil, no s\u00f3lo en las escuelas de nataci\u00f3n o cuando se ense\u00f1a a los ni\u00f1os, sino tambi\u00e9n en el entrenamiento de triatletas y atletas acu\u00e1ticos profesionales. El equipo es completamente impermeable.<\/p>\n<p><img loading=\"lazy\" decoding=\"async\" class=\"alignnone wp-image-35123 size-full\" src=\"https:\/\/mguide.eu\/wp-content\/uploads\/2023\/04\/promocjaes.jpg\" alt=\"\" width=\"624\" height=\"118\" \/><\/p>\n","protected":false},"featured_media":64978,"template":"","meta":{"_acf_changed":false},"product_brand":[],"product_cat":[5433],"product_tag":[],"class_list":{"0":"post-64971","1":"product","2":"type-product","3":"status-publish","4":"has-post-thumbnail","6":"product_cat-intercomunicadores-para-deportes-acuaticos","8":"first","9":"instock","10":"sale","11":"taxable","12":"shipping-taxable","13":"purchasable","14":"product-type-simple"},"acf":[],"_links":{"self":[{"href":"https:\/\/mexpo.eu\/es\/wp-json\/wp\/v2\/product\/64971","targetHints":{"allow":["GET"]}}],"collection":[{"href":"https:\/\/mexpo.eu\/es\/wp-json\/wp\/v2\/product"}],"about":[{"href":"https:\/\/mexpo.eu\/es\/wp-json\/wp\/v2\/types\/product"}],"wp:featuredmedia":[{"embeddable":true,"href":"https:\/\/mexpo.eu\/es\/wp-json\/wp\/v2\/media\/64978"}],"wp:attachment":[{"href":"https:\/\/mexpo.eu\/es\/wp-json\/wp\/v2\/media?parent=64971"}],"wp:term":[{"taxonomy":"product_brand","embeddable":true,"href":"https:\/\/mexpo.eu\/es\/wp-json\/wp\/v2\/product_brand?post=64971"},{"taxonomy":"product_cat","embeddable":true,"href":"https:\/\/mexpo.eu\/es\/wp-json\/wp\/v2\/product_cat?post=64971"},{"taxonomy":"product_tag","embeddable":true,"href":"https:\/\/mexpo.eu\/es\/wp-json\/wp\/v2\/product_tag?post=64971"}],"curies":[{"name":"wp","href":"https:\/\/api.w.org\/{rel}","templated":true}]}}