{"id":64840,"date":"2025-04-04T08:26:55","date_gmt":"2025-04-04T08:26:55","guid":{"rendered":"https:\/\/mexpo.pl\/?post_type=product&#038;p=64840"},"modified":"2025-04-04T08:28:57","modified_gmt":"2025-04-04T08:28:57","slug":"auricular-em-212pu","status":"publish","type":"product","link":"https:\/\/mexpo.eu\/es\/produkt\/auricular-em-212pu\/","title":{"rendered":"Auricular EM-212PU"},"content":{"rendered":"<p>Ligeros y extremadamente c\u00f3modos auriculares est\u00e9reo supraaurales Okayo EM-212PU, dise\u00f1ados pensando en las necesidades de turistas y gu\u00edas. Con un peso de tan solo 62.5 g y un dise\u00f1o ergon\u00f3mico con doble diadema ajustable y suaves almohadillas, garantizan comodidad incluso durante horas de uso. El conector est\u00e1ndar de 3.5 mm asegura una compatibilidad sin problemas con sistemas de audiogu\u00eda, as\u00ed como con smartphones y otros dispositivos de audio. El cable de 110 cm de largo proporciona libertad de movimiento, eliminando el riesgo de enredos inc\u00f3modos. Son la soluci\u00f3n ideal para gu\u00edas tur\u00edsticos, museos y organizadores de conferencias que valoran la combinaci\u00f3n de ligereza y comodidad.<\/p>\n","protected":false},"excerpt":{"rendered":"<p>Auriculares est\u00e9reo supraaurales Okayo EM-212PU ultraligeros y c\u00f3modos con almohadillas de cuero sint\u00e9tico.<\/p>\n","protected":false},"featured_media":64867,"template":"","meta":{"_acf_changed":false},"product_brand":[],"product_cat":[5234,5235],"product_tag":[],"class_list":{"0":"post-64840","1":"product","2":"type-product","3":"status-publish","4":"has-post-thumbnail","6":"product_cat-auriculares","7":"product_cat-auriculares-reutilizables-auriculares","9":"first","10":"instock","11":"taxable","12":"shipping-taxable","13":"purchasable","14":"product-type-simple"},"acf":[],"_links":{"self":[{"href":"https:\/\/mexpo.eu\/es\/wp-json\/wp\/v2\/product\/64840","targetHints":{"allow":["GET"]}}],"collection":[{"href":"https:\/\/mexpo.eu\/es\/wp-json\/wp\/v2\/product"}],"about":[{"href":"https:\/\/mexpo.eu\/es\/wp-json\/wp\/v2\/types\/product"}],"wp:featuredmedia":[{"embeddable":true,"href":"https:\/\/mexpo.eu\/es\/wp-json\/wp\/v2\/media\/64867"}],"wp:attachment":[{"href":"https:\/\/mexpo.eu\/es\/wp-json\/wp\/v2\/media?parent=64840"}],"wp:term":[{"taxonomy":"product_brand","embeddable":true,"href":"https:\/\/mexpo.eu\/es\/wp-json\/wp\/v2\/product_brand?post=64840"},{"taxonomy":"product_cat","embeddable":true,"href":"https:\/\/mexpo.eu\/es\/wp-json\/wp\/v2\/product_cat?post=64840"},{"taxonomy":"product_tag","embeddable":true,"href":"https:\/\/mexpo.eu\/es\/wp-json\/wp\/v2\/product_tag?post=64840"}],"curies":[{"name":"wp","href":"https:\/\/api.w.org\/{rel}","templated":true}]}}