{"id":64643,"date":"2025-03-27T08:03:46","date_gmt":"2025-03-27T08:03:46","guid":{"rendered":"https:\/\/mexpo.pl\/produkt\/correa-de-hombro-ap-2\/"},"modified":"2025-04-04T08:49:42","modified_gmt":"2025-04-04T08:49:42","slug":"correa-de-hombro-ap-2","status":"publish","type":"product","link":"https:\/\/mexpo.eu\/es\/produkt\/correa-de-hombro-ap-2\/","title":{"rendered":"Correa de hombro AP-2"},"content":{"rendered":"<p>Una funda para hombro funcional y c\u00f3moda dedicada a los dispositivos Okayo C200 y Okayo WT-350D, que brinda protecci\u00f3n contra la suciedad y la humedad. Hecho de material duradero, equipado con una correa el\u00e1stica que se adapta al hombro, asegurando comodidad de uso incluso durante mucho tiempo. La ventana transparente le permite ver f\u00e1cilmente la pantalla sin tener que sacar el dispositivo de la funda.<\/p>\n","protected":false},"excerpt":{"rendered":"<p>Funda bandolera negra con correa el\u00e1stica dedicada a los dispositivos Okayo C200 y Okayo WT-350D. Protege el dispositivo contra la humedad y el polvo.<\/p>\n","protected":false},"featured_media":64632,"template":"","meta":{"_acf_changed":false},"product_brand":[],"product_cat":[5949,5959,5263],"product_tag":[],"class_list":{"0":"post-64643","1":"product","2":"type-product","3":"status-publish","4":"has-post-thumbnail","6":"product_cat-intercomunicadores-para-actividades-ecuestres-es","7":"product_cat-okayo-c200-es","8":"product_cat-otros-accesorios","10":"first","11":"instock","12":"taxable","13":"shipping-taxable","14":"purchasable","15":"product-type-simple"},"acf":[],"_links":{"self":[{"href":"https:\/\/mexpo.eu\/es\/wp-json\/wp\/v2\/product\/64643","targetHints":{"allow":["GET"]}}],"collection":[{"href":"https:\/\/mexpo.eu\/es\/wp-json\/wp\/v2\/product"}],"about":[{"href":"https:\/\/mexpo.eu\/es\/wp-json\/wp\/v2\/types\/product"}],"wp:featuredmedia":[{"embeddable":true,"href":"https:\/\/mexpo.eu\/es\/wp-json\/wp\/v2\/media\/64632"}],"wp:attachment":[{"href":"https:\/\/mexpo.eu\/es\/wp-json\/wp\/v2\/media?parent=64643"}],"wp:term":[{"taxonomy":"product_brand","embeddable":true,"href":"https:\/\/mexpo.eu\/es\/wp-json\/wp\/v2\/product_brand?post=64643"},{"taxonomy":"product_cat","embeddable":true,"href":"https:\/\/mexpo.eu\/es\/wp-json\/wp\/v2\/product_cat?post=64643"},{"taxonomy":"product_tag","embeddable":true,"href":"https:\/\/mexpo.eu\/es\/wp-json\/wp\/v2\/product_tag?post=64643"}],"curies":[{"name":"wp","href":"https:\/\/api.w.org\/{rel}","templated":true}]}}