{"id":64395,"date":"2025-03-11T11:08:02","date_gmt":"2025-03-11T11:08:02","guid":{"rendered":"https:\/\/mexpo.pl\/?post_type=product&#038;p=64395"},"modified":"2025-03-12T07:45:41","modified_gmt":"2025-03-12T07:45:41","slug":"okayo-earme-fit","status":"publish","type":"product","link":"https:\/\/mexpo.eu\/es\/produkt\/okayo-earme-fit\/","title":{"rendered":"Okayo EarME FIT"},"content":{"rendered":"<p><strong>El Sistema Okayo EarME FIT, combinado con el transmisor de audiogu\u00eda Okayo EarME Player, representa soluciones de vanguardia para gu\u00edas tur\u00edsticos y grupos de turistas, ofreciendo una calidad de sonido superior y una comodidad de uso excepcional.<\/strong><\/p>\n<p><strong>El Okayo EarME FIT<\/strong> es un sistema de gu\u00eda tur\u00edstico que elimina eficazmente los problemas relacionados con la distancia y la comunicaci\u00f3n entre gu\u00edas y turistas. El receptor de auricular combina ligereza, dimensiones compactas y ergonom\u00eda, proporcionando comodidad durante todo el d\u00eda. Cuenta con un gancho de oreja de goma intercambiable para la oreja derecha o izquierda, eliminando los enredos de cables de auriculares y los costos de reemplazo. El sistema incorpora tecnolog\u00eda de reducci\u00f3n de ruido, asegurando un sonido claro incluso en entornos concurridos.<\/p>\n<p><strong>Tanto los receptores como los transmisores son retrocompatibles y compatibles cruzados con la versi\u00f3n anterior del sistema Okayo EarME.<\/strong><\/p>\n<p><strong>Caracter\u00edsticas principales del Okayo EarME FIT:<\/strong><\/p>\n<ul>\n<li>Transmisor Okayo EarME Player con funci\u00f3n de audiogu\u00eda para reproducir contenido de audio pregrabado.<\/li>\n<li>Dise\u00f1o ligero (el receptor pesa solo 24 g) para comodidad durante todo el d\u00eda.<\/li>\n<li>Ganchos de oreja ergon\u00f3micos para las orejas izquierda y derecha.<\/li>\n<li>Dise\u00f1o de auriculares sin cables.<\/li>\n<li>Tecnolog\u00eda de reducci\u00f3n de ruido.<\/li>\n<li>Carga r\u00e1pida en solo 2 horas.<\/li>\n<li>Duraci\u00f3n prolongada de la bater\u00eda hasta 18 horas.<\/li>\n<li>Funci\u00f3n de apagado autom\u00e1tico.<\/li>\n<li>Apagado de grupo f\u00e1cil.<\/li>\n<li>Verificaci\u00f3n del estado de la bater\u00eda despu\u00e9s del apagado.<\/li>\n<li>Compatibilidad con la versi\u00f3n anterior del sistema Okayo EarME.<\/li>\n<\/ul>\n<p><strong>Nota: Podemos producir grabaciones de audio profesionales con un tiempo de respuesta r\u00e1pido y precios competitivos. Simplemente proporcione su guion y su audio terminado ser\u00e1 entregado en pocos d\u00edas.\u00a0<\/strong><\/p>\n<p><strong>Cargadores:<\/strong><\/p>\n<ul>\n<li>Okayo C111 \u2013 Cargador de inserci\u00f3n para 11 receptores Okayo EarME FIT y 1 transmisor.<\/li>\n<li>Okayo C222 \u2013 Cargador de inserci\u00f3n para 22 receptores Okayo EarME FIT y 2 transmisores.<\/li>\n<li>Okayo CHG-111 \u2013 Bolsa de transporte con cargador de inserci\u00f3n para 11 receptores Okayo EarME FIT y 1 transmisor.<\/li>\n<li>Okayo CHG-222 \u2013 Bolsa de transporte con cargador de inserci\u00f3n para 22 receptores Okayo EarME FIT y 2 transmisores.<\/li>\n<\/ul>\n","protected":false},"excerpt":{"rendered":"<p>Okayo EarMe es un sistema tourguide ultraligero para uso profesional en turismo y negocios. EarMe se caracteriza por el receptor m\u00e1s peque\u00f1o integrado en el auricular._x000D_<\/p>\n<div id=\"gtx-trans\" style=\"position: absolute; left: -509px; top: -10px;\">\n<p>_x000D_<\/p>\n<div class=\"gtx-trans-icon\"><\/div>\n<p>_x000D_<\/p>\n<\/div>\n","protected":false},"featured_media":64320,"template":"","meta":{"_acf_changed":false},"product_brand":[],"product_cat":[5229,5982],"product_tag":[],"class_list":{"0":"post-64395","1":"product","2":"type-product","3":"status-publish","4":"has-post-thumbnail","6":"product_cat-modelos","7":"product_cat-sistemas-de-radioguias","9":"first","10":"instock","11":"taxable","12":"shipping-taxable","13":"product-type-grouped"},"acf":[],"_links":{"self":[{"href":"https:\/\/mexpo.eu\/es\/wp-json\/wp\/v2\/product\/64395","targetHints":{"allow":["GET"]}}],"collection":[{"href":"https:\/\/mexpo.eu\/es\/wp-json\/wp\/v2\/product"}],"about":[{"href":"https:\/\/mexpo.eu\/es\/wp-json\/wp\/v2\/types\/product"}],"wp:featuredmedia":[{"embeddable":true,"href":"https:\/\/mexpo.eu\/es\/wp-json\/wp\/v2\/media\/64320"}],"wp:attachment":[{"href":"https:\/\/mexpo.eu\/es\/wp-json\/wp\/v2\/media?parent=64395"}],"wp:term":[{"taxonomy":"product_brand","embeddable":true,"href":"https:\/\/mexpo.eu\/es\/wp-json\/wp\/v2\/product_brand?post=64395"},{"taxonomy":"product_cat","embeddable":true,"href":"https:\/\/mexpo.eu\/es\/wp-json\/wp\/v2\/product_cat?post=64395"},{"taxonomy":"product_tag","embeddable":true,"href":"https:\/\/mexpo.eu\/es\/wp-json\/wp\/v2\/product_tag?post=64395"}],"curies":[{"name":"wp","href":"https:\/\/api.w.org\/{rel}","templated":true}]}}