{"id":64369,"date":"2025-03-11T11:08:00","date_gmt":"2025-03-11T11:08:00","guid":{"rendered":"https:\/\/mexpo.pl\/?post_type=product&#038;p=64369"},"modified":"2025-03-11T12:16:29","modified_gmt":"2025-03-11T12:16:29","slug":"sistema-de-radioguia-transmisor-con-funcion-de-audioguia-okayo-earme-player","status":"publish","type":"product","link":"https:\/\/mexpo.eu\/es\/produkt\/sistema-de-radioguia-transmisor-con-funcion-de-audioguia-okayo-earme-player\/","title":{"rendered":"Sistema de Radiogu\u00eda &#8211; Transmisor con funci\u00f3n de audiogu\u00eda Okayo EarME Player"},"content":{"rendered":"<p>Okayo EarME Player: el esperado transmisor con funci\u00f3n de reproducci\u00f3n de audiogu\u00eda que revoluciona la forma de realizar visitas guiadas y presentaciones. Esta es una soluci\u00f3n ideal para gu\u00edas y pilotos que quieran transmitir informaci\u00f3n de una forma sencilla y efectiva.<\/p>\n<ul>\n<li><strong>Reproducci\u00f3n de grabaciones:<\/strong> Capacidad de grabar y reproducir audiogu\u00edas, m\u00fasica u otras grabaciones. Simplemente grabe fragmentos repetitivos de informaci\u00f3n y reprod\u00fazcalos para el grupo en el momento apropiado, como por ejemplo durante un viaje en autob\u00fas.<\/li>\n<li><strong>Manejo intuitivo:<\/strong> Manejo extremadamente sencillo e intuitivo, que facilita el trabajo del gu\u00eda.<\/li>\n<li><strong>Grabaciones profesionales:<\/strong> Posibilidad de realizar grabaciones profesionales con nuestra ayuda, con ejecuci\u00f3n express y costes imbatibles. Simplemente env\u00edenos su gui\u00f3n de grabaci\u00f3n y le enviaremos su transmisi\u00f3n terminada dentro de unos d\u00edas.<\/li>\n<li><strong>Versatilidad:<\/strong> Posibilidad de preparar grabaciones de viajes espec\u00edficos (lugares, monumentos, datos interesantes) y reproducirlas para los turistas mientras viajan y hacen turismo.<\/li>\n<li><strong>Compatibilidad:<\/strong> Tanto los receptores como los transmisores son compatibles con versiones anteriores y cruzadas del Okayo EarME. Ni el sistema Okayo EarME ni el Okayo EarME FIT requieren auriculares.<\/li>\n<\/ul>\n<p><strong>S\u00f3lo ahora al comprar un set que contenga min. \u00a150 receptores Okayo EarME FIT y podr\u00e1s obtener hasta 60 minutos de grabaciones gratis!<\/strong><\/p>\n","protected":false},"excerpt":{"rendered":"<p>Transmisor con funci\u00f3n de audiogu\u00eda para el sistema de gu\u00eda tur\u00edstica Okayo EarME FIT y Okayo EarME. Combina la funcionalidad de un transmisor tradicional con la capacidad de cargar contenido de audio.<\/p>\n","protected":false},"featured_media":64308,"template":"","meta":{"_acf_changed":false},"product_brand":[],"product_cat":[5228],"product_tag":[],"class_list":{"0":"post-64369","1":"product","2":"type-product","3":"status-publish","4":"has-post-thumbnail","6":"product_cat-transmisores-y-receptores","8":"first","9":"instock","10":"taxable","11":"shipping-taxable","12":"purchasable","13":"product-type-simple"},"acf":[],"_links":{"self":[{"href":"https:\/\/mexpo.eu\/es\/wp-json\/wp\/v2\/product\/64369","targetHints":{"allow":["GET"]}}],"collection":[{"href":"https:\/\/mexpo.eu\/es\/wp-json\/wp\/v2\/product"}],"about":[{"href":"https:\/\/mexpo.eu\/es\/wp-json\/wp\/v2\/types\/product"}],"wp:featuredmedia":[{"embeddable":true,"href":"https:\/\/mexpo.eu\/es\/wp-json\/wp\/v2\/media\/64308"}],"wp:attachment":[{"href":"https:\/\/mexpo.eu\/es\/wp-json\/wp\/v2\/media?parent=64369"}],"wp:term":[{"taxonomy":"product_brand","embeddable":true,"href":"https:\/\/mexpo.eu\/es\/wp-json\/wp\/v2\/product_brand?post=64369"},{"taxonomy":"product_cat","embeddable":true,"href":"https:\/\/mexpo.eu\/es\/wp-json\/wp\/v2\/product_cat?post=64369"},{"taxonomy":"product_tag","embeddable":true,"href":"https:\/\/mexpo.eu\/es\/wp-json\/wp\/v2\/product_tag?post=64369"}],"curies":[{"name":"wp","href":"https:\/\/api.w.org\/{rel}","templated":true}]}}