{"id":64355,"date":"2025-03-11T11:07:59","date_gmt":"2025-03-11T11:07:59","guid":{"rendered":"https:\/\/mexpo.pl\/?post_type=product&#038;p=64355"},"modified":"2025-03-11T12:02:36","modified_gmt":"2025-03-11T12:02:36","slug":"sistema-de-radioguia-transmisor-okayo-earme-fit","status":"publish","type":"product","link":"https:\/\/mexpo.eu\/es\/produkt\/sistema-de-radioguia-transmisor-okayo-earme-fit\/","title":{"rendered":"Sistema de Radiogu\u00eda &#8211; Transmisor Okayo EarME FIT"},"content":{"rendered":"<p>El transmisor del sistema Okayo EarME FIT est\u00e1 dise\u00f1ado para proporcionar una comunicaci\u00f3n n\u00edtida y efectiva durante giras, presentaciones y otros eventos que requieren una transferencia eficiente de informaci\u00f3n.<\/p>\n<ul>\n<li><strong>Gesti\u00f3n eficiente de grupos:<\/strong> El transmisor permite agrupar r\u00e1pidamente e intuitivamente los receptores, a\u00f1adir participantes y cambiar canales de forma remota, mientras que las funciones de guardar configuraciones, apagado autom\u00e1tico y apagado f\u00e1cil del grupo mejoran significativamente la gesti\u00f3n del sistema.<\/li>\n<li><strong>Funcionalidad:<\/strong> La entrada auxiliar del transmisor le permite conectar fuentes de audio externas como reproductores de MP3, tel\u00e9fonos inteligentes u otros dispositivos de audio. Esta funci\u00f3n ampl\u00eda significativamente las posibilidades de aplicaci\u00f3n del transmisor, permitiendo la integraci\u00f3n con una variedad de fuentes de sonido y adaptando el sistema a las necesidades individuales del usuario.<\/li>\n<li><strong>Operaci\u00f3n intuitiva:<\/strong> El dise\u00f1o ergon\u00f3mico y dos botones claramente marcados garantizan una operaci\u00f3n simple e intuitiva.<br \/>\nFuente de alimentaci\u00f3n y carga: La bater\u00eda de litio incorporada garantiza el funcionamiento a largo plazo del transmisor. Hay cargadores disponibles con 12 y 24 ranuras, lo que permite una carga r\u00e1pida y eficiente de varios dispositivos simult\u00e1neamente.<\/li>\n<li><strong>Movilidad y conveniencia:<\/strong> las bolsas de transporte compatibles facilitan el transporte de su equipo de forma segura y c\u00f3moda.<\/li>\n<li><strong>Caracter\u00edsticas adicionales:<\/strong> La funci\u00f3n de silencio permite pausas discretas en la transmisi\u00f3n. El sistema recuerda las configuraciones preferidas y ofrece una funci\u00f3n de apagado autom\u00e1tico, lo que aumenta la comodidad del usuario.<\/li>\n<\/ul>\n<p>Okayo EarME Fit es la soluci\u00f3n perfecta para gu\u00edas tur\u00edsticos, museos, f\u00e1bricas, centros de conferencias y cualquier otro lugar donde la comunicaci\u00f3n clara y confiable sea clave. Gracias a su versatilidad, funcionalidad y manejo intuitivo, el transmisor Okayo EarME FIT garantiza una comunicaci\u00f3n profesional y eficaz en cualquier situaci\u00f3n.<\/p>\n<p><strong>Cargadores:<\/strong><\/p>\n<ul>\n<li><strong>Okayo C111<\/strong> &#8211; Cargador de instalaci\u00f3n directa para 11 receptores Okayo EarME FIT y 1 transmisor<\/li>\n<li><strong>Okayo C222<\/strong> &#8211; Cargador de instalaci\u00f3n directa para 22 receptores y 2 transmisores Okayo EarME FIT<\/li>\n<li><strong>Okayo CHG-111<\/strong> &#8211; Estuche de carga para 11 receptores Okayo EarME FIT y 1 transmisor<\/li>\n<li><strong>Okayo CHG-222<\/strong> &#8211; Estuche de carga para 22 receptores y 2 transmisores Okayo EarME FIT<\/li>\n<\/ul>\n","protected":false},"excerpt":{"rendered":"<p>El transmisor del sistema de gu\u00eda tur\u00edstico Okayo EarME FIT, ideal para la comunicaci\u00f3n profesional, entre otros. Durante viajes tur\u00edsticos. Gracias a su manejo intuitivo, a la gesti\u00f3n eficaz de grupos y a la posibilidad de conectar fuentes de sonido externas, garantiza una transmisi\u00f3n clara y fiable en cualquier situaci\u00f3n.<\/p>\n","protected":false},"featured_media":64296,"template":"","meta":{"_acf_changed":false},"product_brand":[],"product_cat":[5228],"product_tag":[],"class_list":{"0":"post-64355","1":"product","2":"type-product","3":"status-publish","4":"has-post-thumbnail","6":"product_cat-transmisores-y-receptores","8":"first","9":"instock","10":"taxable","11":"shipping-taxable","12":"purchasable","13":"product-type-simple"},"acf":[],"_links":{"self":[{"href":"https:\/\/mexpo.eu\/es\/wp-json\/wp\/v2\/product\/64355","targetHints":{"allow":["GET"]}}],"collection":[{"href":"https:\/\/mexpo.eu\/es\/wp-json\/wp\/v2\/product"}],"about":[{"href":"https:\/\/mexpo.eu\/es\/wp-json\/wp\/v2\/types\/product"}],"wp:featuredmedia":[{"embeddable":true,"href":"https:\/\/mexpo.eu\/es\/wp-json\/wp\/v2\/media\/64296"}],"wp:attachment":[{"href":"https:\/\/mexpo.eu\/es\/wp-json\/wp\/v2\/media?parent=64355"}],"wp:term":[{"taxonomy":"product_brand","embeddable":true,"href":"https:\/\/mexpo.eu\/es\/wp-json\/wp\/v2\/product_brand?post=64355"},{"taxonomy":"product_cat","embeddable":true,"href":"https:\/\/mexpo.eu\/es\/wp-json\/wp\/v2\/product_cat?post=64355"},{"taxonomy":"product_tag","embeddable":true,"href":"https:\/\/mexpo.eu\/es\/wp-json\/wp\/v2\/product_tag?post=64355"}],"curies":[{"name":"wp","href":"https:\/\/api.w.org\/{rel}","templated":true}]}}